{"id":8275,"date":"2022-07-11T12:40:39","date_gmt":"2022-07-11T12:40:39","guid":{"rendered":"https:\/\/backlitstone.es\/politique-de-cookies\/"},"modified":"2022-10-04T11:33:27","modified_gmt":"2022-10-04T11:33:27","slug":"politique-de-cookies","status":"publish","type":"page","link":"https:\/\/backlitstone.es\/fr\/politique-de-cookies\/","title":{"rendered":"Politique de cookies"},"content":{"rendered":"<div class=\"fusion-fullwidth fullwidth-box fusion-builder-row-1 fusion-flex-container hundred-percent-fullwidth non-hundred-percent-height-scrolling\" style=\"background-color: var(--awb-color1);background-position: center top;background-repeat: no-repeat;border-width: 0px 0px 0px 0px;border-color:var(--awb-color3);border-style:solid;\" ><div class=\"fusion-builder-row fusion-row fusion-flex-align-items-flex-end\" style=\"width:104% !important;max-width:104% !important;margin-left: calc(-4% \/ 2 );margin-right: calc(-4% \/ 2 );\"><div class=\"fusion-layout-column fusion_builder_column fusion-builder-column-0 fusion_builder_column_1_1 1_1 fusion-flex-column fusion-animated\" data-animationType=\"fadeIn\" data-animationDuration=\"0.8\" data-animationOffset=\"top-into-view\"><div class=\"fusion-column-wrapper fusion-flex-justify-content-flex-start fusion-content-layout-column\" style=\"background-position:left top;background-repeat:no-repeat;-webkit-background-size:cover;-moz-background-size:cover;-o-background-size:cover;background-size:cover;padding: 0px 0px 0px 0px;\"><style type=\"text\/css\">@media only screen and (max-width:1250px) {.fusion-title.fusion-title-1{margin-top:10px!important; margin-right:0px!important;margin-bottom:15px!important;margin-left:0px!important;}}@media only screen and (max-width:800px) {.fusion-title.fusion-title-1{margin-top:10px!important; margin-right:0px!important;margin-bottom:10px!important; margin-left:0px!important;}}<\/style><div class=\"fusion-title title fusion-title-1 fusion-sep-none fusion-title-center fusion-title-text fusion-title-size-one\" style=\"font-size:20px;margin-top:10px;margin-right:0px;margin-bottom:15px;margin-left:0px;\"><h1 class=\"title-heading-center\" style=\"font-family:&quot;Raleway&quot;;font-weight:700;margin:0;font-size:1em;text-transform:uppercase;color:#000000;\"><strong>POLITIQUE DE COOKIES<\/strong><\/h1><\/div><style type=\"text\/css\">@media only screen and (max-width:1250px) {.fusion-title.fusion-title-2{margin-top:10px!important; margin-right:0px!important;margin-bottom:15px!important;margin-left:0px!important;}}@media only screen and (max-width:800px) {.fusion-title.fusion-title-2{margin-top:10px!important; margin-right:0px!important;margin-bottom:10px!important; margin-left:0px!important;}}<\/style><div class=\"fusion-title title fusion-title-2 fusion-sep-none fusion-title-text fusion-title-size-one\" style=\"font-size:18px;margin-top:10px;margin-right:0px;margin-bottom:15px;margin-left:0px;\"><h1 class=\"title-heading-left\" style=\"font-family:&quot;Raleway&quot;;font-weight:600;margin:0;font-size:1em;text-transform:capitalize;color:#000000;\"><strong>INFORMATION DE L&rsquo;UTILISATEUR<\/strong><\/h1><\/div><div class=\"fusion-text fusion-text-1 fusion-text-no-margin\" style=\"text-align:left;font-size:16px;line-height:1.7;letter-spacing:0px;text-transform:var(--awb-typography4-text-transform);color:#303030;font-family:&quot;Raleway&quot;;font-weight:300;\"><p>Chez BacklitStone, nous utilisons des cookies afin de fournir un meilleur service et de vous offrir une meilleure exp\u00e9rience de navigation. Nous souhaitons vous informer de mani\u00e8re claire et pr\u00e9cise sur les cookies que nous utilisons, en d\u00e9taillant ci-dessous ce qu&rsquo;est un cookie, \u00e0 quoi il sert, quels types de cookies nous utilisons, quelle est leur finalit\u00e9 et comment vous pouvez les configurer ou les d\u00e9sactiver, si vous le souhaitez.<\/p>\n<\/div><style type=\"text\/css\">@media only screen and (max-width:1250px) {.fusion-title.fusion-title-3{margin-top:10px!important; margin-right:0px!important;margin-bottom:15px!important;margin-left:0px!important;}}@media only screen and (max-width:800px) {.fusion-title.fusion-title-3{margin-top:10px!important; margin-right:0px!important;margin-bottom:10px!important; margin-left:0px!important;}}<\/style><div class=\"fusion-title title fusion-title-3 fusion-sep-none fusion-title-text fusion-title-size-one\" style=\"font-size:18px;margin-top:10px;margin-right:0px;margin-bottom:15px;margin-left:0px;\"><h1 class=\"title-heading-left\" style=\"font-family:&quot;Raleway&quot;;font-weight:600;margin:0;font-size:1em;text-transform:capitalize;color:#000000;\"><strong>QUE SONT LES COOKIES?<\/strong><\/h1><\/div><div class=\"fusion-text fusion-text-2 fusion-text-no-margin\" style=\"text-align:left;font-size:16px;line-height:1.7;letter-spacing:0px;text-transform:var(--awb-typography4-text-transform);color:#303030;font-family:&quot;Raleway&quot;;font-weight:300;\"><p>Un cookie est un fichier qui est t\u00e9l\u00e9charg\u00e9 sur votre ordinateur lorsque vous acc\u00e9dez \u00e0 certains sites web. Les cookies permettent \u00e0 un site web, entre autres, de stocker et de r\u00e9cup\u00e9rer des informations sur les habitudes de navigation d&rsquo;un utilisateur ou de son ordinateur et, selon les informations qu&rsquo;ils contiennent et la fa\u00e7on dont vous utilisez votre ordinateur, ils peuvent \u00eatre utilis\u00e9s pour reconna\u00eetre l&rsquo;utilisateur.<\/p>\n<p>QUELS TYPES DE COOKIES CE SITE WEB UTILISE-T-IL?<\/p>\n<\/div><style type=\"text\/css\">@media only screen and (max-width:1250px) {.fusion-title.fusion-title-4{margin-top:10px!important; margin-right:0px!important;margin-bottom:15px!important;margin-left:0px!important;}}@media only screen and (max-width:800px) {.fusion-title.fusion-title-4{margin-top:10px!important; margin-right:0px!important;margin-bottom:10px!important; margin-left:0px!important;}}<\/style><div class=\"fusion-title title fusion-title-4 fusion-sep-none fusion-title-text fusion-title-size-one\" style=\"font-size:18px;margin-top:10px;margin-right:0px;margin-bottom:15px;margin-left:0px;\"><h1 class=\"title-heading-left\" style=\"font-family:&quot;Raleway&quot;;font-weight:600;margin:0;font-size:1em;text-transform:capitalize;color:#000000;\"><strong>1. Selon l&rsquo;identit\u00e9 qui le g\u00e8re<\/strong><\/h1><\/div><div class=\"fusion-text fusion-text-3 fusion-text-no-margin\" style=\"text-align:left;font-size:16px;line-height:1.7;letter-spacing:0px;text-transform:var(--awb-typography4-text-transform);color:#303030;font-family:&quot;Raleway&quot;;font-weight:300;\"><ul>\n<li>Cookies propres : ce sont ceux qui sont envoy\u00e9s \u00e0 l&rsquo;\u00e9quipement terminal de l&rsquo;utilisateur depuis un ordinateur ou un domaine g\u00e9r\u00e9 par l&rsquo;\u00e9diteur lui-m\u00eame et \u00e0 partir duquel le service demand\u00e9 par l&rsquo;utilisateur est fourni.<\/li>\n<li>Cookies de tiers : ce sont ceux qui sont envoy\u00e9s \u00e0 l&rsquo;\u00e9quipement terminal de l&rsquo;utilisateur depuis un ordinateur ou un domaine qui n&rsquo;est pas g\u00e9r\u00e9 par l&rsquo;\u00e9diteur, mais par une autre entit\u00e9 qui traite les donn\u00e9es obtenues \u00e0 travers les cookies.<\/li>\n<\/ul>\n<\/div><style type=\"text\/css\">@media only screen and (max-width:1250px) {.fusion-title.fusion-title-5{margin-top:10px!important; margin-right:0px!important;margin-bottom:15px!important;margin-left:0px!important;}}@media only screen and (max-width:800px) {.fusion-title.fusion-title-5{margin-top:10px!important; margin-right:0px!important;margin-bottom:10px!important; margin-left:0px!important;}}<\/style><div class=\"fusion-title title fusion-title-5 fusion-sep-none fusion-title-text fusion-title-size-one\" style=\"font-size:18px;margin-top:10px;margin-right:0px;margin-bottom:15px;margin-left:0px;\"><h1 class=\"title-heading-left\" style=\"font-family:&quot;Raleway&quot;;font-weight:600;margin:0;font-size:1em;text-transform:capitalize;color:#000000;\"><strong>2. En fonction de la dur\u00e9e de leur activit\u00e9<\/strong><\/h1><\/div><div class=\"fusion-text fusion-text-4 fusion-text-no-margin\" style=\"text-align:left;font-size:16px;line-height:1.7;letter-spacing:0px;text-transform:var(--awb-typography4-text-transform);color:#303030;font-family:&quot;Raleway&quot;;font-weight:300;\"><ul>\n<li>Cookies de session: il s&rsquo;agit d&rsquo;un type de cookie con\u00e7u pour collecter et stocker des donn\u00e9es pendant que l&rsquo;utilisateur acc\u00e8de \u00e0 une page web.<\/li>\n<li>Cookies persistants: Il s&rsquo;agit d&rsquo;un type de cookie dans lequel les donn\u00e9es restent stock\u00e9es dans le terminal et peuvent \u00eatre consult\u00e9es et trait\u00e9es pendant une p\u00e9riode d\u00e9finie par la partie responsable du cookie, qui peut aller de quelques minutes \u00e0 plusieurs ann\u00e9es.<\/li>\n<\/ul>\n<\/div><style type=\"text\/css\">@media only screen and (max-width:1250px) {.fusion-title.fusion-title-6{margin-top:10px!important; margin-right:0px!important;margin-bottom:15px!important;margin-left:0px!important;}}@media only screen and (max-width:800px) {.fusion-title.fusion-title-6{margin-top:10px!important; margin-right:0px!important;margin-bottom:10px!important; margin-left:0px!important;}}<\/style><div class=\"fusion-title title fusion-title-6 fusion-sep-none fusion-title-text fusion-title-size-one\" style=\"font-size:18px;margin-top:10px;margin-right:0px;margin-bottom:15px;margin-left:0px;\"><h1 class=\"title-heading-left\" style=\"font-family:&quot;Raleway&quot;;font-weight:600;margin:0;font-size:1em;text-transform:capitalize;color:#000000;\"><strong>3. En fonction de leur objectif<\/strong><\/h1><\/div><div class=\"fusion-text fusion-text-5 fusion-text-no-margin\" style=\"text-align:left;font-size:16px;line-height:1.7;letter-spacing:0px;text-transform:var(--awb-typography4-text-transform);color:#303030;font-family:&quot;Raleway&quot;;font-weight:300;\"><ul>\n<li>Cookies d&rsquo;analyse: Ces cookies, trait\u00e9s par nous ou par des tiers, nous permettent de quantifier le nombre d&rsquo;utilisateurs et d&rsquo;effectuer ainsi la mesure et l&rsquo;analyse statistique de l&rsquo;utilisation faite par les utilisateurs du service propos\u00e9.<\/li>\n<li>\u00c0 cette fin, votre navigation sur notre site web est analys\u00e9e afin d&rsquo;am\u00e9liorer la gamme de produits ou de services que nous vous proposons.<\/li>\n<li>Cookies publicitaires: Ce sont ceux qui permettent de g\u00e9rer, de la mani\u00e8re la plus efficace possible, les espaces publicitaires que, le cas \u00e9ch\u00e9ant, l&rsquo;\u00e9diteur a inclus sur un site web, une application ou une plateforme \u00e0 partir de laquelle le service demand\u00e9 est fourni, en fonction de crit\u00e8res tels que le contenu \u00e9dit\u00e9 ou la fr\u00e9quence \u00e0 laquelle les publicit\u00e9s sont affich\u00e9es.<\/li>\n<li>Cookies de publicit\u00e9 comportementale: Ces cookies permettent de g\u00e9rer, de la mani\u00e8re la plus efficace possible, les espaces publicitaires que, le cas \u00e9ch\u00e9ant, l&rsquo;\u00e9diteur a inclus sur un site web, une application ou une plateforme \u00e0 partir desquels le service demand\u00e9 est fourni. Ces cookies stockent des informations sur le comportement des utilisateurs obtenues par l&rsquo;observation continue de leurs habitudes de navigation, ce qui permet de d\u00e9velopper un profil sp\u00e9cifique afin d&rsquo;afficher des publicit\u00e9s bas\u00e9es sur ce dernier.<\/li>\n<li>De m\u00eame, il est possible que, lorsque vous visitez un site web ou que vous ouvrez un courrier \u00e9lectronique o\u00f9 est publi\u00e9e une publicit\u00e9 ou une promotion concernant nos produits ou services, un cookie soit install\u00e9 dans votre navigateur et que nous l&rsquo;utilisions pour vous montrer ult\u00e9rieurement des publicit\u00e9s li\u00e9es \u00e0 la recherche que vous avez effectu\u00e9e, pour surveiller nos publicit\u00e9s en ce qui concerne, par exemple, le nombre de fois qu&rsquo;elles sont vues, o\u00f9 elles apparaissent, \u00e0 quelle heure elles sont vues, etc.<\/li>\n<\/ul>\n<\/div><style type=\"text\/css\">@media only screen and (max-width:1250px) {.fusion-title.fusion-title-7{margin-top:10px!important; margin-right:0px!important;margin-bottom:15px!important;margin-left:0px!important;}}@media only screen and (max-width:800px) {.fusion-title.fusion-title-7{margin-top:10px!important; margin-right:0px!important;margin-bottom:10px!important; margin-left:0px!important;}}<\/style><div class=\"fusion-title title fusion-title-7 fusion-sep-none fusion-title-text fusion-title-size-one\" style=\"font-size:18px;margin-top:10px;margin-right:0px;margin-bottom:15px;margin-left:0px;\"><h1 class=\"title-heading-left\" style=\"font-family:&quot;Raleway&quot;;font-weight:600;margin:0;font-size:1em;text-transform:capitalize;color:#000000;\"><strong>R\u00c9VOCATION ET SUPPRESSION DES COOKIES<\/strong><\/h1><\/div><div class=\"fusion-text fusion-text-6 fusion-text-no-margin\" style=\"text-align:left;font-size:16px;line-height:1.7;letter-spacing:0px;text-transform:var(--awb-typography4-text-transform);color:#303030;font-family:&quot;Raleway&quot;;font-weight:300;\"><p>Vous pouvez autoriser, bloquer ou supprimer les cookies install\u00e9s sur votre ordinateur en configurant les options du navigateur install\u00e9 sur votre ordinateur. Si vous n&rsquo;autorisez pas l&rsquo;installation de cookies sur votre navigateur, il se peut que vous ne puissiez pas acc\u00e9der \u00e0 certaines sections de notre site web.<\/p>\n<p>Dans les liens suivants, vous avez \u00e0 votre disposition toutes les informations pour configurer ou d\u00e9sactiver vos cookies dans chaque navigateur:<\/p>\n<ul>\n<li><a href=\"http:\/\/support.google.com\/chrome\/answer\/95647?hl=es\">Google Chrome<\/a><\/li>\n<li><a href=\"http:\/\/support.mozilla.org\/es\/kb\/habilitar-y-deshabilitar-cookies-que-los-sitios-we\">Mozilla Firefox<\/a><\/li>\n<li><a href=\"http:\/\/windows.microsoft.com\/es-es\/windows-vista\/block-or-allow-cookies\">Internet Explorer<\/a><\/li>\n<li><a href=\"http:\/\/support.apple.com\/kb\/ht1677?viewlocale=es_es\">Safari pour IOS (iPhone y iPad)<\/a><\/li>\n<li><a href=\"http:\/\/support.google.com\/chrome\/answer\/2392971?hl=es\">Chrome pour Android<\/a><\/li>\n<\/ul>\n<\/div><style type=\"text\/css\">@media only screen and (max-width:1250px) {.fusion-title.fusion-title-8{margin-top:10px!important; margin-right:0px!important;margin-bottom:15px!important;margin-left:0px!important;}}@media only screen and (max-width:800px) {.fusion-title.fusion-title-8{margin-top:10px!important; margin-right:0px!important;margin-bottom:10px!important; margin-left:0px!important;}}<\/style><div class=\"fusion-title title fusion-title-8 fusion-sep-none fusion-title-text fusion-title-size-one\" style=\"font-size:18px;margin-top:10px;margin-right:0px;margin-bottom:15px;margin-left:0px;\"><h1 class=\"title-heading-left\" style=\"font-family:&quot;Raleway&quot;;font-weight:600;margin:0;font-size:1em;text-transform:capitalize;color:#000000;\"><strong>R\u00c9VOCATION ET SUPPRESSION DES COOKIES<\/strong><\/h1><\/div><div class=\"fusion-text fusion-text-7 fusion-text-no-margin\" style=\"text-align:left;font-size:16px;line-height:1.7;letter-spacing:0px;text-transform:var(--awb-typography4-text-transform);color:#303030;font-family:&quot;Raleway&quot;;font-weight:300;\"><p>Plus pr\u00e9cis\u00e9ment, les prestataires de services tiers avec lesquels nous avons contract\u00e9 un service pour lequel l&rsquo;utilisation de cookies est n\u00e9cessaire sont:<\/p>\n<table>\n<tbody>\n<tr>\n<td colspan=\"4\">LISTE DES PRESTATAIRES DE SERVICES DE COOKIES TIERS DANS LE DOMAINE<\/td>\n<\/tr>\n<tr>\n<td>NOM DU FOURNISSEUR<\/td>\n<td>OBJECTIF DU COOKIE<\/td>\n<td>DESCRIPTION DE L&rsquo;OBJECTIF DU COOKIE<\/td>\n<td>SI VOUS SOUHAITEZ OBTENIR PLUS D&rsquo;INFORMATIONS SUR L&rsquo;UTILISATION DES COOKIES PAR CE TIERS<\/td>\n<\/tr>\n<tr>\n<td>Google<\/td>\n<td>Publicit\u00e9<\/td>\n<td>Doubleclick est utilis\u00e9 pour g\u00e9rer les cookies de tiers. Ces cookies sont utilis\u00e9s pour fournir aux utilisateurs des produits pertinents qui peuvent les int\u00e9resser. Les annonces vues par les utilisateurs du site sont diffus\u00e9es par une petite s\u00e9lection de fournisseurs, dont Invitemedia, Adviva.net, MSN, Google Display et Unanimis.<\/td>\n<td><a href=\"http:\/\/www.google.com\/doubleclick\/\">Cliquez ici<\/a><\/td>\n<\/tr>\n<tr>\n<td>Google<\/td>\n<td>Analyses<\/td>\n<td>Les cookies de Google Analytics. Ils g\u00e9n\u00e8rent un identifiant d&rsquo;utilisateur anonyme, qui est utilis\u00e9 pour compter le nombre de fois qu&rsquo;un utilisateur visite le site. Il enregistre \u00e9galement la premi\u00e8re et la derni\u00e8re fois que l&rsquo;utilisateur a visit\u00e9 le site web. Il calcule \u00e9galement le moment o\u00f9 une session s&rsquo;est termin\u00e9e, l&rsquo;origine de l&rsquo;utilisateur et les mots-cl\u00e9s.<\/td>\n<td><a href=\"https:\/\/developers.google.com\/analytics\/devguides\/collection\/analyticsjs\/cookie-usage\">Cliquez ici<\/a><\/td>\n<\/tr>\n<tr>\n<td>Google Adwords<\/td>\n<td>Publicit\u00e9<\/td>\n<td>Nous utilisons les cookies Google AdWords pour proposer aux utilisateurs des produits pertinents susceptibles de les int\u00e9resser \u00e0 la suite d&rsquo;une pr\u00e9c\u00e9dente visite sur le site.<\/td>\n<td><a href=\"https:\/\/www.google.com\/settings\/u\/0\/ads?hl=es&amp;sig=ACi0TCgsmXPjsGuTH_3QASFtb9YI2f1cjBGPyT9Jfj9r5p0GYIWwQmLZO046YIv2UsoBHdW3HJiIHmYbcLHFnCiJCW8zKYn5NLaAAZYLXtrKj7rOycDRpjsPJ6DQcFH9bHPNjUSj8fl6xgpAiCFQghdeYXdO4LTYmDVPvavau4a3Ir9DI-2TVppUcr20CzrgA3DnCX-E-PdP\">Cliquez ici<\/a><\/td>\n<\/tr>\n<tr>\n<td>Facebook<\/td>\n<td>Publicit\u00e9<\/td>\n<td>Nous utilisons les cookies Facebook Ads pour suivre l&rsquo;activit\u00e9 publicitaire sur le r\u00e9seau Facebook et pouvoir proposer des publicit\u00e9s adapt\u00e9es \u00e0 l&rsquo;utilisateur.<\/td>\n<td><a href=\"https:\/\/www.facebook.com\/about\/privacy\/cookies\">Cliquez ici<\/a><\/td>\n<\/tr>\n<tr>\n<td>Facebook<\/td>\n<td>Analyses<\/td>\n<td>Cookies Facebook. Ils g\u00e9n\u00e8rent un identifiant d&rsquo;utilisateur anonyme, qui est utilis\u00e9 pour compter le nombre de fois qu&rsquo;un utilisateur visite le site.<\/td>\n<td><a href=\"https:\/\/www.facebook.com\/about\/privacy\/cookies\">Cliquez ici<\/a><\/td>\n<\/tr>\n<\/tbody>\n<\/table>\n<div>\n<div dir=\"ltr\">\n<table style=\"height: 40px;\" width=\"1111\">\n<tbody>\n<tr>\n<td>Google Tag Manager (Google, Inc.)<\/td>\n<td>Collecte des informations relatives aux pages et sections visit\u00e9es sur DEPORR \u00e0 des fins publicitaires.<\/td>\n<\/tr>\n<\/tbody>\n<\/table>\n<\/div>\n<\/div>\n<p>REMARQUE: Cette liste sera mise \u00e0 jour aussi rapidement que possible au fur et \u00e0 mesure que les services offerts sur le site web changeront. Toutefois, il se peut qu&rsquo;\u00e0 l&rsquo;occasion de cette mise \u00e0 jour, la liste ne comprenne plus un cookie, mais elle fera toujours r\u00e9f\u00e9rence \u00e0 des cookies ayant des finalit\u00e9s identiques \u00e0 celles enregistr\u00e9es dans cette liste.<\/p>\n<\/div><style type=\"text\/css\">@media only screen and (max-width:1250px) {.fusion-title.fusion-title-9{margin-top:10px!important; margin-right:0px!important;margin-bottom:15px!important;margin-left:0px!important;}}@media only screen and (max-width:800px) {.fusion-title.fusion-title-9{margin-top:10px!important; margin-right:0px!important;margin-bottom:10px!important; margin-left:0px!important;}}<\/style><div class=\"fusion-title title fusion-title-9 fusion-sep-none fusion-title-text fusion-title-size-one\" style=\"font-size:18px;margin-top:10px;margin-right:0px;margin-bottom:15px;margin-left:0px;\"><h1 class=\"title-heading-left\" style=\"font-family:&quot;Raleway&quot;;font-weight:600;margin:0;font-size:1em;text-transform:capitalize;color:#000000;\"><strong>CONSENTEMENT<\/strong><\/h1><\/div><div class=\"fusion-text fusion-text-8 fusion-text-no-margin\" style=\"text-align:left;font-size:16px;line-height:1.7;letter-spacing:0px;text-transform:var(--awb-typography4-text-transform);color:#303030;font-family:&quot;Raleway&quot;;font-weight:300;\"><p>Chez BacklitStone, nous ne stockons jamais les donn\u00e9es personnelles de nos utilisateurs, \u00e0 l&rsquo;exception de l&rsquo;adresse IP telle que d\u00e9crite ci-dessus, \u00e0 moins que vous ne souhaitiez vous inscrire volontairement afin d&rsquo;effectuer des achats de produits et de services que nous mettons \u00e0 votre disposition ou de recevoir des informations sur les promotions et les contenus qui vous int\u00e9ressent.<\/p>\n<p>En naviguant et en poursuivant sur notre site web, vous indiquez que vous consentez \u00e0 l&rsquo;utilisation des cookies susmentionn\u00e9s, et dans les conditions contenues dans la pr\u00e9sente politique de cookies.<\/p>\n<p>Si vous souhaitez obtenir plus d&rsquo;informations sur l&rsquo;utilisation des cookies, veuillez nous contacter via notre formulaire de contact.<\/p>\n<\/div><\/div><style type=\"text\/css\">.fusion-body .fusion-builder-column-0{width:100% !important;margin-top : 0px;margin-bottom : 20px;}.fusion-builder-column-0 > .fusion-column-wrapper {padding-top : 0px !important;padding-right : 0px !important;margin-right : 2.88%;padding-bottom : 0px !important;padding-left : 0px !important;margin-left : 1.92%;}@media only screen and (max-width:1250px) {.fusion-body .fusion-builder-column-0{width:50% !important;order : 0;}.fusion-builder-column-0 > .fusion-column-wrapper {margin-right : 5.76%;margin-left : 3.84%;}}@media only screen and (max-width:800px) {.fusion-body .fusion-builder-column-0{width:100% !important;order : 0;margin-bottom : 30px;}.fusion-builder-column-0 > .fusion-column-wrapper {margin-right : 1.92%;margin-left : 3.84%;}}<\/style><\/div><\/div><style type=\"text\/css\">.fusion-fullwidth.fusion-builder-row-1 a:not(.awb-custom-text-color):not(.fusion-button):not(.fusion-builder-module-control):not(.fusion-social-network-icon):not(.fb-icon-element):not(.fusion-countdown-link):not(.fusion-rollover-link):not(.fusion-rollover-gallery):not(.fusion-button-bar):not(.add_to_cart_button):not(.show_details_button):not(.product_type_external):not(.fusion-view-cart):not(.fusion-quick-view):not(.fusion-rollover-title-link):not(.fusion-breadcrumb-link) , .fusion-fullwidth.fusion-builder-row-1 a:not(.awb-custom-text-color):not(.fusion-button):not(.fusion-builder-module-control):not(.fusion-social-network-icon):not(.fb-icon-element):not(.fusion-countdown-link):not(.fusion-rollover-link):not(.fusion-rollover-gallery):not(.fusion-button-bar):not(.add_to_cart_button):not(.show_details_button):not(.product_type_external):not(.fusion-view-cart):not(.fusion-quick-view):not(.fusion-rollover-title-link):not(.fusion-breadcrumb-link):before, .fusion-fullwidth.fusion-builder-row-1 a:not(.awb-custom-text-color):not(.fusion-button):not(.fusion-builder-module-control):not(.fusion-social-network-icon):not(.fb-icon-element):not(.fusion-countdown-link):not(.fusion-rollover-link):not(.fusion-rollover-gallery):not(.fusion-button-bar):not(.add_to_cart_button):not(.show_details_button):not(.product_type_external):not(.fusion-view-cart):not(.fusion-quick-view):not(.fusion-rollover-title-link):not(.fusion-breadcrumb-link):after {color: #ffffff;}.fusion-body .fusion-flex-container.fusion-builder-row-1{ padding-top : 90px;margin-top : 0px;padding-right : 6vw;padding-bottom : 90px;margin-bottom : 0px;padding-left : 6vw;}@media only screen and (max-width:1250px) {.fusion-body .fusion-flex-container.fusion-builder-row-1{ padding-top : 60px;padding-bottom : 60px;}}@media only screen and (max-width:800px) {.fusion-body .fusion-flex-container.fusion-builder-row-1{ padding-top : 30px;padding-right : 30px;padding-bottom : 30px;padding-left : 30px;}}<\/style><\/div>\n","protected":false},"excerpt":{"rendered":"","protected":false},"author":2,"featured_media":0,"parent":0,"menu_order":0,"comment_status":"closed","ping_status":"closed","template":"100-width.php","meta":[],"_links":{"self":[{"href":"https:\/\/backlitstone.es\/fr\/wp-json\/wp\/v2\/pages\/8275"}],"collection":[{"href":"https:\/\/backlitstone.es\/fr\/wp-json\/wp\/v2\/pages"}],"about":[{"href":"https:\/\/backlitstone.es\/fr\/wp-json\/wp\/v2\/types\/page"}],"author":[{"embeddable":true,"href":"https:\/\/backlitstone.es\/fr\/wp-json\/wp\/v2\/users\/2"}],"replies":[{"embeddable":true,"href":"https:\/\/backlitstone.es\/fr\/wp-json\/wp\/v2\/comments?post=8275"}],"version-history":[{"count":2,"href":"https:\/\/backlitstone.es\/fr\/wp-json\/wp\/v2\/pages\/8275\/revisions"}],"predecessor-version":[{"id":8277,"href":"https:\/\/backlitstone.es\/fr\/wp-json\/wp\/v2\/pages\/8275\/revisions\/8277"}],"wp:attachment":[{"href":"https:\/\/backlitstone.es\/fr\/wp-json\/wp\/v2\/media?parent=8275"}],"curies":[{"name":"wp","href":"https:\/\/api.w.org\/{rel}","templated":true}]}}