{"id":8278,"date":"2022-07-11T12:27:22","date_gmt":"2022-07-11T12:27:22","guid":{"rendered":"https:\/\/backlitstone.es\/conditions-generales-de-vente\/"},"modified":"2022-10-04T11:34:11","modified_gmt":"2022-10-04T11:34:11","slug":"conditions-generales-de-vente","status":"publish","type":"page","link":"https:\/\/backlitstone.es\/fr\/conditions-generales-de-vente\/","title":{"rendered":"Conditions g\u00e9n\u00e9rales de vente"},"content":{"rendered":"<div class=\"fusion-fullwidth fullwidth-box fusion-builder-row-1 fusion-flex-container hundred-percent-fullwidth non-hundred-percent-height-scrolling\" style=\"background-color: var(--awb-color1);background-position: center top;background-repeat: no-repeat;border-width: 0px 0px 0px 0px;border-color:var(--awb-color3);border-style:solid;\" ><div class=\"fusion-builder-row fusion-row fusion-flex-align-items-flex-end\" style=\"width:104% !important;max-width:104% !important;margin-left: calc(-4% \/ 2 );margin-right: calc(-4% \/ 2 );\"><div class=\"fusion-layout-column fusion_builder_column fusion-builder-column-0 fusion_builder_column_1_1 1_1 fusion-flex-column fusion-animated\" data-animationType=\"fadeIn\" data-animationDuration=\"0.8\" data-animationOffset=\"top-into-view\"><div class=\"fusion-column-wrapper fusion-flex-justify-content-flex-start fusion-content-layout-column\" style=\"background-position:left top;background-repeat:no-repeat;-webkit-background-size:cover;-moz-background-size:cover;-o-background-size:cover;background-size:cover;padding: 0px 0px 0px 0px;\"><style type=\"text\/css\">@media only screen and (max-width:1250px) {.fusion-title.fusion-title-1{margin-top:10px!important; margin-right:0px!important;margin-bottom:15px!important;margin-left:0px!important;}}@media only screen and (max-width:800px) {.fusion-title.fusion-title-1{margin-top:10px!important; margin-right:0px!important;margin-bottom:10px!important; margin-left:0px!important;}}<\/style><div class=\"fusion-title title fusion-title-1 fusion-sep-none fusion-title-center fusion-title-text fusion-title-size-one\" style=\"font-size:20px;margin-top:10px;margin-right:0px;margin-bottom:15px;margin-left:0px;\"><h1 class=\"title-heading-center\" style=\"font-family:&quot;Raleway&quot;;font-weight:700;margin:0;font-size:1em;text-transform:uppercase;color:#000000;\"><strong>LE FAIT DE PASSER UNE COMMANDE IMPLIQUE L&rsquo;ACCEPTATION DES PR\u00c9SENTES CONDITIONS DE VENTE <\/strong><\/h1><\/div><div class=\"fusion-text fusion-text-1 fusion-text-no-margin\" style=\"text-align:left;font-size:16px;line-height:1.7;letter-spacing:0px;text-transform:var(--awb-typography4-text-transform);color:#303030;font-family:&quot;Raleway&quot;;font-weight:300;\"><p><strong>G\u00c9N\u00c9RAL:<\/strong> Toutes les ventes sont effectu\u00e9es sous r\u00e9serve des conditions \u00e9num\u00e9r\u00e9es ci-dessous. Toute sp\u00e9cification qui n&rsquo;est pas conforme \u00e0 ces conditions doit \u00eatre pr\u00e9alablement accept\u00e9e par \u00e9crit par le GROUPE ALUALCO.<\/p>\n<\/div><div class=\"fusion-text fusion-text-2 fusion-text-no-margin\" style=\"text-align:left;font-size:16px;line-height:1.7;letter-spacing:0px;text-transform:var(--awb-typography4-text-transform);color:#303030;font-family:&quot;Raleway&quot;;font-weight:300;\"><p><strong>BUDGETS:<\/strong> Les cotations seront valables pour un maximum de 30 jours civils \u00e0 partir de la date d&rsquo;\u00e9mission et pourront \u00eatre annul\u00e9es si les hausses du march\u00e9 ne sont pas celles \u00e9tablies par le GRUPO ALUALCO.<\/p>\n<\/div><div class=\"fusion-text fusion-text-3 fusion-text-no-margin\" style=\"text-align:left;font-size:16px;line-height:1.7;letter-spacing:0px;text-transform:var(--awb-typography4-text-transform);color:#303030;font-family:&quot;Raleway&quot;;font-weight:300;\"><p><strong>GARANTIE ET QUALIT\u00c9:<\/strong> Tous nos produits sont garantis (voir dans chaque cas la fiche technique sur www.alualco.com) contre tout d\u00e9faut de fabrication. Cette garantie ne couvre pas les dommages caus\u00e9s par une utilisation ou une application inad\u00e9quate, une manipulation incorrecte, une installation incorrecte lorsque le produit a \u00e9t\u00e9 utilis\u00e9 au-del\u00e0 de ses capacit\u00e9s, maltrait\u00e9, battu, ainsi que tout autre d\u00e9faut imputable au client ou au consommateur ou lorsque le d\u00e9faut est original en raison de l&rsquo;usure normale des pi\u00e8ces due \u00e0 son fonctionnement ou \u00e0 son installation. Tout mat\u00e9riel manipul\u00e9 par du personnel non autoris\u00e9 par l&rsquo;entreprise est hors garantie. Les petites diff\u00e9rences entre nos produits en termes de taille, de couleur, de qualit\u00e9 ou toute autre modification du produit ne constituent pas un motif de r\u00e9clamation pour l&rsquo;acheteur. Toute r\u00e9clamation concernant la quantit\u00e9, la qualit\u00e9 ou tout autre d\u00e9faut devra \u00eatre signal\u00e9e au GRUPO ALUALCO dans les 48 heures suivant la r\u00e9ception des marchandises, apr\u00e8s quoi aucune r\u00e9clamation ne sera accept\u00e9e. Pour l&rsquo;ex\u00e9cution de la garantie par paiement ou remplacement, il est indispensable de recevoir le mat\u00e9riel en question afin de pouvoir l&rsquo;analyser et d\u00e9terminer s&rsquo;il est applicable. Une condition indispensable pour toute garantie est la pr\u00e9sentation de la facture et de la preuve de paiement. ALUALCO GROUP, dans le cadre de l&rsquo;am\u00e9lioration continue de la qualit\u00e9 et de la fonctionnalit\u00e9, peut modifier n&rsquo;importe lequel de ces \u00e9l\u00e9ments sans pr\u00e9avis, sans que cela constitue un motif de r\u00e9clamation pour le client.<\/p>\n<\/div><div class=\"fusion-text fusion-text-4 fusion-text-no-margin\" style=\"text-align:left;font-size:16px;line-height:1.7;letter-spacing:0px;text-transform:var(--awb-typography4-text-transform);color:#303030;font-family:&quot;Raleway&quot;;font-weight:300;\"><p><strong>D\u00c9LAI DE LIVRAISON:<\/strong> Les d\u00e9lais de livraison ne sont qu&rsquo;approximatifs et non contraignants, et aucune demande de dommages-int\u00e9r\u00eats de la part du client pour retard de livraison ou autre demande ou compensation pour rupture de contrat n&rsquo;est recevable. Le non-respect de la date de livraison ne donne pas le droit au client de r\u00e9silier le contrat d&rsquo;achat sans l&rsquo;octroi d&rsquo;un d\u00e9lai raisonnable pour rem\u00e9dier au retard (importations de mat\u00e9riaux et de produits divers (60-90 jours). Les causes de force majeure (guerres, r\u00e9volutions, gr\u00e8ves, catastrophes naturelles, pannes de machines, bris de moules ou de matrices, impossibilit\u00e9 d&rsquo;acqu\u00e9rir des mati\u00e8res premi\u00e8res, interruption des transports, fermetures douani\u00e8res, ou toute autre mesure officielle pouvant nous affecter, etc.) nous donnent le droit de retarder le d\u00e9lai de livraison sans pr\u00e9avis. Chaque op\u00e9ration est un envoi ind\u00e9pendant, m\u00eame si plusieurs d&rsquo;entre elles font partie d&rsquo;une m\u00eame commande. Ils seront ceux \u00e9tablis selon les accords explicites confirm\u00e9s par le GROUPE ALUALCO. Dans le GROUPE ALUALCO, nous n&rsquo;avons pas de commande minimum \u00e9tablie car le client paiera le transport s&rsquo;il est envoy\u00e9 par une agence (environ 15\u20ac par paquet ne d\u00e9passant pas 10 kilos au niveau national). Si le client vient le chercher dans nos locaux, nous ne facturerons pas d&rsquo;autre concept que le produit achet\u00e9 lui-m\u00eame.<\/p>\n<\/div><div class=\"fusion-text fusion-text-5 fusion-text-no-margin\" style=\"text-align:left;font-size:16px;line-height:1.7;letter-spacing:0px;text-transform:var(--awb-typography4-text-transform);color:#303030;font-family:&quot;Raleway&quot;;font-weight:300;\"><p><strong>PORTES:<\/strong> Conditions valables uniquement sur le territoire p\u00e9ninsulaire espagnol.<\/p>\n<\/div><div class=\"fusion-text fusion-text-6 fusion-text-no-margin\" style=\"text-align:left;font-size:16px;line-height:1.7;letter-spacing:0px;text-transform:var(--awb-typography4-text-transform);color:#303030;font-family:&quot;Raleway&quot;;font-weight:300;\"><p><strong>EN PROFIL\u00c9S, ACCESSOIRES, LEDS ET PRODUITS ASSOCI\u00c9S:<\/strong> Le transport pay\u00e9 (selon les accords commerciaux) en profil\u00e9s de plus de 2 m\u00e8tres, 3 m\u00e8tres ou 6 m\u00e8tres serait un transport sp\u00e9cial tarif\u00e9 au poids et \u00e0 la longueur par nos agences. Pour les commandes dans les \u00eeles Canaries : frais de port. Le client enverra son agence. En raison d&rsquo;erreurs d&rsquo;impression, de l&rsquo;\u00e9volution des produits ou des fluctuations constantes des mati\u00e8res premi\u00e8res, GRUPO ALUALCO se r\u00e9serve le droit de modifier les prix sans pr\u00e9avis.<\/p>\n<\/div><div class=\"fusion-text fusion-text-7 fusion-text-no-margin\" style=\"text-align:left;font-size:16px;line-height:1.7;letter-spacing:0px;text-transform:var(--awb-typography4-text-transform);color:#303030;font-family:&quot;Raleway&quot;;font-weight:300;\"><p><strong>COMMANDES SUR MESURE:<\/strong> Toute commande de mat\u00e9riel coup\u00e9 ou manipul\u00e9 doit \u00eatre confirm\u00e9e par \u00e9crit (en renvoyant le bon de commande envoy\u00e9 par fax ou par e-mail) avant d&rsquo;\u00eatre mise en \u0153uvre. Toute commande de production sur mesure doit \u00eatre pay\u00e9e par le client 50 % \u00e0 l&rsquo;avance avant le d\u00e9but de la production (\u00e0 titre de r\u00e9servation). Le GROUPE ALUALCO ne sera pas responsable des commandes de mat\u00e9riel qui n&rsquo;auront pas \u00e9t\u00e9 effectu\u00e9es par \u00e9crit (fax ou e-mail) en cas de d\u00e9saccord avec ce qui a \u00e9t\u00e9 command\u00e9 et livr\u00e9. Aucune commande dont le mode de paiement est le virement ne sera trait\u00e9e avant la r\u00e9ception du paiement.<\/p>\n<\/div><div class=\"fusion-text fusion-text-8 fusion-text-no-margin\" style=\"text-align:left;font-size:16px;line-height:1.7;letter-spacing:0px;text-transform:var(--awb-typography4-text-transform);color:#303030;font-family:&quot;Raleway&quot;;font-weight:300;\"><p><strong>ANNULATIONS ET RETOURS DE COMMANDES:<\/strong> Aucun retour ne sera accept\u00e9 7 jours apr\u00e8s la livraison du mat\u00e9riel. Les commandes fermement plac\u00e9es ne peuvent \u00eatre annul\u00e9es sans l&rsquo;accord du GROUPE ALUALCO. En cas de retour pour des raisons ind\u00e9pendantes de la volont\u00e9 d&rsquo;ALUALCO GROUP, le mat\u00e9riel sera cr\u00e9dit\u00e9 avec un d\u00e9m\u00e9rite de 10% (avec un minimum de 10 \u20ac). Aucun retour de mat\u00e9riel ne sera accept\u00e9 sans l&rsquo;autorisation expresse du GROUPE ALUALCO et avec le formulaire de retour rempli. De m\u00eame, aucun retour ne sera accept\u00e9 en port d\u00fb si la raison du retour est une erreur de la part du GROUPE ALUALCO. Dans ce cas, ce sera ALUALCO GROUP qui enverra les marchandises \u00e0 son agence. Aucune responsabilit\u00e9 ou r\u00e9clamation ne sera accept\u00e9e pour plus que le remplacement du mat\u00e9riel envoy\u00e9 ou son paiement au prix auquel il a \u00e9t\u00e9 achet\u00e9. Aucun produit fabriqu\u00e9 sur mesure ou apport\u00e9 sp\u00e9cifiquement pour le client (qui n&rsquo;est pas en stock r\u00e9gulier) ne sera rembours\u00e9, et le client ne pourra pr\u00e9tendre \u00e0 aucune r\u00e9clamation de quelque nature que ce soit.<\/p>\n<\/div><div class=\"fusion-text fusion-text-9 fusion-text-no-margin\" style=\"text-align:left;font-size:16px;line-height:1.7;letter-spacing:0px;text-transform:var(--awb-typography4-text-transform);color:#303030;font-family:&quot;Raleway&quot;;font-weight:300;\"><p><strong>R\u00c9SERVE DE PROPRI\u00c9T\u00c9:<\/strong> Les marchandises livr\u00e9es restent notre enti\u00e8re propri\u00e9t\u00e9 jusqu&rsquo;\u00e0 leur paiement. Le droit de propri\u00e9t\u00e9 subsiste m\u00eame apr\u00e8s que l&rsquo;acheteur ait revendu le produit, jusqu&rsquo;\u00e0 ce que la dette envers le GROUPE ALUALCO ait \u00e9t\u00e9 r\u00e9gl\u00e9e.<\/p>\n<\/div><div class=\"fusion-text fusion-text-10 fusion-text-no-margin\" style=\"text-align:left;font-size:16px;line-height:1.7;letter-spacing:0px;text-transform:var(--awb-typography4-text-transform);color:#303030;font-family:&quot;Raleway&quot;;font-weight:300;\"><p><strong>TRANSPORT:<\/strong> Toute anomalie du mat\u00e9riel re\u00e7u ou incident de transport doit \u00eatre refl\u00e9t\u00e9e dans le bon de livraison sign\u00e9 par le transporteur sous peine de perdre le droit de r\u00e9clamation. Le client doit ensuite nous notifier l&rsquo;incident dans les 24 heures suivant la livraison, et nous ne serons en aucun cas tenus responsables si la r\u00e9clamation est faite apr\u00e8s ce d\u00e9lai. Il appartient au client d&rsquo;intervenir aupr\u00e8s des transporteurs en cas de perte, d&rsquo;avarie ou de retard des marchandises. Le client est tenu d&rsquo;examiner les marchandises au moment de la livraison et de noter toute anomalie. L&rsquo;absence de mention sur le bon de livraison de l&rsquo;agence de transport ou le bon de livraison est r\u00e9put\u00e9e conforme aux instructions du client. Si le client n&rsquo;a pas donn\u00e9 d&rsquo;instructions particuli\u00e8res pour l&rsquo;exp\u00e9dition, les marchandises seront exp\u00e9di\u00e9es au mieux de nos connaissances et par le moyen de transport choisi par le GRUPO ALUALCO. Les conditions de paiement sont celles convenues avec nos clients. Les dates d&rsquo;\u00e9ch\u00e9ance des paiements par tout document de paiement l\u00e9galement accept\u00e9 doivent \u00eatre respect\u00e9es ponctuellement. Dans le cas contraire, nous sommes en droit de facturer des int\u00e9r\u00eats de retard, ainsi que les pertes caus\u00e9es par le retard de paiement. Les retards de paiement entra\u00eeneront l&rsquo;annulation imm\u00e9diate de toutes les obligations du GROUPE ALUALCO. L&rsquo;acheteur n&rsquo;a pas le droit de retenir tout ou partie des paiements dus parce qu&rsquo;ils n&rsquo;ont pas \u00e9t\u00e9 reconnus dans une quelconque r\u00e9clamation, car cela ne dispense pas l&rsquo;acheteur de son obligation de paiement. Tout d\u00e9faut ou retard de paiement annule la possibilit\u00e9 du cr\u00e9dit, paralysant l&rsquo;approvisionnement en mat\u00e9riaux jusqu&rsquo;\u00e0 ce que la situation soit r\u00e9gularis\u00e9e. Si cette situation devait se r\u00e9p\u00e9ter, le cr\u00e9dit serait imm\u00e9diatement annul\u00e9.<\/p>\n<\/div><div class=\"fusion-text fusion-text-11 fusion-text-no-margin\" style=\"text-align:left;font-size:16px;line-height:1.7;letter-spacing:0px;text-transform:var(--awb-typography4-text-transform);color:#303030;font-family:&quot;Raleway&quot;;font-weight:300;\"><p><strong>CONDITIONS G\u00c9N\u00c9RALES DE VENTE FUERO:<\/strong> Pour toutes les questions et divergences d\u00e9coulant de cette transaction, l&rsquo;acheteur et le vendeur se soumettent express\u00e9ment \u00e0 la juridiction des juges et tribunaux des Tribunaux d&rsquo;Elche (Alicante &#8211; Espagne), renon\u00e7ant \u00e0 toute autre juridiction ou r\u00e9serve de propri\u00e9t\u00e9 qui pourrait correspondre.<\/p>\n<\/div><div class=\"fusion-text fusion-text-12 fusion-text-no-margin\" style=\"text-align:left;font-size:16px;line-height:1.7;letter-spacing:0px;text-transform:var(--awb-typography4-text-transform);color:#303030;font-family:&quot;Raleway&quot;;font-weight:300;\"><p><strong>CO\u00dbTS ET D\u00c9PENSES:<\/strong> Les frais et d\u00e9penses juridiques, y compris les frais d&rsquo;avocat et les honoraires d&rsquo;avou\u00e9, sont toujours \u00e0 la charge de la partie contractante qui y a donn\u00e9 lieu en raison d&rsquo;une violation des pr\u00e9sentes conditions g\u00e9n\u00e9rales de vente ou du contrat en g\u00e9n\u00e9ral.<\/p>\n<\/div><div class=\"fusion-text fusion-text-13 fusion-text-no-margin\" style=\"text-align:left;font-size:16px;line-height:1.7;letter-spacing:0px;text-transform:var(--awb-typography4-text-transform);color:#303030;font-family:&quot;Raleway&quot;;font-weight:300;\"><p><strong>DROIT COMPL\u00c9MENTAIRE:<\/strong> Le contrat de vente est r\u00e9gi par le pr\u00e9sent contrat et, \u00e0 d\u00e9faut, par les r\u00e8gles du Code de commerce espagnol pour les ventes en Espagne.<\/p>\n<\/div><style type=\"text\/css\">@media only screen and (max-width:1250px) {.fusion-title.fusion-title-2{margin-top:10px!important; margin-right:0px!important;margin-bottom:15px!important;margin-left:0px!important;}}@media only screen and (max-width:800px) {.fusion-title.fusion-title-2{margin-top:10px!important; margin-right:0px!important;margin-bottom:10px!important; margin-left:0px!important;}}<\/style><div class=\"fusion-title title fusion-title-2 fusion-sep-none fusion-title-center fusion-title-text fusion-title-size-one\" style=\"font-size:18px;margin-top:10px;margin-right:0px;margin-bottom:15px;margin-left:0px;\"><h1 class=\"title-heading-center\" style=\"font-family:&quot;Raleway&quot;;font-weight:600;margin:0;font-size:1em;text-transform:capitalize;color:#000000;\"><strong>Politique de confidentialit\u00e9<\/strong><\/h1><\/div><div class=\"fusion-text fusion-text-14 fusion-text-no-margin\" style=\"text-align:left;font-size:16px;line-height:1.7;letter-spacing:0px;text-transform:var(--awb-typography4-text-transform);color:#303030;font-family:&quot;Raleway&quot;;font-weight:300;\"><p>Protection des donn\u00e9es de l&rsquo;utilisateur<\/p>\n<p>Conform\u00e9ment aux dispositions de la loi organique 15\/1999, du 13 d\u00e9cembre, sur la protection des donn\u00e9es personnelles, backlitstone.es informe ses clients que les donn\u00e9es personnelles fournies seront incluses dans un fichier automatis\u00e9 de donn\u00e9es personnelles, cr\u00e9\u00e9 et maintenu sous la responsabilit\u00e9 de backlitstone.es<\/p>\n<p>La finalit\u00e9 de ce fichier est de faciliter le traitement des commandes et, si vous nous avez express\u00e9ment autoris\u00e9s dans la case correspondante, de vous envoyer \u00e9galement des communications commerciales sur des produits et services susceptibles de vous int\u00e9resser.<\/p>\n<p>Backlitstone.es garantit la s\u00e9curit\u00e9 et la confidentialit\u00e9 des donn\u00e9es fournies.<\/p>\n<p>De cette fa\u00e7on, il s&rsquo;engage \u00e0 respecter son obligation de maintenir le secret des donn\u00e9es personnelles et son devoir de les conserver et d&rsquo;adopter toutes les mesures n\u00e9cessaires pour \u00e9viter leur alt\u00e9ration, perte, traitement ou utilisation non autoris\u00e9e.<\/p>\n<p>Par cons\u00e9quent, toutes les informations concernant nos clients ne seront pas utilis\u00e9es \u00e0 des fins commerciales et ne seront pas transmises \u00e0 des tiers. Les clients de back.lt.es peuvent exercer \u00e0 tout moment leurs droits d&rsquo;acc\u00e8s, de rectification, d&rsquo;annulation et d&rsquo;opposition, en \u00e9c lant l&rsquo;adresse \u00e9lectronique de l&rsquo;entreprise <em><strong> info@backlitstone.es<\/strong><\/em><\/p>\n<p>Backlitstone.es se r\u00e9serve le droit de modifier sa politique de confidentialit\u00e9 \u00e0 sa seule discr\u00e9tion, ou en raison de changements dans la l\u00e9gislation, la jurisprudence ou les pratiques commerciales.<\/p>\n<p>Si backlitstone.co.uk apporte des modifications, le nouveau texte sera publi\u00e9 sur ce site web, o\u00f9 l&rsquo;utilisateur sera inform\u00e9 de la politique de confidentialit\u00e9 actuelle de backlitstone.es<\/p>\n<p>Dans tous les cas, la relation avec les utilisateurs sera r\u00e9gie par les r\u00e8gles en vigueur au moment pr\u00e9cis de l&rsquo;acc\u00e8s au site web.<\/p>\n<\/div><style type=\"text\/css\">@media only screen and (max-width:1250px) {.fusion-title.fusion-title-3{margin-top:10px!important; margin-right:0px!important;margin-bottom:15px!important;margin-left:0px!important;}}@media only screen and (max-width:800px) {.fusion-title.fusion-title-3{margin-top:10px!important; margin-right:0px!important;margin-bottom:10px!important; margin-left:0px!important;}}<\/style><div class=\"fusion-title title fusion-title-3 fusion-sep-none fusion-title-center fusion-title-text fusion-title-size-one\" style=\"font-size:18px;margin-top:10px;margin-right:0px;margin-bottom:15px;margin-left:0px;\"><h1 class=\"title-heading-center\" style=\"font-family:&quot;Raleway&quot;;font-weight:600;margin:0;font-size:1em;text-transform:capitalize;color:#000000;\"><strong>Loi applicable et juridiction<\/strong><\/h1><\/div><div class=\"fusion-text fusion-text-15 fusion-text-no-margin\" style=\"text-align:left;font-size:16px;line-height:1.7;letter-spacing:0px;text-transform:var(--awb-typography4-text-transform);color:#303030;font-family:&quot;Raleway&quot;;font-weight:300;\"><p>En g\u00e9n\u00e9ral, les relations avec nos clients, d\u00e9coulant de la prestation des services contenus dans notre site web, sont soumises \u00e0 la l\u00e9gislation et \u00e0 la juridiction espagnoles, les parties se soumettant aux cours et tribunaux de la ville d&rsquo;Elche, et \u00e0 leurs sup\u00e9rieurs hi\u00e9rarchiques, renon\u00e7ant express\u00e9ment \u00e0 d&rsquo;autres juridictions si elles en ont et si elles sont diff\u00e9rentes de celles mentionn\u00e9es ci-dessus.<\/p>\n<p>Les utilisateurs de notre site web sont conscients de ce qui pr\u00e9c\u00e8de et l&rsquo;acceptent volontairement.<\/p>\n<p>Si vous avez des commentaires ou des suggestions, vous pouvez utiliser notre adresse \u00e9lectronique : info@backlitstone.es.<\/p>\n<\/div><\/div><style type=\"text\/css\">.fusion-body .fusion-builder-column-0{width:100% !important;margin-top : 0px;margin-bottom : 20px;}.fusion-builder-column-0 > .fusion-column-wrapper {padding-top : 0px !important;padding-right : 0px !important;margin-right : 2.88%;padding-bottom : 0px !important;padding-left : 0px !important;margin-left : 1.92%;}@media only screen and (max-width:1250px) {.fusion-body .fusion-builder-column-0{width:50% !important;order : 0;}.fusion-builder-column-0 > .fusion-column-wrapper {margin-right : 5.76%;margin-left : 3.84%;}}@media only screen and (max-width:800px) {.fusion-body .fusion-builder-column-0{width:100% !important;order : 0;margin-bottom : 30px;}.fusion-builder-column-0 > .fusion-column-wrapper {margin-right : 1.92%;margin-left : 3.84%;}}<\/style><\/div><\/div><style type=\"text\/css\">.fusion-fullwidth.fusion-builder-row-1 a:not(.awb-custom-text-color):not(.fusion-button):not(.fusion-builder-module-control):not(.fusion-social-network-icon):not(.fb-icon-element):not(.fusion-countdown-link):not(.fusion-rollover-link):not(.fusion-rollover-gallery):not(.fusion-button-bar):not(.add_to_cart_button):not(.show_details_button):not(.product_type_external):not(.fusion-view-cart):not(.fusion-quick-view):not(.fusion-rollover-title-link):not(.fusion-breadcrumb-link) , .fusion-fullwidth.fusion-builder-row-1 a:not(.awb-custom-text-color):not(.fusion-button):not(.fusion-builder-module-control):not(.fusion-social-network-icon):not(.fb-icon-element):not(.fusion-countdown-link):not(.fusion-rollover-link):not(.fusion-rollover-gallery):not(.fusion-button-bar):not(.add_to_cart_button):not(.show_details_button):not(.product_type_external):not(.fusion-view-cart):not(.fusion-quick-view):not(.fusion-rollover-title-link):not(.fusion-breadcrumb-link):before, .fusion-fullwidth.fusion-builder-row-1 a:not(.awb-custom-text-color):not(.fusion-button):not(.fusion-builder-module-control):not(.fusion-social-network-icon):not(.fb-icon-element):not(.fusion-countdown-link):not(.fusion-rollover-link):not(.fusion-rollover-gallery):not(.fusion-button-bar):not(.add_to_cart_button):not(.show_details_button):not(.product_type_external):not(.fusion-view-cart):not(.fusion-quick-view):not(.fusion-rollover-title-link):not(.fusion-breadcrumb-link):after {color: #ffffff;}.fusion-body .fusion-flex-container.fusion-builder-row-1{ padding-top : 90px;margin-top : 0px;padding-right : 6vw;padding-bottom : 90px;margin-bottom : 0px;padding-left : 6vw;}@media only screen and (max-width:1250px) {.fusion-body .fusion-flex-container.fusion-builder-row-1{ padding-top : 60px;padding-bottom : 60px;}}@media only screen and (max-width:800px) {.fusion-body .fusion-flex-container.fusion-builder-row-1{ padding-top : 30px;padding-right : 30px;padding-bottom : 30px;padding-left : 30px;}}<\/style><\/div>\n","protected":false},"excerpt":{"rendered":"","protected":false},"author":2,"featured_media":0,"parent":0,"menu_order":0,"comment_status":"closed","ping_status":"closed","template":"100-width.php","meta":[],"_links":{"self":[{"href":"https:\/\/backlitstone.es\/fr\/wp-json\/wp\/v2\/pages\/8278"}],"collection":[{"href":"https:\/\/backlitstone.es\/fr\/wp-json\/wp\/v2\/pages"}],"about":[{"href":"https:\/\/backlitstone.es\/fr\/wp-json\/wp\/v2\/types\/page"}],"author":[{"embeddable":true,"href":"https:\/\/backlitstone.es\/fr\/wp-json\/wp\/v2\/users\/2"}],"replies":[{"embeddable":true,"href":"https:\/\/backlitstone.es\/fr\/wp-json\/wp\/v2\/comments?post=8278"}],"version-history":[{"count":2,"href":"https:\/\/backlitstone.es\/fr\/wp-json\/wp\/v2\/pages\/8278\/revisions"}],"predecessor-version":[{"id":8280,"href":"https:\/\/backlitstone.es\/fr\/wp-json\/wp\/v2\/pages\/8278\/revisions\/8280"}],"wp:attachment":[{"href":"https:\/\/backlitstone.es\/fr\/wp-json\/wp\/v2\/media?parent=8278"}],"curies":[{"name":"wp","href":"https:\/\/api.w.org\/{rel}","templated":true}]}}