{"id":8281,"date":"2022-07-05T10:45:56","date_gmt":"2022-07-05T10:45:56","guid":{"rendered":"https:\/\/backlitstone.es\/conditions-generales\/"},"modified":"2022-10-04T11:34:52","modified_gmt":"2022-10-04T11:34:52","slug":"conditions-generales","status":"publish","type":"page","link":"https:\/\/backlitstone.es\/fr\/conditions-generales\/","title":{"rendered":"Conditions g\u00e9n\u00e9rales"},"content":{"rendered":"<div class=\"fusion-fullwidth fullwidth-box fusion-builder-row-1 fusion-flex-container hundred-percent-fullwidth non-hundred-percent-height-scrolling\" style=\"background-color: var(--awb-color1);background-position: center top;background-repeat: no-repeat;border-width: 0px 0px 0px 0px;border-color:var(--awb-color3);border-style:solid;\" ><div class=\"fusion-builder-row fusion-row fusion-flex-align-items-flex-end\" style=\"width:104% !important;max-width:104% !important;margin-left: calc(-4% \/ 2 );margin-right: calc(-4% \/ 2 );\"><div class=\"fusion-layout-column fusion_builder_column fusion-builder-column-0 fusion_builder_column_1_1 1_1 fusion-flex-column fusion-animated\" data-animationType=\"fadeIn\" data-animationDuration=\"0.8\" data-animationOffset=\"top-into-view\"><div class=\"fusion-column-wrapper fusion-flex-justify-content-flex-start fusion-content-layout-column\" style=\"background-position:left top;background-repeat:no-repeat;-webkit-background-size:cover;-moz-background-size:cover;-o-background-size:cover;background-size:cover;padding: 0px 0px 0px 0px;\"><style type=\"text\/css\">@media only screen and (max-width:1250px) {.fusion-title.fusion-title-1{margin-top:10px!important; margin-right:0px!important;margin-bottom:15px!important;margin-left:0px!important;}}@media only screen and (max-width:800px) {.fusion-title.fusion-title-1{margin-top:10px!important; margin-right:0px!important;margin-bottom:10px!important; margin-left:0px!important;}}<\/style><div class=\"fusion-title title fusion-title-1 fusion-sep-none fusion-title-text fusion-title-size-one\" style=\"font-size:20px;margin-top:10px;margin-right:0px;margin-bottom:15px;margin-left:0px;\"><h1 class=\"title-heading-left\" style=\"font-family:&quot;Raleway&quot;;font-weight:700;margin:0;font-size:1em;text-transform:uppercase;color:#000000;\"><strong>Conditions g\u00e9n\u00e9rales d&rsquo;utilisation<\/strong><\/h1><\/div><div class=\"fusion-text fusion-text-1 fusion-text-no-margin\" style=\"text-align:left;font-size:16px;line-height:1.7;letter-spacing:0px;text-transform:var(--awb-typography4-text-transform);color:#303030;font-family:&quot;Raleway&quot;;font-weight:300;\"><p>L&rsquo;acc\u00e8s \u00e0 ce site web, son utilisation et l&rsquo;achat de n&rsquo;importe quel article de backlitstone.es pr\u00e9suppose la lecture, la connaissance et l&rsquo;acceptation des pr\u00e9sentes CONDITIONS G\u00c9N\u00c9RALES, dans la version publi\u00e9e sur cette page, au moment o\u00f9 l&rsquo;utilisateur y acc\u00e8de.<\/p>\n<p>Les pr\u00e9sentes CONDITIONS G\u00c9N\u00c9RALES D&rsquo;UTILISATION pourront \u00eatre modifi\u00e9es afin de les adapter \u00e0 la l\u00e9gislation applicable en vigueur \u00e0 tout moment, de sorte que l&rsquo;utilisateur devra lire attentivement le pr\u00e9sent avis juridique chaque fois qu&rsquo;il proc\u00e9dera \u00e0 l&rsquo;utilisation du site web backlitstone.es<\/p>\n<p>Si vous ne les acceptez pas, veuillez ne pas utiliser backlitstone.es<\/p>\n<\/div><style type=\"text\/css\">@media only screen and (max-width:1250px) {.fusion-title.fusion-title-2{margin-top:10px!important; margin-right:0px!important;margin-bottom:15px!important;margin-left:0px!important;}}@media only screen and (max-width:800px) {.fusion-title.fusion-title-2{margin-top:10px!important; margin-right:0px!important;margin-bottom:10px!important; margin-left:0px!important;}}<\/style><div class=\"fusion-title title fusion-title-2 fusion-sep-none fusion-title-text fusion-title-size-one\" style=\"font-size:18px;margin-top:10px;margin-right:0px;margin-bottom:15px;margin-left:0px;\"><h1 class=\"title-heading-left\" style=\"font-family:&quot;Raleway&quot;;font-weight:600;margin:0;font-size:1em;text-transform:capitalize;color:#000000;\"><strong>1.\u00a0<\/strong><b>D\u00e9tails de l&rsquo;entreprise<\/b><b><\/b><\/h1><\/div><div class=\"fusion-text fusion-text-2 fusion-text-no-margin\" style=\"text-align:left;font-size:16px;line-height:1.7;letter-spacing:0px;text-transform:var(--awb-typography4-text-transform);color:#303030;font-family:&quot;Raleway&quot;;font-weight:300;\"><p>Le propri\u00e9taire de www.backlitstone.es est ALUALCO ALUMINUM SYSTEMS, S.L.U. avec CIF B-42574582 et si\u00e8ge social \u00e0 Calle Rio Segura 27 Nave 03320 Torrellano Alicante.<\/p>\n<p><strong>Backlitstone.es<\/strong> en plus de ce site web a un point de vente au d\u00e9tail:<\/p>\n<ul>\n<li>ALUALCO ALUMINUM SYSTEMS, S.L.U. \u00e0 Rio Segura, 27 Nave 03320 Torrellano (Alicante) Tel. 966447753<\/li>\n<\/ul>\n<p>Si vous voulez en savoir plus sur notre boutique, vous pouvez nous contacter \u00e0 l&rsquo;adresse \u00e9lectronique suivante <strong> info@backlitstone.es<\/strong> et nous nous ferons un plaisir de vous fournir toutes les informations dont vous avez besoin.<\/p>\n<p><strong>Si vous avez besoin d&rsquo;informations ou d&rsquo;aide concernant les produits, les commandes, les exp\u00e9ditions, les retours, etc., vous pouvez nous contacter en \u00e9crivant \u00e0 l&rsquo;adresse \u00e9lectronique info@backlitstone.es<\/strong><\/p>\n<\/div><style type=\"text\/css\">@media only screen and (max-width:1250px) {.fusion-title.fusion-title-3{margin-top:10px!important; margin-right:0px!important;margin-bottom:15px!important;margin-left:0px!important;}}@media only screen and (max-width:800px) {.fusion-title.fusion-title-3{margin-top:10px!important; margin-right:0px!important;margin-bottom:10px!important; margin-left:0px!important;}}<\/style><div class=\"fusion-title title fusion-title-3 fusion-sep-none fusion-title-text fusion-title-size-one\" style=\"font-size:18px;margin-top:10px;margin-right:0px;margin-bottom:15px;margin-left:0px;\"><h1 class=\"title-heading-left\" style=\"font-family:&quot;Raleway&quot;;font-weight:600;margin:0;font-size:1em;text-transform:capitalize;color:#000000;\"><strong>2. Prix du site web<\/strong><\/h1><\/div><div class=\"fusion-text fusion-text-3 fusion-text-no-margin\" style=\"text-align:left;font-size:16px;line-height:1.7;letter-spacing:0px;text-transform:var(--awb-typography4-text-transform);color:#303030;font-family:&quot;Raleway&quot;;font-weight:300;\"><p>Les prix indiqu\u00e9s sur backlitstone.co.uk pour les pays de l&rsquo;Union europ\u00e9enne comprennent d\u00e9j\u00e0 la TVA \u00e9ventuellement applicable, vous n&rsquo;aurez donc pas de suppl\u00e9ment \u00e0 payer.<\/p>\n<\/div><style type=\"text\/css\">@media only screen and (max-width:1250px) {.fusion-title.fusion-title-4{margin-top:10px!important; margin-right:0px!important;margin-bottom:15px!important;margin-left:0px!important;}}@media only screen and (max-width:800px) {.fusion-title.fusion-title-4{margin-top:10px!important; margin-right:0px!important;margin-bottom:10px!important; margin-left:0px!important;}}<\/style><div class=\"fusion-title title fusion-title-4 fusion-sep-none fusion-title-text fusion-title-size-one\" style=\"font-size:18px;margin-top:10px;margin-right:0px;margin-bottom:15px;margin-left:0px;\"><h1 class=\"title-heading-left\" style=\"font-family:&quot;Raleway&quot;;font-weight:600;margin:0;font-size:1em;text-transform:capitalize;color:#000000;\"><strong>3.\u00a0<\/strong><strong>Droits de propri\u00e9t\u00e9 intellectuelle du site web<\/strong><\/h1><\/div><div class=\"fusion-text fusion-text-4 fusion-text-no-margin\" style=\"text-align:left;font-size:16px;line-height:1.7;letter-spacing:0px;text-transform:var(--awb-typography4-text-transform);color:#303030;font-family:&quot;Raleway&quot;;font-weight:300;\"><p>L&rsquo;utilisateur reconna\u00eet et accepte que tous les droits de propri\u00e9t\u00e9 intellectuelle du contenu de ce site web, sa conception graphique, ses textes, ses images et ses codes sources sont la propri\u00e9t\u00e9 exclusive de backlitstone.es, et que nous avons les droits exclusifs de les exploiter. Leur reproduction, distribution, communication publique et transformation, en tout ou en partie, est interdite sans l&rsquo;autorisation expresse de info@backlitstone.es. De m\u00eame, tous les noms commerciaux, marques ou signes distinctifs de toute nature contenus dans ce site sont prot\u00e9g\u00e9s par la loi.<\/p>\n<\/div><style type=\"text\/css\">@media only screen and (max-width:1250px) {.fusion-title.fusion-title-5{margin-top:10px!important; margin-right:0px!important;margin-bottom:15px!important;margin-left:0px!important;}}@media only screen and (max-width:800px) {.fusion-title.fusion-title-5{margin-top:10px!important; margin-right:0px!important;margin-bottom:10px!important; margin-left:0px!important;}}<\/style><div class=\"fusion-title title fusion-title-5 fusion-sep-none fusion-title-text fusion-title-size-one\" style=\"font-size:18px;margin-top:10px;margin-right:0px;margin-bottom:15px;margin-left:0px;\"><h1 class=\"title-heading-left\" style=\"font-family:&quot;Raleway&quot;;font-weight:600;margin:0;font-size:1em;text-transform:capitalize;color:#000000;\"><p><strong>4.\u00a0<\/strong><b>Limitation de la responsabilit\u00e9<\/b><\/p>\n<ul>\n<li>4.1\u00a0<strong>Contenu du Web<\/strong><\/li>\n<\/ul><\/h1><\/div><div class=\"fusion-text fusion-text-5 fusion-text-no-margin\" style=\"text-align:left;font-size:16px;line-height:1.7;letter-spacing:0px;text-transform:var(--awb-typography4-text-transform);color:#303030;font-family:&quot;Raleway&quot;;font-weight:300;\"><p>Chez backlitstone.es nous ne sommes pas responsables de la mauvaise utilisation des contenus de notre site web, \u00e9tant la seule responsabilit\u00e9 de la personne qui y acc\u00e8de ou les utilise.<\/p>\n<p>Nous d\u00e9clinons \u00e9galement toute responsabilit\u00e9 pour toute perte ou tout dommage que vous pourriez subir en raison d&rsquo;erreurs, de d\u00e9fauts ou d&rsquo;omissions dans les informations que nous fournissons lorsqu&rsquo;elles proviennent de sources ext\u00e9rieures.<\/p>\n<\/div><style type=\"text\/css\">@media only screen and (max-width:1250px) {.fusion-title.fusion-title-6{margin-top:10px!important; margin-right:0px!important;margin-bottom:15px!important;margin-left:0px!important;}}@media only screen and (max-width:800px) {.fusion-title.fusion-title-6{margin-top:10px!important; margin-right:0px!important;margin-bottom:10px!important; margin-left:0px!important;}}<\/style><div class=\"fusion-title title fusion-title-6 fusion-sep-none fusion-title-text fusion-title-size-one\" style=\"font-size:18px;margin-top:10px;margin-right:0px;margin-bottom:15px;margin-left:0px;\"><h1 class=\"title-heading-left\" style=\"font-family:&quot;Raleway&quot;;font-weight:600;margin:0;font-size:1em;text-transform:capitalize;color:#000000;\"><ul>\n<li>4.2\u00a0<strong>Liens vers d&rsquo;autres sites web<\/strong><\/li>\n<\/ul><\/h1><\/div><div class=\"fusion-text fusion-text-6 fusion-text-no-margin\" style=\"text-align:left;font-size:16px;line-height:1.7;letter-spacing:0px;text-transform:var(--awb-typography4-text-transform);color:#303030;font-family:&quot;Raleway&quot;;font-weight:300;\"><p>Backlitstone.es comprend des liens sur le site Web vers des sites Web de tiers, g\u00e9n\u00e9ralement vers les diff\u00e9rentes marques de nos produits. Il s&rsquo;agit de liens officiels et donc s\u00fbrs. Cependant, backlitstone.co.uk ne peut en aucun cas \u00eatre tenu responsable du contenu de ces sites web ou des mesures qu&rsquo;ils prennent concernant votre vie priv\u00e9e ou le traitement de vos donn\u00e9es personnelles.<\/p>\n<\/div><style type=\"text\/css\">@media only screen and (max-width:1250px) {.fusion-title.fusion-title-7{margin-top:10px!important; margin-right:0px!important;margin-bottom:15px!important;margin-left:0px!important;}}@media only screen and (max-width:800px) {.fusion-title.fusion-title-7{margin-top:10px!important; margin-right:0px!important;margin-bottom:10px!important; margin-left:0px!important;}}<\/style><div class=\"fusion-title title fusion-title-7 fusion-sep-none fusion-title-text fusion-title-size-one\" style=\"font-size:18px;margin-top:10px;margin-right:0px;margin-bottom:15px;margin-left:0px;\"><h1 class=\"title-heading-left\" style=\"font-family:&quot;Raleway&quot;;font-weight:600;margin:0;font-size:1em;text-transform:capitalize;color:#000000;\"><ul>\n<li>4.3\u00a0<strong>Liens vers d&rsquo;autres sites web<\/strong><\/li>\n<\/ul><\/h1><\/div><div class=\"fusion-text fusion-text-7 fusion-text-no-margin\" style=\"text-align:left;font-size:16px;line-height:1.7;letter-spacing:0px;text-transform:var(--awb-typography4-text-transform);color:#303030;font-family:&quot;Raleway&quot;;font-weight:300;\"><p>L&rsquo;\u00e9tablissement d&rsquo;un lien n&rsquo;implique pas n\u00e9cessairement l&rsquo;existence d&rsquo;une relation entre backlitstone.es et le propri\u00e9taire du site web o\u00f9 le lien est \u00e9tabli, ni l&rsquo;acceptation et l&rsquo;approbation par backlitstone.es de ses contenus ou services.<\/p>\n<p>Backlitstone.es ne peut en aucun cas \u00eatre tenu responsable du contenu de ces sites ou des mesures qu&rsquo;ils prennent concernant votre vie priv\u00e9e ou le traitement de vos donn\u00e9es personnelles.<\/p>\n<\/div><style type=\"text\/css\">@media only screen and (max-width:1250px) {.fusion-title.fusion-title-8{margin-top:10px!important; margin-right:0px!important;margin-bottom:15px!important;margin-left:0px!important;}}@media only screen and (max-width:800px) {.fusion-title.fusion-title-8{margin-top:10px!important; margin-right:0px!important;margin-bottom:10px!important; margin-left:0px!important;}}<\/style><div class=\"fusion-title title fusion-title-8 fusion-sep-none fusion-title-text fusion-title-size-one\" style=\"font-size:18px;margin-top:10px;margin-right:0px;margin-bottom:15px;margin-left:0px;\"><h1 class=\"title-heading-left\" style=\"font-family:&quot;Raleway&quot;;font-weight:600;margin:0;font-size:1em;text-transform:capitalize;color:#000000;\"><ul>\n<li>4.4\u00a0<strong>Utilisation de nos produits<\/strong><\/li>\n<\/ul><\/h1><\/div><div class=\"fusion-text fusion-text-8 fusion-text-no-margin\" style=\"text-align:left;font-size:16px;line-height:1.7;letter-spacing:0px;text-transform:var(--awb-typography4-text-transform);color:#303030;font-family:&quot;Raleway&quot;;font-weight:300;\"><p>En backlitstone.es nous ne sommes pas responsables de la mauvaise utilisation des produits achet\u00e9s \u00e0 travers notre site web, \u00e9tant la seule responsabilit\u00e9 de la personne qui les acquiert.<\/p>\n<\/div><style type=\"text\/css\">@media only screen and (max-width:1250px) {.fusion-title.fusion-title-9{margin-top:10px!important; margin-right:0px!important;margin-bottom:15px!important;margin-left:0px!important;}}@media only screen and (max-width:800px) {.fusion-title.fusion-title-9{margin-top:10px!important; margin-right:0px!important;margin-bottom:10px!important; margin-left:0px!important;}}<\/style><div class=\"fusion-title title fusion-title-9 fusion-sep-none fusion-title-text fusion-title-size-one\" style=\"font-size:18px;margin-top:10px;margin-right:0px;margin-bottom:15px;margin-left:0px;\"><h1 class=\"title-heading-left\" style=\"font-family:&quot;Raleway&quot;;font-weight:600;margin:0;font-size:1em;text-transform:capitalize;color:#000000;\"><ul>\n<li>4.5\u00a0<strong>Mise \u00e0 jour et modification du site web<\/strong><\/li>\n<\/ul><\/h1><\/div><div class=\"fusion-text fusion-text-9 fusion-text-no-margin\" style=\"text-align:left;font-size:16px;line-height:1.7;letter-spacing:0px;text-transform:var(--awb-typography4-text-transform);color:#303030;font-family:&quot;Raleway&quot;;font-weight:300;\"><p>Backlitstone.es se r\u00e9serve le droit d&rsquo;actualiser, de modifier ou de supprimer les informations contenues dans son site web et la configuration ou la pr\u00e9sentation de celles-ci, \u00e0 tout moment, sans pr\u00e9avis, et sans en assumer la responsabilit\u00e9.<\/p>\n<\/div><style type=\"text\/css\">@media only screen and (max-width:1250px) {.fusion-title.fusion-title-10{margin-top:10px!important; margin-right:0px!important;margin-bottom:15px!important;margin-left:0px!important;}}@media only screen and (max-width:800px) {.fusion-title.fusion-title-10{margin-top:10px!important; margin-right:0px!important;margin-bottom:10px!important; margin-left:0px!important;}}<\/style><div class=\"fusion-title title fusion-title-10 fusion-sep-none fusion-title-text fusion-title-size-one\" style=\"font-size:18px;margin-top:10px;margin-right:0px;margin-bottom:15px;margin-left:0px;\"><h1 class=\"title-heading-left\" style=\"font-family:&quot;Raleway&quot;;font-weight:600;margin:0;font-size:1em;text-transform:capitalize;color:#000000;\"><ul>\n<li>4.6\u00a0<strong>Notes sur les aspects techniques<\/strong><\/li>\n<\/ul><\/h1><\/div><div class=\"fusion-text fusion-text-10 fusion-text-no-margin\" style=\"text-align:left;font-size:16px;line-height:1.7;letter-spacing:0px;text-transform:var(--awb-typography4-text-transform);color:#303030;font-family:&quot;Raleway&quot;;font-weight:300;\"><p>Chez backlitstone.es nous n&rsquo;assumons aucune responsabilit\u00e9 qui pourrait d\u00e9couler de probl\u00e8mes techniques ou de d\u00e9faillances dans l&rsquo;\u00e9quipement informatique, non imputables \u00e0 notre entreprise, qui se produisent pendant la connexion \u00e0 Internet, ainsi que les dommages qui peuvent \u00eatre caus\u00e9s par des tiers par le biais d&rsquo;une ing\u00e9rence ill\u00e9gale hors du contr\u00f4le de backlitstone.es<\/p>\n<\/div><style type=\"text\/css\">@media only screen and (max-width:1250px) {.fusion-title.fusion-title-11{margin-top:10px!important; margin-right:0px!important;margin-bottom:15px!important;margin-left:0px!important;}}@media only screen and (max-width:800px) {.fusion-title.fusion-title-11{margin-top:10px!important; margin-right:0px!important;margin-bottom:10px!important; margin-left:0px!important;}}<\/style><div class=\"fusion-title title fusion-title-11 fusion-sep-none fusion-title-text fusion-title-size-one\" style=\"font-size:18px;margin-top:10px;margin-right:0px;margin-bottom:15px;margin-left:0px;\"><h1 class=\"title-heading-left\" style=\"font-family:&quot;Raleway&quot;;font-weight:600;margin:0;font-size:1em;text-transform:capitalize;color:#000000;\"><strong>5.\u00a0<\/strong><strong>Utilisateurs<\/strong><\/h1><\/div><div class=\"fusion-text fusion-text-11 fusion-text-no-margin\" style=\"text-align:left;font-size:16px;line-height:1.7;letter-spacing:0px;text-transform:var(--awb-typography4-text-transform);color:#303030;font-family:&quot;Raleway&quot;;font-weight:300;\"><p>L&rsquo;utilisateur s&rsquo;engage \u00e0 utiliser le site conform\u00e9ment \u00e0 la loi et \u00e0 la morale, et \u00e0 ne pas l&rsquo;utiliser pour des activit\u00e9s illicites ou criminelles, ni pour porter atteinte aux droits des tiers. De son c\u00f4t\u00e9, l&rsquo;utilisateur s&rsquo;engage \u00e0 saisir des donn\u00e9es v\u00e9ridiques.<\/p>\n<p>Nonobstant ce qui pr\u00e9c\u00e8de, backlitstone.es se r\u00e9serve le droit, \u00e0 sa seule discr\u00e9tion et en toutes circonstances, d&rsquo;annuler, de supprimer ou d&rsquo;interdire l&rsquo;utilisation d&rsquo;un ou de tous les services du site \u00e0 l&rsquo;un de ses utilisateurs, en raison d&rsquo;une utilisation incorrecte ou impropre de ceux-ci, comme d\u00e9taill\u00e9 dans ces conditions g\u00e9n\u00e9rales ou dans les conditions particuli\u00e8res de chaque service.<\/p>\n<p>L&rsquo;utilisateur garantit que les donn\u00e9es personnelles fournies \u00e0 backlitstone.es sont v\u00e9ridiques et est responsable de la communication de toute modification de celles-ci.<\/p>\n<p>L&rsquo;utilisateur sera le seul responsable de toute perte ou dommage, direct ou indirect, qui pourrait \u00eatre caus\u00e9 \u00e0 backlitstone.es ou \u00e0 tout tiers en raison du remplissage des formulaires avec des donn\u00e9es fausses, inexactes, incompl\u00e8tes ou p\u00e9rim\u00e9es. L&rsquo;utilisateur n&rsquo;inclura pas de donn\u00e9es personnelles de tiers sans leur consentement pr\u00e9alable et inform\u00e9 des dispositions de la pr\u00e9sente politique de confidentialit\u00e9, \u00e9tant seul responsable de leur inclusion.<\/p>\n<\/div><\/div><style type=\"text\/css\">.fusion-body .fusion-builder-column-0{width:100% !important;margin-top : 0px;margin-bottom : 20px;}.fusion-builder-column-0 > .fusion-column-wrapper {padding-top : 0px !important;padding-right : 0px !important;margin-right : 2.88%;padding-bottom : 0px !important;padding-left : 0px !important;margin-left : 1.92%;}@media only screen and (max-width:1250px) {.fusion-body .fusion-builder-column-0{width:50% !important;order : 0;}.fusion-builder-column-0 > .fusion-column-wrapper {margin-right : 5.76%;margin-left : 3.84%;}}@media only screen and (max-width:800px) {.fusion-body .fusion-builder-column-0{width:100% !important;order : 0;margin-bottom : 30px;}.fusion-builder-column-0 > .fusion-column-wrapper {margin-right : 1.92%;margin-left : 3.84%;}}<\/style><\/div><\/div><style type=\"text\/css\">.fusion-fullwidth.fusion-builder-row-1 a:not(.awb-custom-text-color):not(.fusion-button):not(.fusion-builder-module-control):not(.fusion-social-network-icon):not(.fb-icon-element):not(.fusion-countdown-link):not(.fusion-rollover-link):not(.fusion-rollover-gallery):not(.fusion-button-bar):not(.add_to_cart_button):not(.show_details_button):not(.product_type_external):not(.fusion-view-cart):not(.fusion-quick-view):not(.fusion-rollover-title-link):not(.fusion-breadcrumb-link) , .fusion-fullwidth.fusion-builder-row-1 a:not(.awb-custom-text-color):not(.fusion-button):not(.fusion-builder-module-control):not(.fusion-social-network-icon):not(.fb-icon-element):not(.fusion-countdown-link):not(.fusion-rollover-link):not(.fusion-rollover-gallery):not(.fusion-button-bar):not(.add_to_cart_button):not(.show_details_button):not(.product_type_external):not(.fusion-view-cart):not(.fusion-quick-view):not(.fusion-rollover-title-link):not(.fusion-breadcrumb-link):before, .fusion-fullwidth.fusion-builder-row-1 a:not(.awb-custom-text-color):not(.fusion-button):not(.fusion-builder-module-control):not(.fusion-social-network-icon):not(.fb-icon-element):not(.fusion-countdown-link):not(.fusion-rollover-link):not(.fusion-rollover-gallery):not(.fusion-button-bar):not(.add_to_cart_button):not(.show_details_button):not(.product_type_external):not(.fusion-view-cart):not(.fusion-quick-view):not(.fusion-rollover-title-link):not(.fusion-breadcrumb-link):after {color: #ffffff;}.fusion-body .fusion-flex-container.fusion-builder-row-1{ padding-top : 90px;margin-top : 0px;padding-right : 6vw;padding-bottom : 90px;margin-bottom : 0px;padding-left : 6vw;}@media only screen and (max-width:1250px) {.fusion-body .fusion-flex-container.fusion-builder-row-1{ padding-top : 60px;padding-bottom : 60px;}}@media only screen and (max-width:800px) {.fusion-body .fusion-flex-container.fusion-builder-row-1{ padding-top : 30px;padding-right : 30px;padding-bottom : 30px;padding-left : 30px;}}<\/style><\/div>\n","protected":false},"excerpt":{"rendered":"","protected":false},"author":1,"featured_media":0,"parent":0,"menu_order":0,"comment_status":"closed","ping_status":"closed","template":"100-width.php","meta":[],"_links":{"self":[{"href":"https:\/\/backlitstone.es\/fr\/wp-json\/wp\/v2\/pages\/8281"}],"collection":[{"href":"https:\/\/backlitstone.es\/fr\/wp-json\/wp\/v2\/pages"}],"about":[{"href":"https:\/\/backlitstone.es\/fr\/wp-json\/wp\/v2\/types\/page"}],"author":[{"embeddable":true,"href":"https:\/\/backlitstone.es\/fr\/wp-json\/wp\/v2\/users\/1"}],"replies":[{"embeddable":true,"href":"https:\/\/backlitstone.es\/fr\/wp-json\/wp\/v2\/comments?post=8281"}],"version-history":[{"count":2,"href":"https:\/\/backlitstone.es\/fr\/wp-json\/wp\/v2\/pages\/8281\/revisions"}],"predecessor-version":[{"id":8283,"href":"https:\/\/backlitstone.es\/fr\/wp-json\/wp\/v2\/pages\/8281\/revisions\/8283"}],"wp:attachment":[{"href":"https:\/\/backlitstone.es\/fr\/wp-json\/wp\/v2\/media?parent=8281"}],"curies":[{"name":"wp","href":"https:\/\/api.w.org\/{rel}","templated":true}]}}