{"id":8284,"date":"2022-07-11T12:40:39","date_gmt":"2022-07-11T12:40:39","guid":{"rendered":"https:\/\/backlitstone.es\/politica-sui-cookie\/"},"modified":"2022-10-04T11:36:40","modified_gmt":"2022-10-04T11:36:40","slug":"politica-sui-cookie","status":"publish","type":"page","link":"https:\/\/backlitstone.es\/it\/politica-sui-cookie\/","title":{"rendered":"Politica sui cookie"},"content":{"rendered":"<div class=\"fusion-fullwidth fullwidth-box fusion-builder-row-1 fusion-flex-container hundred-percent-fullwidth non-hundred-percent-height-scrolling\" style=\"background-color: var(--awb-color1);background-position: center top;background-repeat: no-repeat;border-width: 0px 0px 0px 0px;border-color:var(--awb-color3);border-style:solid;\" ><div class=\"fusion-builder-row fusion-row fusion-flex-align-items-flex-end\" style=\"width:104% !important;max-width:104% !important;margin-left: calc(-4% \/ 2 );margin-right: calc(-4% \/ 2 );\"><div class=\"fusion-layout-column fusion_builder_column fusion-builder-column-0 fusion_builder_column_1_1 1_1 fusion-flex-column fusion-animated\" data-animationType=\"fadeIn\" data-animationDuration=\"0.8\" data-animationOffset=\"top-into-view\"><div class=\"fusion-column-wrapper fusion-flex-justify-content-flex-start fusion-content-layout-column\" style=\"background-position:left top;background-repeat:no-repeat;-webkit-background-size:cover;-moz-background-size:cover;-o-background-size:cover;background-size:cover;padding: 0px 0px 0px 0px;\"><style type=\"text\/css\">@media only screen and (max-width:1250px) {.fusion-title.fusion-title-1{margin-top:10px!important; margin-right:0px!important;margin-bottom:15px!important;margin-left:0px!important;}}@media only screen and (max-width:800px) {.fusion-title.fusion-title-1{margin-top:10px!important; margin-right:0px!important;margin-bottom:10px!important; margin-left:0px!important;}}<\/style><div class=\"fusion-title title fusion-title-1 fusion-sep-none fusion-title-center fusion-title-text fusion-title-size-one\" style=\"font-size:20px;margin-top:10px;margin-right:0px;margin-bottom:15px;margin-left:0px;\"><h1 class=\"title-heading-center\" style=\"font-family:&quot;Raleway&quot;;font-weight:700;margin:0;font-size:1em;text-transform:uppercase;color:#000000;\"><strong>POLITICA SUI COOKIE<\/strong><\/h1><\/div><style type=\"text\/css\">@media only screen and (max-width:1250px) {.fusion-title.fusion-title-2{margin-top:10px!important; margin-right:0px!important;margin-bottom:15px!important;margin-left:0px!important;}}@media only screen and (max-width:800px) {.fusion-title.fusion-title-2{margin-top:10px!important; margin-right:0px!important;margin-bottom:10px!important; margin-left:0px!important;}}<\/style><div class=\"fusion-title title fusion-title-2 fusion-sep-none fusion-title-text fusion-title-size-one\" style=\"font-size:18px;margin-top:10px;margin-right:0px;margin-bottom:15px;margin-left:0px;\"><h1 class=\"title-heading-left\" style=\"font-family:&quot;Raleway&quot;;font-weight:600;margin:0;font-size:1em;text-transform:capitalize;color:#000000;\"><strong>INFORMAZIONI SULL&#8217;UTENTE<\/strong><\/h1><\/div><div class=\"fusion-text fusion-text-1 fusion-text-no-margin\" style=\"text-align:left;font-size:16px;line-height:1.7;letter-spacing:0px;text-transform:var(--awb-typography4-text-transform);color:#303030;font-family:&quot;Raleway&quot;;font-weight:300;\"><p>BacklitStone utilizza i cookie per fornire un servizio migliore e offrire una migliore esperienza di navigazione. Desideriamo informarvi in modo chiaro e preciso sui cookie che utilizziamo, specificando di seguito che cos&#8217;\u00e8 un cookie, a cosa serve, quali tipi di cookie utilizziamo, qual \u00e8 il loro scopo e come potete configurarli o disabilitarli, se lo desiderate.<\/p>\n<\/div><style type=\"text\/css\">@media only screen and (max-width:1250px) {.fusion-title.fusion-title-3{margin-top:10px!important; margin-right:0px!important;margin-bottom:15px!important;margin-left:0px!important;}}@media only screen and (max-width:800px) {.fusion-title.fusion-title-3{margin-top:10px!important; margin-right:0px!important;margin-bottom:10px!important; margin-left:0px!important;}}<\/style><div class=\"fusion-title title fusion-title-3 fusion-sep-none fusion-title-text fusion-title-size-one\" style=\"font-size:18px;margin-top:10px;margin-right:0px;margin-bottom:15px;margin-left:0px;\"><h1 class=\"title-heading-left\" style=\"font-family:&quot;Raleway&quot;;font-weight:600;margin:0;font-size:1em;text-transform:capitalize;color:#000000;\"><strong>COSA SONO I COOKIE?<\/strong><\/h1><\/div><div class=\"fusion-text fusion-text-2 fusion-text-no-margin\" style=\"text-align:left;font-size:16px;line-height:1.7;letter-spacing:0px;text-transform:var(--awb-typography4-text-transform);color:#303030;font-family:&quot;Raleway&quot;;font-weight:300;\"><p>Un cookie \u00e8 un file che viene scaricato sul vostro computer quando accedete a determinati siti web. I cookie consentono a un sito web, tra le altre cose, di memorizzare e recuperare informazioni sulle abitudini di navigazione di un utente o del suo computer e, a seconda delle informazioni contenute e del modo in cui l&#8217;utente utilizza il computer, possono essere utilizzati per riconoscere l&#8217;utente.<\/p>\n<p>QUALI TIPI DI COOKIE UTILIZZA QUESTO SITO WEB?<\/p>\n<\/div><style type=\"text\/css\">@media only screen and (max-width:1250px) {.fusion-title.fusion-title-4{margin-top:10px!important; margin-right:0px!important;margin-bottom:15px!important;margin-left:0px!important;}}@media only screen and (max-width:800px) {.fusion-title.fusion-title-4{margin-top:10px!important; margin-right:0px!important;margin-bottom:10px!important; margin-left:0px!important;}}<\/style><div class=\"fusion-title title fusion-title-4 fusion-sep-none fusion-title-text fusion-title-size-one\" style=\"font-size:18px;margin-top:10px;margin-right:0px;margin-bottom:15px;margin-left:0px;\"><h1 class=\"title-heading-left\" style=\"font-family:&quot;Raleway&quot;;font-weight:600;margin:0;font-size:1em;text-transform:capitalize;color:#000000;\"><strong>1. Secondo l&#8217;identit\u00e0 che lo gestisce<\/strong><\/h1><\/div><div class=\"fusion-text fusion-text-3 fusion-text-no-margin\" style=\"text-align:left;font-size:16px;line-height:1.7;letter-spacing:0px;text-transform:var(--awb-typography4-text-transform);color:#303030;font-family:&quot;Raleway&quot;;font-weight:300;\"><ul>\n<li>Cookie propri: sono quelli inviati al terminale dell&#8217;utente da un computer o da un dominio gestito dall&#8217;editore stesso e dal quale viene fornito il servizio richiesto dall&#8217;utente.<\/li>\n<li>Cookie di terze parti: sono quelli che vengono inviati al terminale dell&#8217;utente da un computer o da un dominio non gestito dall&#8217;editore, ma da un&#8217;altra entit\u00e0 che elabora i dati ottenuti attraverso i cookie.<\/li>\n<\/ul>\n<\/div><style type=\"text\/css\">@media only screen and (max-width:1250px) {.fusion-title.fusion-title-5{margin-top:10px!important; margin-right:0px!important;margin-bottom:15px!important;margin-left:0px!important;}}@media only screen and (max-width:800px) {.fusion-title.fusion-title-5{margin-top:10px!important; margin-right:0px!important;margin-bottom:10px!important; margin-left:0px!important;}}<\/style><div class=\"fusion-title title fusion-title-5 fusion-sep-none fusion-title-text fusion-title-size-one\" style=\"font-size:18px;margin-top:10px;margin-right:0px;margin-bottom:15px;margin-left:0px;\"><h1 class=\"title-heading-left\" style=\"font-family:&quot;Raleway&quot;;font-weight:600;margin:0;font-size:1em;text-transform:capitalize;color:#000000;\"><strong>2. In base alla durata della loro attivazione<\/strong><\/h1><\/div><div class=\"fusion-text fusion-text-4 fusion-text-no-margin\" style=\"text-align:left;font-size:16px;line-height:1.7;letter-spacing:0px;text-transform:var(--awb-typography4-text-transform);color:#303030;font-family:&quot;Raleway&quot;;font-weight:300;\"><ul>\n<li>Cookie di sessione: si tratta di un tipo di cookie progettato per raccogliere e memorizzare i dati durante l&#8217;accesso dell&#8217;utente a una pagina web.<\/li>\n<li>Cookie persistenti: Si tratta di un tipo di cookie in cui i dati rimangono memorizzati nel terminale e possono essere consultati ed elaborati per un periodo definito dal responsabile del cookie, che pu\u00f2 variare da pochi minuti a diversi anni.<\/li>\n<\/ul>\n<\/div><style type=\"text\/css\">@media only screen and (max-width:1250px) {.fusion-title.fusion-title-6{margin-top:10px!important; margin-right:0px!important;margin-bottom:15px!important;margin-left:0px!important;}}@media only screen and (max-width:800px) {.fusion-title.fusion-title-6{margin-top:10px!important; margin-right:0px!important;margin-bottom:10px!important; margin-left:0px!important;}}<\/style><div class=\"fusion-title title fusion-title-6 fusion-sep-none fusion-title-text fusion-title-size-one\" style=\"font-size:18px;margin-top:10px;margin-right:0px;margin-bottom:15px;margin-left:0px;\"><h1 class=\"title-heading-left\" style=\"font-family:&quot;Raleway&quot;;font-weight:600;margin:0;font-size:1em;text-transform:capitalize;color:#000000;\"><strong>3. In base al loro scopo<\/strong><\/h1><\/div><div class=\"fusion-text fusion-text-5 fusion-text-no-margin\" style=\"text-align:left;font-size:16px;line-height:1.7;letter-spacing:0px;text-transform:var(--awb-typography4-text-transform);color:#303030;font-family:&quot;Raleway&quot;;font-weight:300;\"><ul>\n<li>Cookie di analisi: Questi cookie, elaborati da noi o da terzi, ci permettono di quantificare il numero di utenti e quindi di effettuare la misurazione e l&#8217;analisi statistica dell&#8217;uso che gli utenti fanno del servizio offerto.<\/li>\n<li>A tal fine, la vostra navigazione sul nostro sito web viene analizzata per migliorare la gamma di prodotti o servizi che vi offriamo.<\/li>\n<li>Cookie pubblicitari: sono quelli che permettono di gestire, nel modo pi\u00f9 efficace possibile, gli spazi pubblicitari che, se del caso, l&#8217;editore ha inserito in un sito web, un&#8217;applicazione o una piattaforma da cui viene fornito il servizio richiesto, in base a criteri quali il contenuto modificato o la frequenza con cui vengono mostrati gli annunci.<\/li>\n<li>Cookie di pubblicit\u00e0 comportamentale: questi cookie consentono di gestire nel modo pi\u00f9 efficace possibile gli spazi pubblicitari che, se del caso, l&#8217;editore ha inserito in un sito web, un&#8217;applicazione o una piattaforma da cui viene fornito il servizio richiesto. Questi cookie memorizzano informazioni sul comportamento degli utenti ottenute attraverso l&#8217;osservazione continua delle loro abitudini di navigazione, che consentono di sviluppare un profilo specifico per mostrare pubblicit\u00e0 basata sullo stesso.<\/li>\n<li>Allo stesso modo, \u00e8 possibile che quando visitate un sito web o aprite un&#8217;e-mail in cui viene pubblicata una pubblicit\u00e0 o una promozione sui nostri prodotti o servizi, nel vostro browser venga installato un cookie che viene da noi utilizzato per mostrarvi successivamente pubblicit\u00e0 correlate alla ricerca che avete effettuato, per monitorare le nostre pubblicit\u00e0 in relazione, ad esempio, al numero di volte in cui vengono viste, a dove appaiono, a che ora vengono viste, ecc.<\/li>\n<\/ul>\n<\/div><style type=\"text\/css\">@media only screen and (max-width:1250px) {.fusion-title.fusion-title-7{margin-top:10px!important; margin-right:0px!important;margin-bottom:15px!important;margin-left:0px!important;}}@media only screen and (max-width:800px) {.fusion-title.fusion-title-7{margin-top:10px!important; margin-right:0px!important;margin-bottom:10px!important; margin-left:0px!important;}}<\/style><div class=\"fusion-title title fusion-title-7 fusion-sep-none fusion-title-text fusion-title-size-one\" style=\"font-size:18px;margin-top:10px;margin-right:0px;margin-bottom:15px;margin-left:0px;\"><h1 class=\"title-heading-left\" style=\"font-family:&quot;Raleway&quot;;font-weight:600;margin:0;font-size:1em;text-transform:capitalize;color:#000000;\"><strong>REVOCA E CANCELLAZIONE DEI COOKIE<\/strong><\/h1><\/div><div class=\"fusion-text fusion-text-6 fusion-text-no-margin\" style=\"text-align:left;font-size:16px;line-height:1.7;letter-spacing:0px;text-transform:var(--awb-typography4-text-transform);color:#303030;font-family:&quot;Raleway&quot;;font-weight:300;\"><p>\u00c8 possibile consentire, bloccare o eliminare i cookie installati sul computer configurando le opzioni del browser installato sul computer. Se non consentite l&#8217;installazione dei cookie sul vostro browser, potreste non essere in grado di accedere ad alcune sezioni del nostro sito web.<\/p>\n<p>Nei link seguenti sono disponibili tutte le informazioni per configurare o disabilitare i cookie in ogni browser:<\/p>\n<ul>\n<li><a href=\"http:\/\/support.google.com\/chrome\/answer\/95647?hl=es\">Google Chrome<\/a><\/li>\n<li><a href=\"http:\/\/support.mozilla.org\/es\/kb\/habilitar-y-deshabilitar-cookies-que-los-sitios-we\">Mozilla Firefox<\/a><\/li>\n<li><a href=\"http:\/\/windows.microsoft.com\/es-es\/windows-vista\/block-or-allow-cookies\">Internet Explorer<\/a><\/li>\n<li><a href=\"http:\/\/support.apple.com\/kb\/ht1677?viewlocale=es_es\">Safari per IOS (iPhone y iPad)<\/a><\/li>\n<li><a href=\"http:\/\/support.google.com\/chrome\/answer\/2392971?hl=es\">Chrome per Android<\/a><\/li>\n<\/ul>\n<\/div><style type=\"text\/css\">@media only screen and (max-width:1250px) {.fusion-title.fusion-title-8{margin-top:10px!important; margin-right:0px!important;margin-bottom:15px!important;margin-left:0px!important;}}@media only screen and (max-width:800px) {.fusion-title.fusion-title-8{margin-top:10px!important; margin-right:0px!important;margin-bottom:10px!important; margin-left:0px!important;}}<\/style><div class=\"fusion-title title fusion-title-8 fusion-sep-none fusion-title-text fusion-title-size-one\" style=\"font-size:18px;margin-top:10px;margin-right:0px;margin-bottom:15px;margin-left:0px;\"><h1 class=\"title-heading-left\" style=\"font-family:&quot;Raleway&quot;;font-weight:600;margin:0;font-size:1em;text-transform:capitalize;color:#000000;\"><strong>REVOCA E CANCELLAZIONE DEI COOKIE<\/strong><\/h1><\/div><div class=\"fusion-text fusion-text-7 fusion-text-no-margin\" style=\"text-align:left;font-size:16px;line-height:1.7;letter-spacing:0px;text-transform:var(--awb-typography4-text-transform);color:#303030;font-family:&quot;Raleway&quot;;font-weight:300;\"><p>In particolare, i fornitori di servizi di terze parti con cui abbiamo stipulato un contratto di servizio per il quale \u00e8 necessario l&#8217;uso di cookie sono:<\/p>\n<table>\n<tbody>\n<tr>\n<td colspan=\"4\">ELENCO DEI FORNITORI DI SERVIZI DI COOKIE DI TERZE PARTI NEL DOMINIO<\/td>\n<\/tr>\n<tr>\n<td>NOME DEL FORNITORE<\/td>\n<td>FINALIT\u00c0 DEL COOKIE<\/td>\n<td>DESCRIZIONE DELLA FINALIT\u00c0 DEL COOKIE<\/td>\n<td>SE SI DESIDERANO MAGGIORI INFORMAZIONI SULL&#8217;USO DEI COOKIE DA PARTE DI QUESTA TERZA PARTE<\/td>\n<\/tr>\n<tr>\n<td>Google<\/td>\n<td>Pubblicit\u00e0<\/td>\n<td>Doubleclick viene utilizzato per gestire i cookie di terze parti. Questi cookie vengono utilizzati per fornire agli utenti prodotti pertinenti che possono essere di loro interesse. Gli annunci visualizzati dagli utenti del sito web sono serviti da una piccola selezione di fornitori, tra cui Invitemedia, Adviva.net, MSN, Google Display e Unanimis.<\/td>\n<td><a href=\"http:\/\/www.google.com\/doubleclick\/\">Clicca qui<\/a><\/td>\n<\/tr>\n<tr>\n<td>Google<\/td>\n<td>Analisi<\/td>\n<td>Cookie di Google Analytics. Generano un ID utente anonimo, che viene utilizzato per contare quante volte un utente visita il sito. Registra anche la prima e l&#8217;ultima volta che l&#8217;utente ha visitato il sito web. Calcola anche quando una sessione \u00e8 terminata, l&#8217;origine dell&#8217;utente e le parole chiave.<\/td>\n<td><a href=\"https:\/\/developers.google.com\/analytics\/devguides\/collection\/analyticsjs\/cookie-usage\">Clicca qui<\/a><\/td>\n<\/tr>\n<tr>\n<td>Google Adwords<\/td>\n<td>Pubblicit\u00e0<\/td>\n<td>Utilizziamo i cookie di Google AdWords per fornire agli utenti prodotti pertinenti che potrebbero essere di loro interesse a seguito di una precedente visita al sito.<\/td>\n<td><a href=\"https:\/\/www.google.com\/settings\/u\/0\/ads?hl=es&amp;sig=ACi0TCgsmXPjsGuTH_3QASFtb9YI2f1cjBGPyT9Jfj9r5p0GYIWwQmLZO046YIv2UsoBHdW3HJiIHmYbcLHFnCiJCW8zKYn5NLaAAZYLXtrKj7rOycDRpjsPJ6DQcFH9bHPNjUSj8fl6xgpAiCFQghdeYXdO4LTYmDVPvavau4a3Ir9DI-2TVppUcr20CzrgA3DnCX-E-PdP\">Clicca qui<\/a><\/td>\n<\/tr>\n<tr>\n<td>Facebook<\/td>\n<td>Pubblicit\u00e0<\/td>\n<td>Utilizziamo i cookie di Facebook Ads per tracciare l&#8217;attivit\u00e0 pubblicitaria sulla rete di Facebook e per poter offrire pubblicit\u00e0 su misura per l&#8217;utente.<\/td>\n<td><a href=\"https:\/\/www.facebook.com\/about\/privacy\/cookies\">Clicca qui<\/a><\/td>\n<\/tr>\n<tr>\n<td>Facebook<\/td>\n<td>Analisi<\/td>\n<td>Cookie di Facebook. Generano un ID utente anonimo, che viene utilizzato per contare quante volte un utente visita il sito.<\/td>\n<td><a href=\"https:\/\/www.facebook.com\/about\/privacy\/cookies\">Clicca qui<\/a><\/td>\n<\/tr>\n<\/tbody>\n<\/table>\n<div>\n<div dir=\"ltr\">\n<table style=\"height: 40px;\" width=\"1111\">\n<tbody>\n<tr>\n<td>Google Tag Manager (Google, Inc.)<\/td>\n<td>Raccoglie informazioni relative alle pagine e alle sezioni visitate su DEPORR a fini pubblicitari.<\/td>\n<\/tr>\n<\/tbody>\n<\/table>\n<\/div>\n<\/div>\n<p>NOTA: Questo elenco verr\u00e0 aggiornato il pi\u00f9 rapidamente possibile in base alle modifiche dei servizi offerti dal sito web. Tuttavia, occasionalmente durante l&#8217;aggiornamento pu\u00f2 accadere che l&#8217;elenco non includa pi\u00f9 un cookie, anche se si riferir\u00e0 sempre a cookie con finalit\u00e0 identiche a quelle registrate in questo elenco.<\/p>\n<\/div><style type=\"text\/css\">@media only screen and (max-width:1250px) {.fusion-title.fusion-title-9{margin-top:10px!important; margin-right:0px!important;margin-bottom:15px!important;margin-left:0px!important;}}@media only screen and (max-width:800px) {.fusion-title.fusion-title-9{margin-top:10px!important; margin-right:0px!important;margin-bottom:10px!important; margin-left:0px!important;}}<\/style><div class=\"fusion-title title fusion-title-9 fusion-sep-none fusion-title-text fusion-title-size-one\" style=\"font-size:18px;margin-top:10px;margin-right:0px;margin-bottom:15px;margin-left:0px;\"><h1 class=\"title-heading-left\" style=\"font-family:&quot;Raleway&quot;;font-weight:600;margin:0;font-size:1em;text-transform:capitalize;color:#000000;\"><strong>CONSENSO<\/strong><\/h1><\/div><div class=\"fusion-text fusion-text-8 fusion-text-no-margin\" style=\"text-align:left;font-size:16px;line-height:1.7;letter-spacing:0px;text-transform:var(--awb-typography4-text-transform);color:#303030;font-family:&quot;Raleway&quot;;font-weight:300;\"><p>BacklitStone non memorizza mai i dati personali dei propri utenti, ad eccezione dell&#8217;indirizzo IP come descritto in precedenza, a meno che l&#8217;utente non desideri registrarsi volontariamente per acquistare i prodotti e i servizi che mettiamo a sua disposizione o per ricevere informazioni su promozioni e contenuti di suo interesse.<\/p>\n<p>Navigando e continuando a visitare il nostro sito web, l&#8217;utente dichiara di acconsentire all&#8217;uso dei suddetti cookie e alle condizioni contenute nella presente Politica sui cookie.<\/p>\n<p>Se desiderate maggiori informazioni sull&#8217;uso dei cookie, contattateci tramite il nostro modulo di contatto.<\/p>\n<\/div><\/div><style type=\"text\/css\">.fusion-body .fusion-builder-column-0{width:100% !important;margin-top : 0px;margin-bottom : 20px;}.fusion-builder-column-0 > .fusion-column-wrapper {padding-top : 0px !important;padding-right : 0px !important;margin-right : 2.88%;padding-bottom : 0px !important;padding-left : 0px !important;margin-left : 1.92%;}@media only screen and (max-width:1250px) {.fusion-body .fusion-builder-column-0{width:50% !important;order : 0;}.fusion-builder-column-0 > .fusion-column-wrapper {margin-right : 5.76%;margin-left : 3.84%;}}@media only screen and (max-width:800px) {.fusion-body .fusion-builder-column-0{width:100% !important;order : 0;margin-bottom : 30px;}.fusion-builder-column-0 > .fusion-column-wrapper {margin-right : 1.92%;margin-left : 3.84%;}}<\/style><\/div><\/div><style type=\"text\/css\">.fusion-fullwidth.fusion-builder-row-1 a:not(.awb-custom-text-color):not(.fusion-button):not(.fusion-builder-module-control):not(.fusion-social-network-icon):not(.fb-icon-element):not(.fusion-countdown-link):not(.fusion-rollover-link):not(.fusion-rollover-gallery):not(.fusion-button-bar):not(.add_to_cart_button):not(.show_details_button):not(.product_type_external):not(.fusion-view-cart):not(.fusion-quick-view):not(.fusion-rollover-title-link):not(.fusion-breadcrumb-link) , .fusion-fullwidth.fusion-builder-row-1 a:not(.awb-custom-text-color):not(.fusion-button):not(.fusion-builder-module-control):not(.fusion-social-network-icon):not(.fb-icon-element):not(.fusion-countdown-link):not(.fusion-rollover-link):not(.fusion-rollover-gallery):not(.fusion-button-bar):not(.add_to_cart_button):not(.show_details_button):not(.product_type_external):not(.fusion-view-cart):not(.fusion-quick-view):not(.fusion-rollover-title-link):not(.fusion-breadcrumb-link):before, .fusion-fullwidth.fusion-builder-row-1 a:not(.awb-custom-text-color):not(.fusion-button):not(.fusion-builder-module-control):not(.fusion-social-network-icon):not(.fb-icon-element):not(.fusion-countdown-link):not(.fusion-rollover-link):not(.fusion-rollover-gallery):not(.fusion-button-bar):not(.add_to_cart_button):not(.show_details_button):not(.product_type_external):not(.fusion-view-cart):not(.fusion-quick-view):not(.fusion-rollover-title-link):not(.fusion-breadcrumb-link):after {color: #ffffff;}.fusion-body .fusion-flex-container.fusion-builder-row-1{ padding-top : 90px;margin-top : 0px;padding-right : 6vw;padding-bottom : 90px;margin-bottom : 0px;padding-left : 6vw;}@media only screen and (max-width:1250px) {.fusion-body .fusion-flex-container.fusion-builder-row-1{ padding-top : 60px;padding-bottom : 60px;}}@media only screen and (max-width:800px) {.fusion-body .fusion-flex-container.fusion-builder-row-1{ padding-top : 30px;padding-right : 30px;padding-bottom : 30px;padding-left : 30px;}}<\/style><\/div>\n","protected":false},"excerpt":{"rendered":"","protected":false},"author":2,"featured_media":0,"parent":0,"menu_order":0,"comment_status":"closed","ping_status":"closed","template":"100-width.php","meta":[],"_links":{"self":[{"href":"https:\/\/backlitstone.es\/it\/wp-json\/wp\/v2\/pages\/8284"}],"collection":[{"href":"https:\/\/backlitstone.es\/it\/wp-json\/wp\/v2\/pages"}],"about":[{"href":"https:\/\/backlitstone.es\/it\/wp-json\/wp\/v2\/types\/page"}],"author":[{"embeddable":true,"href":"https:\/\/backlitstone.es\/it\/wp-json\/wp\/v2\/users\/2"}],"replies":[{"embeddable":true,"href":"https:\/\/backlitstone.es\/it\/wp-json\/wp\/v2\/comments?post=8284"}],"version-history":[{"count":2,"href":"https:\/\/backlitstone.es\/it\/wp-json\/wp\/v2\/pages\/8284\/revisions"}],"predecessor-version":[{"id":8286,"href":"https:\/\/backlitstone.es\/it\/wp-json\/wp\/v2\/pages\/8284\/revisions\/8286"}],"wp:attachment":[{"href":"https:\/\/backlitstone.es\/it\/wp-json\/wp\/v2\/media?parent=8284"}],"curies":[{"name":"wp","href":"https:\/\/api.w.org\/{rel}","templated":true}]}}