{"id":8287,"date":"2022-07-11T12:27:22","date_gmt":"2022-07-11T12:27:22","guid":{"rendered":"https:\/\/backlitstone.es\/condizioni-generali-di-vendita\/"},"modified":"2022-10-04T11:37:12","modified_gmt":"2022-10-04T11:37:12","slug":"condizioni-generali-di-vendita","status":"publish","type":"page","link":"https:\/\/backlitstone.es\/it\/condizioni-generali-di-vendita\/","title":{"rendered":"Condizioni generali di vendita"},"content":{"rendered":"<div class=\"fusion-fullwidth fullwidth-box fusion-builder-row-1 fusion-flex-container hundred-percent-fullwidth non-hundred-percent-height-scrolling\" style=\"background-color: var(--awb-color1);background-position: center top;background-repeat: no-repeat;border-width: 0px 0px 0px 0px;border-color:var(--awb-color3);border-style:solid;\" ><div class=\"fusion-builder-row fusion-row fusion-flex-align-items-flex-end\" style=\"width:104% !important;max-width:104% !important;margin-left: calc(-4% \/ 2 );margin-right: calc(-4% \/ 2 );\"><div class=\"fusion-layout-column fusion_builder_column fusion-builder-column-0 fusion_builder_column_1_1 1_1 fusion-flex-column fusion-animated\" data-animationType=\"fadeIn\" data-animationDuration=\"0.8\" data-animationOffset=\"top-into-view\"><div class=\"fusion-column-wrapper fusion-flex-justify-content-flex-start fusion-content-layout-column\" style=\"background-position:left top;background-repeat:no-repeat;-webkit-background-size:cover;-moz-background-size:cover;-o-background-size:cover;background-size:cover;padding: 0px 0px 0px 0px;\"><style type=\"text\/css\">@media only screen and (max-width:1250px) {.fusion-title.fusion-title-1{margin-top:10px!important; margin-right:0px!important;margin-bottom:15px!important;margin-left:0px!important;}}@media only screen and (max-width:800px) {.fusion-title.fusion-title-1{margin-top:10px!important; margin-right:0px!important;margin-bottom:10px!important; margin-left:0px!important;}}<\/style><div class=\"fusion-title title fusion-title-1 fusion-sep-none fusion-title-center fusion-title-text fusion-title-size-one\" style=\"font-size:20px;margin-top:10px;margin-right:0px;margin-bottom:15px;margin-left:0px;\"><h1 class=\"title-heading-center\" style=\"font-family:&quot;Raleway&quot;;font-weight:700;margin:0;font-size:1em;text-transform:uppercase;color:#000000;\"><strong>L&#8217;EFFETTUAZIONE DI UN ORDINE IMPLICA L&#8217;ACCETTAZIONE DEI PRESENTI TERMINI E CONDIZIONI DI VENDITA <\/strong><\/h1><\/div><div class=\"fusion-text fusion-text-1 fusion-text-no-margin\" style=\"text-align:left;font-size:16px;line-height:1.7;letter-spacing:0px;text-transform:var(--awb-typography4-text-transform);color:#303030;font-family:&quot;Raleway&quot;;font-weight:300;\"><p><strong>GENERALE:<\/strong> Tutte le vendite sono soggette alle condizioni elencate di seguito. Qualsiasi specifica non conforme a queste condizioni deve essere preventivamente accettata per iscritto da GRUPO ALUALCO.<\/p>\n<\/div><div class=\"fusion-text fusion-text-2 fusion-text-no-margin\" style=\"text-align:left;font-size:16px;line-height:1.7;letter-spacing:0px;text-transform:var(--awb-typography4-text-transform);color:#303030;font-family:&quot;Raleway&quot;;font-weight:300;\"><p><strong>BILANCIO:<\/strong> Le quotazioni saranno valide per un massimo di 30 giorni di calendario dalla data di emissione e potranno essere annullate se i rialzi di mercato non sono quelli stabiliti da GRUPO ALUALCO.<\/p>\n<\/div><div class=\"fusion-text fusion-text-3 fusion-text-no-margin\" style=\"text-align:left;font-size:16px;line-height:1.7;letter-spacing:0px;text-transform:var(--awb-typography4-text-transform);color:#303030;font-family:&quot;Raleway&quot;;font-weight:300;\"><p><strong>GARANZIA E QUALIT\u00c0:<\/strong> Tutti i nostri prodotti sono garantiti (si veda in ogni caso la scheda tecnica su www.alualco.com) contro qualsiasi difetto di fabbricazione. La presente garanzia non copre i danni causati da un uso o un&#8217;applicazione impropri, da una manipolazione non corretta, da un&#8217;installazione non corretta quando il prodotto \u00e8 stato utilizzato oltre le sue capacit\u00e0, maltrattato, picchiato, nonch\u00e9 da qualsiasi altro difetto imputabile al cliente o al consumatore o quando il difetto \u00e8 originale a causa della normale usura delle parti dovuta al funzionamento o all&#8217;installazione. Qualsiasi materiale manipolato da personale non autorizzato dall&#8217;azienda \u00e8 fuori garanzia. Piccole differenze tra i nostri prodotti in termini di dimensioni, colore, qualit\u00e0 o qualsiasi altra modifica al prodotto non saranno motivo di reclamo da parte dell&#8217;acquirente. Qualsiasi reclamo relativo a quantit\u00e0, qualit\u00e0 o altri difetti deve essere segnalato a GRUPO ALUALCO entro 48 ore dal ricevimento della merce, dopodich\u00e9 non sar\u00e0 accettato alcun reclamo. Per l&#8217;esecuzione della garanzia mediante pagamento o sostituzione, \u00e8 indispensabile ricevere il materiale in questione per poterlo analizzare e stabilire se \u00e8 applicabile. Un requisito indispensabile per qualsiasi garanzia \u00e8 la presentazione della fattura e della prova di pagamento. GRUPO ALUALCO, nell&#8217;ottica di un continuo miglioramento della qualit\u00e0 e della funzionalit\u00e0, pu\u00f2 modificare uno qualsiasi di questi elementi senza preavviso, senza che ci\u00f2 costituisca motivo di reclamo da parte del cliente.<\/p>\n<\/div><div class=\"fusion-text fusion-text-4 fusion-text-no-margin\" style=\"text-align:left;font-size:16px;line-height:1.7;letter-spacing:0px;text-transform:var(--awb-typography4-text-transform);color:#303030;font-family:&quot;Raleway&quot;;font-weight:300;\"><p><strong>TEMPI DI CONSEGNA:<\/strong> I tempi di consegna sono solo approssimativi e non vincolanti, e non sono ammissibili richieste di risarcimento danni da parte del cliente per ritardi nella consegna o altre richieste o risarcimenti per violazione del contratto. Il mancato rispetto della data di consegna non autorizza il cliente a risolvere il contratto di acquisto senza la concessione di un periodo di tempo ragionevole per rimediare al ritardo (importazioni di materiali e prodotti vari (60-90 giorni). Cause di forza maggiore (guerre, rivoluzioni, scioperi, catastrofi naturali, guasti ai macchinari, rotture di stampi o matrici, impossibilit\u00e0 di acquistare materie prime, interruzione dei trasporti, chiusure doganali o qualsiasi altra misura ufficiale che ci possa riguardare, ecc.) ci danno il diritto di ritardare i tempi di consegna senza preavviso. Ogni operazione \u00e8 una spedizione indipendente, anche se diverse di esse fanno parte dello stesso ordine. Saranno quelli stabiliti in base agli accordi espliciti confermati dal GRUPPO ALUALCO. In ALUALCO GROUP non abbiamo un minimo d&#8217;ordine stabilito, in quanto il trasporto \u00e8 a carico del cliente se viene spedito tramite agenzia (circa 15\u20ac per collo che non superi i 10 chili a livello nazionale). Se il cliente viene a ritirarlo presso le nostre strutture, non addebiteremo nessun altro concetto oltre a quello del prodotto acquistato.<\/p>\n<\/div><div class=\"fusion-text fusion-text-5 fusion-text-no-margin\" style=\"text-align:left;font-size:16px;line-height:1.7;letter-spacing:0px;text-transform:var(--awb-typography4-text-transform);color:#303030;font-family:&quot;Raleway&quot;;font-weight:300;\"><p><strong>PORTIERI:<\/strong> Condizioni valide solo nel territorio peninsulare spagnolo.<\/p>\n<\/div><div class=\"fusion-text fusion-text-6 fusion-text-no-margin\" style=\"text-align:left;font-size:16px;line-height:1.7;letter-spacing:0px;text-transform:var(--awb-typography4-text-transform);color:#303030;font-family:&quot;Raleway&quot;;font-weight:300;\"><p><strong>IN PROFILI, ACCESSORI, LED E PRODOTTI ASSOCIATI:<\/strong> Il trasporto a pagamento (in base agli accordi commerciali) di profili di oltre 2 metri, 3 metri o 6 metri viene effettuato dalle nostre agenzie come trasporto speciale a peso e lunghezza. Per ordini nelle Isole Canarie: spese di spedizione a carico del cliente. Il cliente invier\u00e0 la sua agenzia. A causa di errori di stampa, dell&#8217;evoluzione dei prodotti o delle costanti fluttuazioni delle materie prime, GRUPO ALUALCO si riserva il diritto di modificare i prezzi senza preavviso.<\/p>\n<\/div><div class=\"fusion-text fusion-text-7 fusion-text-no-margin\" style=\"text-align:left;font-size:16px;line-height:1.7;letter-spacing:0px;text-transform:var(--awb-typography4-text-transform);color:#303030;font-family:&quot;Raleway&quot;;font-weight:300;\"><p><strong>ORDINI SU MISURA:<\/strong> Tutti gli ordini di materiale tagliato o manipolato devono essere confermati per iscritto (restituendo il modulo d&#8217;ordine inviato via fax o e-mail) prima di essere messi in funzione. Tutti gli ordini per la produzione su misura devono essere pagati dal cliente con un anticipo del 50% prima dell&#8217;inizio della produzione (come prenotazione). GRUPO ALUALCO non sar\u00e0 responsabile di eventuali ordini di materiale non effettuati per iscritto (fax o e-mail) in caso di disaccordo con quanto ordinato e consegnato. Nessun ordine il cui metodo di pagamento \u00e8 il bonifico sar\u00e0 elaborato prima di aver ricevuto la ricevuta di pagamento.<\/p>\n<\/div><div class=\"fusion-text fusion-text-8 fusion-text-no-margin\" style=\"text-align:left;font-size:16px;line-height:1.7;letter-spacing:0px;text-transform:var(--awb-typography4-text-transform);color:#303030;font-family:&quot;Raleway&quot;;font-weight:300;\"><p><strong>CANCELLAZIONI E RESTITUZIONI DI ORDINI:<\/strong> Non si accettano resi dopo 7 giorni dalla consegna del materiale. Gli ordini effettuati non possono essere annullati senza l&#8217;accordo di GRUPO ALUALCO. In caso di restituzione per motivi indipendenti dalla volont\u00e0 di GRUPO ALUALCO, il materiale verr\u00e0 accreditato con un 10% di demerito (con un minimo di 10 \u20ac). Non saranno accettate restituzioni di materiali senza l&#8217;espressa autorizzazione di GRUPO ALUALCO e con il modulo di restituzione compilato. Allo stesso modo, nessun reso sar\u00e0 accettato in porto assegnato se il motivo del reso \u00e8 un errore da parte di GRUPO ALUALCO. In questo caso, sar\u00e0 GRUPO ALUALCO a inviare la merce alla sua agenzia. Non si accetta alcuna responsabilit\u00e0 o reclamo per un importo superiore alla sostituzione del materiale inviato o al suo pagamento al prezzo di acquisto. Non verr\u00e0 rimborsato alcun prodotto realizzato su misura o portato appositamente per il cliente (che non sia presente in magazzino) e il cliente non potr\u00e0 avanzare alcuna pretesa.<\/p>\n<\/div><div class=\"fusion-text fusion-text-9 fusion-text-no-margin\" style=\"text-align:left;font-size:16px;line-height:1.7;letter-spacing:0px;text-transform:var(--awb-typography4-text-transform);color:#303030;font-family:&quot;Raleway&quot;;font-weight:300;\"><p><strong>RISERVA DI PROPRIET\u00c0:<\/strong> La merce consegnata rimane di nostra piena propriet\u00e0 fino al pagamento. Il diritto di propriet\u00e0 sussiste anche dopo che l&#8217;acquirente ha rivenduto il prodotto, finch\u00e9 il debito con GRUPO ALUALCO non \u00e8 stato saldato.<\/p>\n<\/div><div class=\"fusion-text fusion-text-10 fusion-text-no-margin\" style=\"text-align:left;font-size:16px;line-height:1.7;letter-spacing:0px;text-transform:var(--awb-typography4-text-transform);color:#303030;font-family:&quot;Raleway&quot;;font-weight:300;\"><p><strong>TRASPORTI:<\/strong> Qualsiasi anomalia del materiale ricevuto o incidente di trasporto deve trovare riscontro nella bolla di consegna che viene firmata al vettore, pena la perdita del diritto di reclamo. Il cliente deve successivamente notificarci l&#8217;incidente entro 24 ore dalla consegna; non saremo in alcun caso responsabili se il reclamo viene presentato dopo questo termine. \u00c8 responsabilit\u00e0 del cliente intervenire presso i vettori in caso di perdita, danneggiamento o ritardo della merce. Il cliente \u00e8 tenuto a esaminare la merce al momento della consegna e a rilevare eventuali anomalie. La mancata annotazione sulla bolla di consegna o sul bollettino di consegna dell&#8217;agenzia di trasporto sar\u00e0 considerata conforme alle istruzioni del cliente. Se il cliente non ha fornito istruzioni particolari per la spedizione, la merce sar\u00e0 spedita al meglio delle nostre conoscenze e con il mezzo di trasporto scelto da GRUPO ALUALCO. I termini di pagamento sono quelli concordati con i nostri clienti. Le date di scadenza dei pagamenti tramite qualsiasi documento di pagamento legalmente accettato devono essere rispettate puntualmente. In caso contrario, siamo autorizzati ad addebitare gli interessi di mora e le perdite causate dal ritardo nel pagamento. I ritardi nei pagamenti comporteranno l&#8217;immediata cancellazione di tutti gli obblighi del GRUPO ALUALCO. L&#8217;acquirente non ha il diritto di trattenere in tutto o in parte i pagamenti dovuti perch\u00e9 non sono stati riconosciuti in alcuna richiesta, in quanto ci\u00f2 non esime l&#8217;acquirente dall&#8217;obbligo di pagamento. Ogni mancato o ritardato pagamento annulla la possibilit\u00e0 del credito, paralizzando la fornitura di materiali fino alla regolarizzazione della situazione. Se questa situazione dovesse ripetersi, il credito verrebbe immediatamente annullato.<\/p>\n<\/div><div class=\"fusion-text fusion-text-11 fusion-text-no-margin\" style=\"text-align:left;font-size:16px;line-height:1.7;letter-spacing:0px;text-transform:var(--awb-typography4-text-transform);color:#303030;font-family:&quot;Raleway&quot;;font-weight:300;\"><p><strong>CONDIZIONI GENERALI DI VENDITA FUERO:<\/strong> er qualsiasi questione e discrepanza derivante da questa transazione, l&#8217;acquirente e il venditore si sottomettono espressamente alla giurisdizione dei giudici e dei tribunali del Tribunale di Elche (Alicante &#8211; Spagna), rinunciando a qualsiasi altra giurisdizione o riserva di propriet\u00e0 che possa corrispondere.<\/p>\n<\/div><div class=\"fusion-text fusion-text-12 fusion-text-no-margin\" style=\"text-align:left;font-size:16px;line-height:1.7;letter-spacing:0px;text-transform:var(--awb-typography4-text-transform);color:#303030;font-family:&quot;Raleway&quot;;font-weight:300;\"><p><strong>COSTI E SPESE:<\/strong> I costi e le spese legali, compresi gli onorari degli avvocati e dei procuratori, saranno sempre a carico della parte contraente che li ha generati a causa di una violazione delle presenti condizioni generali di vendita o del contratto in generale.<\/p>\n<\/div><div class=\"fusion-text fusion-text-13 fusion-text-no-margin\" style=\"text-align:left;font-size:16px;line-height:1.7;letter-spacing:0px;text-transform:var(--awb-typography4-text-transform);color:#303030;font-family:&quot;Raleway&quot;;font-weight:300;\"><p><strong>LEGGE COMPLEMENTARE:<\/strong> Il presente contratto di vendita sar\u00e0 regolato dal presente accordo e, in mancanza, dalle norme del Codice commerciale spagnolo per le vendite in Spagna.<\/p>\n<\/div><style type=\"text\/css\">@media only screen and (max-width:1250px) {.fusion-title.fusion-title-2{margin-top:10px!important; margin-right:0px!important;margin-bottom:15px!important;margin-left:0px!important;}}@media only screen and (max-width:800px) {.fusion-title.fusion-title-2{margin-top:10px!important; margin-right:0px!important;margin-bottom:10px!important; margin-left:0px!important;}}<\/style><div class=\"fusion-title title fusion-title-2 fusion-sep-none fusion-title-center fusion-title-text fusion-title-size-one\" style=\"font-size:18px;margin-top:10px;margin-right:0px;margin-bottom:15px;margin-left:0px;\"><h1 class=\"title-heading-center\" style=\"font-family:&quot;Raleway&quot;;font-weight:600;margin:0;font-size:1em;text-transform:capitalize;color:#000000;\"><strong>Politica di riservatezza<\/strong><\/h1><\/div><div class=\"fusion-text fusion-text-14 fusion-text-no-margin\" style=\"text-align:left;font-size:16px;line-height:1.7;letter-spacing:0px;text-transform:var(--awb-typography4-text-transform);color:#303030;font-family:&quot;Raleway&quot;;font-weight:300;\"><p>Protezione dei dati degli utenti<\/p>\n<p>In conformit\u00e0 con le disposizioni della Legge Organica 15\/1999, del 13 dicembre, sulla Protezione dei Dati Personali, backlitstone.es informa i propri clienti che i dati personali forniti saranno inseriti in un archivio automatizzato di dati personali, creato e mantenuto sotto la responsabilit\u00e0 di backlitstone.es.<\/p>\n<p>Lo scopo di questo file \u00e8 quello di facilitare l&#8217;elaborazione degli ordini e, se ci avete espressamente autorizzato nella casella corrispondente, anche di inviarvi comunicazioni commerciali su prodotti e servizi che potrebbero interessarvi.<\/p>\n<p>Backlitstone.es garantisce la sicurezza e la riservatezza dei dati forniti.<\/p>\n<p>In questo modo, si impegna a rispettare l&#8217;obbligo di mantenere la segretezza dei dati personali e il dovere di conservarli e di adottare tutte le misure necessarie per impedirne l&#8217;alterazione, la perdita, il trattamento o l&#8217;uso non autorizzato.<\/p>\n<p>Pertanto, tutte le informazioni sui nostri clienti non saranno utilizzate per scopi commerciali e non saranno cedute a terzi. I clienti di backlitstone.es possono in qualsiasi momento esercitare i loro diritti di accesso, rettifica, cancellazione e opposizione scrivendo al nostro indirizzo email<em><strong> info@backlitstone.es<\/strong><\/em><\/p>\n<p>Backlitstone.es si riserva il diritto di modificare la propria politica sulla privacy a sua esclusiva discrezione, o a causa di cambiamenti nella legislazione, nella giurisprudenza o nelle pratiche commerciali.<\/p>\n<p>Se backlitstone.es apporta modifiche, il nuovo testo sar\u00e0 pubblicato su questo sito web, dove l&#8217;utente sar\u00e0 informato dell&#8217;attuale politica sulla privacy di backlitstone.es.<\/p>\n<p>In ogni caso, il rapporto con gli utenti sar\u00e0 regolato dalle norme in vigore nel preciso momento in cui si accede al sito.<\/p>\n<\/div><style type=\"text\/css\">@media only screen and (max-width:1250px) {.fusion-title.fusion-title-3{margin-top:10px!important; margin-right:0px!important;margin-bottom:15px!important;margin-left:0px!important;}}@media only screen and (max-width:800px) {.fusion-title.fusion-title-3{margin-top:10px!important; margin-right:0px!important;margin-bottom:10px!important; margin-left:0px!important;}}<\/style><div class=\"fusion-title title fusion-title-3 fusion-sep-none fusion-title-center fusion-title-text fusion-title-size-one\" style=\"font-size:18px;margin-top:10px;margin-right:0px;margin-bottom:15px;margin-left:0px;\"><h1 class=\"title-heading-center\" style=\"font-family:&quot;Raleway&quot;;font-weight:600;margin:0;font-size:1em;text-transform:capitalize;color:#000000;\"><strong>Legge applicabile e giurisdizione<\/strong><\/h1><\/div><div class=\"fusion-text fusion-text-15 fusion-text-no-margin\" style=\"text-align:left;font-size:16px;line-height:1.7;letter-spacing:0px;text-transform:var(--awb-typography4-text-transform);color:#303030;font-family:&quot;Raleway&quot;;font-weight:300;\"><p>In generale, i rapporti con i nostri clienti, derivanti dalla fornitura dei servizi contenuti nel nostro sito web, sono soggetti alla legislazione e alla giurisdizione spagnola; le parti si sottomettono alle corti e ai tribunali della citt\u00e0 di Elche, e ai loro superiori gerarchici, rinunciando espressamente ad altre giurisdizioni se ne hanno e se sono diverse da quelle sopra menzionate.<\/p>\n<p>Gli utenti del nostro sito web sono consapevoli di quanto sopra e lo accettano volontariamente.<\/p>\n<p>Se avete commenti o suggerimenti, utilizzate il nostro indirizzo e-mail: info@backlitstone.es<\/p>\n<\/div><\/div><style type=\"text\/css\">.fusion-body .fusion-builder-column-0{width:100% !important;margin-top : 0px;margin-bottom : 20px;}.fusion-builder-column-0 > .fusion-column-wrapper {padding-top : 0px !important;padding-right : 0px !important;margin-right : 2.88%;padding-bottom : 0px !important;padding-left : 0px !important;margin-left : 1.92%;}@media only screen and (max-width:1250px) {.fusion-body .fusion-builder-column-0{width:50% !important;order : 0;}.fusion-builder-column-0 > .fusion-column-wrapper {margin-right : 5.76%;margin-left : 3.84%;}}@media only screen and (max-width:800px) {.fusion-body .fusion-builder-column-0{width:100% !important;order : 0;margin-bottom : 30px;}.fusion-builder-column-0 > .fusion-column-wrapper {margin-right : 1.92%;margin-left : 3.84%;}}<\/style><\/div><\/div><style type=\"text\/css\">.fusion-fullwidth.fusion-builder-row-1 a:not(.awb-custom-text-color):not(.fusion-button):not(.fusion-builder-module-control):not(.fusion-social-network-icon):not(.fb-icon-element):not(.fusion-countdown-link):not(.fusion-rollover-link):not(.fusion-rollover-gallery):not(.fusion-button-bar):not(.add_to_cart_button):not(.show_details_button):not(.product_type_external):not(.fusion-view-cart):not(.fusion-quick-view):not(.fusion-rollover-title-link):not(.fusion-breadcrumb-link) , .fusion-fullwidth.fusion-builder-row-1 a:not(.awb-custom-text-color):not(.fusion-button):not(.fusion-builder-module-control):not(.fusion-social-network-icon):not(.fb-icon-element):not(.fusion-countdown-link):not(.fusion-rollover-link):not(.fusion-rollover-gallery):not(.fusion-button-bar):not(.add_to_cart_button):not(.show_details_button):not(.product_type_external):not(.fusion-view-cart):not(.fusion-quick-view):not(.fusion-rollover-title-link):not(.fusion-breadcrumb-link):before, .fusion-fullwidth.fusion-builder-row-1 a:not(.awb-custom-text-color):not(.fusion-button):not(.fusion-builder-module-control):not(.fusion-social-network-icon):not(.fb-icon-element):not(.fusion-countdown-link):not(.fusion-rollover-link):not(.fusion-rollover-gallery):not(.fusion-button-bar):not(.add_to_cart_button):not(.show_details_button):not(.product_type_external):not(.fusion-view-cart):not(.fusion-quick-view):not(.fusion-rollover-title-link):not(.fusion-breadcrumb-link):after {color: #ffffff;}.fusion-body .fusion-flex-container.fusion-builder-row-1{ padding-top : 90px;margin-top : 0px;padding-right : 6vw;padding-bottom : 90px;margin-bottom : 0px;padding-left : 6vw;}@media only screen and (max-width:1250px) {.fusion-body .fusion-flex-container.fusion-builder-row-1{ padding-top : 60px;padding-bottom : 60px;}}@media only screen and (max-width:800px) {.fusion-body .fusion-flex-container.fusion-builder-row-1{ padding-top : 30px;padding-right : 30px;padding-bottom : 30px;padding-left : 30px;}}<\/style><\/div>\n","protected":false},"excerpt":{"rendered":"","protected":false},"author":2,"featured_media":0,"parent":0,"menu_order":0,"comment_status":"closed","ping_status":"closed","template":"100-width.php","meta":[],"_links":{"self":[{"href":"https:\/\/backlitstone.es\/it\/wp-json\/wp\/v2\/pages\/8287"}],"collection":[{"href":"https:\/\/backlitstone.es\/it\/wp-json\/wp\/v2\/pages"}],"about":[{"href":"https:\/\/backlitstone.es\/it\/wp-json\/wp\/v2\/types\/page"}],"author":[{"embeddable":true,"href":"https:\/\/backlitstone.es\/it\/wp-json\/wp\/v2\/users\/2"}],"replies":[{"embeddable":true,"href":"https:\/\/backlitstone.es\/it\/wp-json\/wp\/v2\/comments?post=8287"}],"version-history":[{"count":2,"href":"https:\/\/backlitstone.es\/it\/wp-json\/wp\/v2\/pages\/8287\/revisions"}],"predecessor-version":[{"id":8289,"href":"https:\/\/backlitstone.es\/it\/wp-json\/wp\/v2\/pages\/8287\/revisions\/8289"}],"wp:attachment":[{"href":"https:\/\/backlitstone.es\/it\/wp-json\/wp\/v2\/media?parent=8287"}],"curies":[{"name":"wp","href":"https:\/\/api.w.org\/{rel}","templated":true}]}}