{"id":8290,"date":"2022-07-05T10:45:56","date_gmt":"2022-07-05T10:45:56","guid":{"rendered":"https:\/\/backlitstone.es\/termini-e-condizioni-generali\/"},"modified":"2022-10-04T11:37:46","modified_gmt":"2022-10-04T11:37:46","slug":"termini-e-condizioni-generali","status":"publish","type":"page","link":"https:\/\/backlitstone.es\/it\/termini-e-condizioni-generali\/","title":{"rendered":"Termini e condizioni generali"},"content":{"rendered":"<div class=\"fusion-fullwidth fullwidth-box fusion-builder-row-1 fusion-flex-container hundred-percent-fullwidth non-hundred-percent-height-scrolling\" style=\"background-color: var(--awb-color1);background-position: center top;background-repeat: no-repeat;border-width: 0px 0px 0px 0px;border-color:var(--awb-color3);border-style:solid;\" ><div class=\"fusion-builder-row fusion-row fusion-flex-align-items-flex-end\" style=\"width:104% !important;max-width:104% !important;margin-left: calc(-4% \/ 2 );margin-right: calc(-4% \/ 2 );\"><div class=\"fusion-layout-column fusion_builder_column fusion-builder-column-0 fusion_builder_column_1_1 1_1 fusion-flex-column fusion-animated\" data-animationType=\"fadeIn\" data-animationDuration=\"0.8\" data-animationOffset=\"top-into-view\"><div class=\"fusion-column-wrapper fusion-flex-justify-content-flex-start fusion-content-layout-column\" style=\"background-position:left top;background-repeat:no-repeat;-webkit-background-size:cover;-moz-background-size:cover;-o-background-size:cover;background-size:cover;padding: 0px 0px 0px 0px;\"><style type=\"text\/css\">@media only screen and (max-width:1250px) {.fusion-title.fusion-title-1{margin-top:10px!important; margin-right:0px!important;margin-bottom:15px!important;margin-left:0px!important;}}@media only screen and (max-width:800px) {.fusion-title.fusion-title-1{margin-top:10px!important; margin-right:0px!important;margin-bottom:10px!important; margin-left:0px!important;}}<\/style><div class=\"fusion-title title fusion-title-1 fusion-sep-none fusion-title-text fusion-title-size-one\" style=\"font-size:20px;margin-top:10px;margin-right:0px;margin-bottom:15px;margin-left:0px;\"><h1 class=\"title-heading-left\" style=\"font-family:&quot;Raleway&quot;;font-weight:700;margin:0;font-size:1em;text-transform:uppercase;color:#000000;\"><strong>Condizioni generali d&#8217;uso<\/strong><\/h1><\/div><div class=\"fusion-text fusion-text-1 fusion-text-no-margin\" style=\"text-align:left;font-size:16px;line-height:1.7;letter-spacing:0px;text-transform:var(--awb-typography4-text-transform);color:#303030;font-family:&quot;Raleway&quot;;font-weight:300;\"><p>L&#8217;accesso a questo sito web, il suo utilizzo e l&#8217;acquisto di uno qualsiasi degli articoli presenti su backlitstone.es presuppongono la lettura, la conoscenza e l&#8217;accettazione delle presenti CONDIZIONI GENERALI, nella versione pubblicata su questa pagina, nel momento in cui l&#8217;utente vi accede.<\/p>\n<p>Le presenti CONDIZIONI GENERALI D&#8217;USO possono essere modificate per adeguarle alla legislazione vigente in qualsiasi momento, pertanto l&#8217;utente deve leggere attentamente la presente nota legale ogni volta che procede all&#8217;utilizzo del sito web backlitstone.es.<\/p>\n<p>Se non siete d&#8217;accordo, non utilizzate backlitstone.es<\/p>\n<\/div><style type=\"text\/css\">@media only screen and (max-width:1250px) {.fusion-title.fusion-title-2{margin-top:10px!important; margin-right:0px!important;margin-bottom:15px!important;margin-left:0px!important;}}@media only screen and (max-width:800px) {.fusion-title.fusion-title-2{margin-top:10px!important; margin-right:0px!important;margin-bottom:10px!important; margin-left:0px!important;}}<\/style><div class=\"fusion-title title fusion-title-2 fusion-sep-none fusion-title-text fusion-title-size-one\" style=\"font-size:18px;margin-top:10px;margin-right:0px;margin-bottom:15px;margin-left:0px;\"><h1 class=\"title-heading-left\" style=\"font-family:&quot;Raleway&quot;;font-weight:600;margin:0;font-size:1em;text-transform:capitalize;color:#000000;\"><strong>1.\u00a0<\/strong><b>Dettagli dell&#8217;azienda<\/b><b><\/b><\/h1><\/div><div class=\"fusion-text fusion-text-2 fusion-text-no-margin\" style=\"text-align:left;font-size:16px;line-height:1.7;letter-spacing:0px;text-transform:var(--awb-typography4-text-transform);color:#303030;font-family:&quot;Raleway&quot;;font-weight:300;\"><p>Il proprietario di www.backlitstone.es \u00e8 ALUALCO ALUMINUM SYSTEMS, S.L.U. con partita IVA B-42574582 e sede legale in Calle Rio Segura 27 Nave 03320 Torrellano Alicante.<\/p>\n<p><strong>Backlitstone.es<\/strong> oltre a questo sito web ha un punto vendita al dettaglio:<\/p>\n<ul>\n<li>ALUALCO ALUMINUM SYSTEMS, S.L.U. in Calle Rio Segura, 27 Nave 03320 Torrellano (Alicante) Tel. 966447753<\/li>\n<\/ul>\n<p>Se desiderate saperne di pi\u00f9 sul nostro negozio, contattateci al seguente indirizzo e-mail:<strong> info@backlitstone.es<\/strong> e saremo lieti di fornirvi tutte le informazioni di cui avete bisogno.<\/p>\n<p><strong>Se avete bisogno di informazioni o di aiuto in merito a prodotti, ordini, spedizioni, resi, ecc. potete contattarci scrivendo all&#8217;indirizzo e-mail info@backlitstone.es<\/strong><\/p>\n<\/div><style type=\"text\/css\">@media only screen and (max-width:1250px) {.fusion-title.fusion-title-3{margin-top:10px!important; margin-right:0px!important;margin-bottom:15px!important;margin-left:0px!important;}}@media only screen and (max-width:800px) {.fusion-title.fusion-title-3{margin-top:10px!important; margin-right:0px!important;margin-bottom:10px!important; margin-left:0px!important;}}<\/style><div class=\"fusion-title title fusion-title-3 fusion-sep-none fusion-title-text fusion-title-size-one\" style=\"font-size:18px;margin-top:10px;margin-right:0px;margin-bottom:15px;margin-left:0px;\"><h1 class=\"title-heading-left\" style=\"font-family:&quot;Raleway&quot;;font-weight:600;margin:0;font-size:1em;text-transform:capitalize;color:#000000;\"><strong>2. Prezzi del sito web<\/strong><\/h1><\/div><div class=\"fusion-text fusion-text-3 fusion-text-no-margin\" style=\"text-align:left;font-size:16px;line-height:1.7;letter-spacing:0px;text-transform:var(--awb-typography4-text-transform);color:#303030;font-family:&quot;Raleway&quot;;font-weight:300;\"><p>I prezzi indicati su backlitstone.es per i Paesi dell&#8217;Unione Europea sono gi\u00e0 comprensivi dell&#8217;IVA eventualmente applicabile, quindi non vi sar\u00e0 alcun sovrapprezzo.<\/p>\n<\/div><style type=\"text\/css\">@media only screen and (max-width:1250px) {.fusion-title.fusion-title-4{margin-top:10px!important; margin-right:0px!important;margin-bottom:15px!important;margin-left:0px!important;}}@media only screen and (max-width:800px) {.fusion-title.fusion-title-4{margin-top:10px!important; margin-right:0px!important;margin-bottom:10px!important; margin-left:0px!important;}}<\/style><div class=\"fusion-title title fusion-title-4 fusion-sep-none fusion-title-text fusion-title-size-one\" style=\"font-size:18px;margin-top:10px;margin-right:0px;margin-bottom:15px;margin-left:0px;\"><h1 class=\"title-heading-left\" style=\"font-family:&quot;Raleway&quot;;font-weight:600;margin:0;font-size:1em;text-transform:capitalize;color:#000000;\"><strong>3.\u00a0<\/strong><strong>Diritti di propriet\u00e0 intellettuale del sito web<\/strong><\/h1><\/div><div class=\"fusion-text fusion-text-4 fusion-text-no-margin\" style=\"text-align:left;font-size:16px;line-height:1.7;letter-spacing:0px;text-transform:var(--awb-typography4-text-transform);color:#303030;font-family:&quot;Raleway&quot;;font-weight:300;\"><p>L&#8217;utente riconosce e accetta che tutti i diritti di propriet\u00e0 intellettuale del contenuto di questo sito web, il suo design grafico, i testi, le immagini e i codici sorgente sono di propriet\u00e0 esclusiva di backlitstone.es, e che abbiamo il diritto esclusivo di sfruttarli. La loro riproduzione, distribuzione, comunicazione pubblica e trasformazione, totale o parziale, \u00e8 vietata senza l&#8217;espressa autorizzazione di info@backlitstone.es. Allo stesso modo, tutti i nomi commerciali, i marchi o i segni distintivi di qualsiasi tipo contenuti in questo sito web sono protetti dalla legge.<\/p>\n<\/div><style type=\"text\/css\">@media only screen and (max-width:1250px) {.fusion-title.fusion-title-5{margin-top:10px!important; margin-right:0px!important;margin-bottom:15px!important;margin-left:0px!important;}}@media only screen and (max-width:800px) {.fusion-title.fusion-title-5{margin-top:10px!important; margin-right:0px!important;margin-bottom:10px!important; margin-left:0px!important;}}<\/style><div class=\"fusion-title title fusion-title-5 fusion-sep-none fusion-title-text fusion-title-size-one\" style=\"font-size:18px;margin-top:10px;margin-right:0px;margin-bottom:15px;margin-left:0px;\"><h1 class=\"title-heading-left\" style=\"font-family:&quot;Raleway&quot;;font-weight:600;margin:0;font-size:1em;text-transform:capitalize;color:#000000;\"><p><strong>4.\u00a0<\/strong><b>Limitazione di responsabilit\u00e0<\/b><\/p>\n<ul>\n<li>4.1\u00a0<strong>Contenuto web<\/strong><\/li>\n<\/ul><\/h1><\/div><div class=\"fusion-text fusion-text-5 fusion-text-no-margin\" style=\"text-align:left;font-size:16px;line-height:1.7;letter-spacing:0px;text-transform:var(--awb-typography4-text-transform);color:#303030;font-family:&quot;Raleway&quot;;font-weight:300;\"><p>In backlitstone.es non siamo responsabili dell&#8217;uso improprio dei contenuti del nostro sito, essendo la responsabilit\u00e0 esclusiva della persona che vi accede o li utilizza.<\/p>\n<p>Decliniamo inoltre ogni responsabilit\u00e0 per qualsiasi perdita o danno che possiate subire a causa di errori, difetti o omissioni nelle informazioni da noi fornite quando queste provengono da fonti esterne.<\/p>\n<\/div><style type=\"text\/css\">@media only screen and (max-width:1250px) {.fusion-title.fusion-title-6{margin-top:10px!important; margin-right:0px!important;margin-bottom:15px!important;margin-left:0px!important;}}@media only screen and (max-width:800px) {.fusion-title.fusion-title-6{margin-top:10px!important; margin-right:0px!important;margin-bottom:10px!important; margin-left:0px!important;}}<\/style><div class=\"fusion-title title fusion-title-6 fusion-sep-none fusion-title-text fusion-title-size-one\" style=\"font-size:18px;margin-top:10px;margin-right:0px;margin-bottom:15px;margin-left:0px;\"><h1 class=\"title-heading-left\" style=\"font-family:&quot;Raleway&quot;;font-weight:600;margin:0;font-size:1em;text-transform:capitalize;color:#000000;\"><ul>\n<li>4.2\u00a0<strong>Link ad altri siti web<\/strong><\/li>\n<\/ul><\/h1><\/div><div class=\"fusion-text fusion-text-6 fusion-text-no-margin\" style=\"text-align:left;font-size:16px;line-height:1.7;letter-spacing:0px;text-transform:var(--awb-typography4-text-transform);color:#303030;font-family:&quot;Raleway&quot;;font-weight:300;\"><p>Backlitstone.es contiene link a siti web di terzi, in genere alle diverse marche dei nostri prodotti. Si tratta di link ufficiali e quindi sicuri. Tuttavia, backlitstone.es non pu\u00f2 in alcun modo essere ritenuta responsabile per il contenuto di questi siti web o per le misure da essi adottate in materia di privacy o di trattamento dei vostri dati personali.<\/p>\n<\/div><style type=\"text\/css\">@media only screen and (max-width:1250px) {.fusion-title.fusion-title-7{margin-top:10px!important; margin-right:0px!important;margin-bottom:15px!important;margin-left:0px!important;}}@media only screen and (max-width:800px) {.fusion-title.fusion-title-7{margin-top:10px!important; margin-right:0px!important;margin-bottom:10px!important; margin-left:0px!important;}}<\/style><div class=\"fusion-title title fusion-title-7 fusion-sep-none fusion-title-text fusion-title-size-one\" style=\"font-size:18px;margin-top:10px;margin-right:0px;margin-bottom:15px;margin-left:0px;\"><h1 class=\"title-heading-left\" style=\"font-family:&quot;Raleway&quot;;font-weight:600;margin:0;font-size:1em;text-transform:capitalize;color:#000000;\"><ul>\n<li>4.3\u00a0<strong>Link da altri siti web<\/strong><\/li>\n<\/ul><\/h1><\/div><div class=\"fusion-text fusion-text-7 fusion-text-no-margin\" style=\"text-align:left;font-size:16px;line-height:1.7;letter-spacing:0px;text-transform:var(--awb-typography4-text-transform);color:#303030;font-family:&quot;Raleway&quot;;font-weight:300;\"><p>La creazione di un link non implica necessariamente l&#8217;esistenza di una relazione tra backlitstone.es e il proprietario del sito web in cui viene stabilito il link, n\u00e9 l&#8217;accettazione e l&#8217;approvazione da parte di backlitstone.es dei suoi contenuti o servizi.<\/p>\n<p>Backlitstone.es non pu\u00f2 in alcun modo essere ritenuta responsabile per il contenuto di questi siti web o per le misure che essi adottano in materia di privacy o di trattamento dei vostri dati personali.<\/p>\n<\/div><style type=\"text\/css\">@media only screen and (max-width:1250px) {.fusion-title.fusion-title-8{margin-top:10px!important; margin-right:0px!important;margin-bottom:15px!important;margin-left:0px!important;}}@media only screen and (max-width:800px) {.fusion-title.fusion-title-8{margin-top:10px!important; margin-right:0px!important;margin-bottom:10px!important; margin-left:0px!important;}}<\/style><div class=\"fusion-title title fusion-title-8 fusion-sep-none fusion-title-text fusion-title-size-one\" style=\"font-size:18px;margin-top:10px;margin-right:0px;margin-bottom:15px;margin-left:0px;\"><h1 class=\"title-heading-left\" style=\"font-family:&quot;Raleway&quot;;font-weight:600;margin:0;font-size:1em;text-transform:capitalize;color:#000000;\"><ul>\n<li>4.4\u00a0<strong>Utilizzo dei nostri prodotti<\/strong><\/li>\n<\/ul><\/h1><\/div><div class=\"fusion-text fusion-text-8 fusion-text-no-margin\" style=\"text-align:left;font-size:16px;line-height:1.7;letter-spacing:0px;text-transform:var(--awb-typography4-text-transform);color:#303030;font-family:&quot;Raleway&quot;;font-weight:300;\"><p>In backlitstone.es non siamo responsabili dell&#8217;uso improprio dei prodotti acquistati attraverso il nostro sito, essendo la responsabilit\u00e0 esclusiva della persona che li acquista.<\/p>\n<\/div><style type=\"text\/css\">@media only screen and (max-width:1250px) {.fusion-title.fusion-title-9{margin-top:10px!important; margin-right:0px!important;margin-bottom:15px!important;margin-left:0px!important;}}@media only screen and (max-width:800px) {.fusion-title.fusion-title-9{margin-top:10px!important; margin-right:0px!important;margin-bottom:10px!important; margin-left:0px!important;}}<\/style><div class=\"fusion-title title fusion-title-9 fusion-sep-none fusion-title-text fusion-title-size-one\" style=\"font-size:18px;margin-top:10px;margin-right:0px;margin-bottom:15px;margin-left:0px;\"><h1 class=\"title-heading-left\" style=\"font-family:&quot;Raleway&quot;;font-weight:600;margin:0;font-size:1em;text-transform:capitalize;color:#000000;\"><ul>\n<li>4.5\u00a0<strong>Aggiornamento e modifica del sito web<\/strong><\/li>\n<\/ul><\/h1><\/div><div class=\"fusion-text fusion-text-9 fusion-text-no-margin\" style=\"text-align:left;font-size:16px;line-height:1.7;letter-spacing:0px;text-transform:var(--awb-typography4-text-transform);color:#303030;font-family:&quot;Raleway&quot;;font-weight:300;\"><p>Backlitstone.es si riserva il diritto di aggiornare, modificare o eliminare le informazioni contenute nel proprio sito web e la configurazione o la presentazione delle stesse, in qualsiasi momento, senza preavviso e senza assumersi alcuna responsabilit\u00e0 in merito.<\/p>\n<\/div><style type=\"text\/css\">@media only screen and (max-width:1250px) {.fusion-title.fusion-title-10{margin-top:10px!important; margin-right:0px!important;margin-bottom:15px!important;margin-left:0px!important;}}@media only screen and (max-width:800px) {.fusion-title.fusion-title-10{margin-top:10px!important; margin-right:0px!important;margin-bottom:10px!important; margin-left:0px!important;}}<\/style><div class=\"fusion-title title fusion-title-10 fusion-sep-none fusion-title-text fusion-title-size-one\" style=\"font-size:18px;margin-top:10px;margin-right:0px;margin-bottom:15px;margin-left:0px;\"><h1 class=\"title-heading-left\" style=\"font-family:&quot;Raleway&quot;;font-weight:600;margin:0;font-size:1em;text-transform:capitalize;color:#000000;\"><ul>\n<li>4.6\u00a0<strong>Note sugli aspetti tecnici<\/strong><\/li>\n<\/ul><\/h1><\/div><div class=\"fusion-text fusion-text-10 fusion-text-no-margin\" style=\"text-align:left;font-size:16px;line-height:1.7;letter-spacing:0px;text-transform:var(--awb-typography4-text-transform);color:#303030;font-family:&quot;Raleway&quot;;font-weight:300;\"><p>Backlitstone.es non si assume alcuna responsabilit\u00e0 che possa derivare da problemi tecnici o guasti alle apparecchiature informatiche, non imputabili alla nostra Societ\u00e0, che si verifichino durante la connessione a Internet, cos\u00ec come da danni che possano essere causati da terzi attraverso interferenze illegali al di fuori del controllo di backlitstone.es.<\/p>\n<\/div><style type=\"text\/css\">@media only screen and (max-width:1250px) {.fusion-title.fusion-title-11{margin-top:10px!important; margin-right:0px!important;margin-bottom:15px!important;margin-left:0px!important;}}@media only screen and (max-width:800px) {.fusion-title.fusion-title-11{margin-top:10px!important; margin-right:0px!important;margin-bottom:10px!important; margin-left:0px!important;}}<\/style><div class=\"fusion-title title fusion-title-11 fusion-sep-none fusion-title-text fusion-title-size-one\" style=\"font-size:18px;margin-top:10px;margin-right:0px;margin-bottom:15px;margin-left:0px;\"><h1 class=\"title-heading-left\" style=\"font-family:&quot;Raleway&quot;;font-weight:600;margin:0;font-size:1em;text-transform:capitalize;color:#000000;\"><strong>5.\u00a0<\/strong><strong>Utenti<\/strong><\/h1><\/div><div class=\"fusion-text fusion-text-11 fusion-text-no-margin\" style=\"text-align:left;font-size:16px;line-height:1.7;letter-spacing:0px;text-transform:var(--awb-typography4-text-transform);color:#303030;font-family:&quot;Raleway&quot;;font-weight:300;\"><p>L&#8217;utente si impegna a utilizzare il sito nel rispetto della legge e del buon costume, a non utilizzarlo per attivit\u00e0 illecite o criminali, n\u00e9 a violare i diritti di terzi. A sua volta, l&#8217;utente si impegna a inserire dati veritieri.<\/p>\n<p>Fermo restando quanto sopra, backlitstone.es si riserva il diritto, a sua esclusiva discrezione e in qualsiasi circostanza, di cancellare, rimuovere o vietare l&#8217;utilizzo di uno o tutti i servizi del sito a uno qualsiasi dei suoi utenti, a causa di un uso scorretto o improprio degli stessi, come dettagliato nelle presenti condizioni generali o nelle condizioni particolari di ciascun servizio.<\/p>\n<p>L&#8217;utente garantisce che i dati personali forniti a backlitstone.es sono veritieri ed \u00e8 responsabile della comunicazione di eventuali variazioni degli stessi.<\/p>\n<p>L&#8217;utente sar\u00e0 l&#8217;unico responsabile di qualsiasi perdita o danno, diretto o indiretto, che possa essere causato a backlitstone.es o a terzi a causa della compilazione dei moduli con dati falsi, imprecisi, incompleti o non aggiornati. L&#8217;utente non potr\u00e0 inserire dati personali di terzi senza il loro preventivo consenso informato delle disposizioni della presente informativa sulla privacy, essendo l&#8217;unico responsabile del loro inserimento.<\/p>\n<\/div><\/div><style type=\"text\/css\">.fusion-body .fusion-builder-column-0{width:100% !important;margin-top : 0px;margin-bottom : 20px;}.fusion-builder-column-0 > .fusion-column-wrapper {padding-top : 0px !important;padding-right : 0px !important;margin-right : 2.88%;padding-bottom : 0px !important;padding-left : 0px !important;margin-left : 1.92%;}@media only screen and (max-width:1250px) {.fusion-body .fusion-builder-column-0{width:50% !important;order : 0;}.fusion-builder-column-0 > .fusion-column-wrapper {margin-right : 5.76%;margin-left : 3.84%;}}@media only screen and (max-width:800px) {.fusion-body .fusion-builder-column-0{width:100% !important;order : 0;margin-bottom : 30px;}.fusion-builder-column-0 > .fusion-column-wrapper {margin-right : 1.92%;margin-left : 3.84%;}}<\/style><\/div><\/div><style type=\"text\/css\">.fusion-fullwidth.fusion-builder-row-1 a:not(.awb-custom-text-color):not(.fusion-button):not(.fusion-builder-module-control):not(.fusion-social-network-icon):not(.fb-icon-element):not(.fusion-countdown-link):not(.fusion-rollover-link):not(.fusion-rollover-gallery):not(.fusion-button-bar):not(.add_to_cart_button):not(.show_details_button):not(.product_type_external):not(.fusion-view-cart):not(.fusion-quick-view):not(.fusion-rollover-title-link):not(.fusion-breadcrumb-link) , .fusion-fullwidth.fusion-builder-row-1 a:not(.awb-custom-text-color):not(.fusion-button):not(.fusion-builder-module-control):not(.fusion-social-network-icon):not(.fb-icon-element):not(.fusion-countdown-link):not(.fusion-rollover-link):not(.fusion-rollover-gallery):not(.fusion-button-bar):not(.add_to_cart_button):not(.show_details_button):not(.product_type_external):not(.fusion-view-cart):not(.fusion-quick-view):not(.fusion-rollover-title-link):not(.fusion-breadcrumb-link):before, .fusion-fullwidth.fusion-builder-row-1 a:not(.awb-custom-text-color):not(.fusion-button):not(.fusion-builder-module-control):not(.fusion-social-network-icon):not(.fb-icon-element):not(.fusion-countdown-link):not(.fusion-rollover-link):not(.fusion-rollover-gallery):not(.fusion-button-bar):not(.add_to_cart_button):not(.show_details_button):not(.product_type_external):not(.fusion-view-cart):not(.fusion-quick-view):not(.fusion-rollover-title-link):not(.fusion-breadcrumb-link):after {color: #ffffff;}.fusion-body .fusion-flex-container.fusion-builder-row-1{ padding-top : 90px;margin-top : 0px;padding-right : 6vw;padding-bottom : 90px;margin-bottom : 0px;padding-left : 6vw;}@media only screen and (max-width:1250px) {.fusion-body .fusion-flex-container.fusion-builder-row-1{ padding-top : 60px;padding-bottom : 60px;}}@media only screen and (max-width:800px) {.fusion-body .fusion-flex-container.fusion-builder-row-1{ padding-top : 30px;padding-right : 30px;padding-bottom : 30px;padding-left : 30px;}}<\/style><\/div>\n","protected":false},"excerpt":{"rendered":"","protected":false},"author":1,"featured_media":0,"parent":0,"menu_order":0,"comment_status":"closed","ping_status":"closed","template":"100-width.php","meta":[],"_links":{"self":[{"href":"https:\/\/backlitstone.es\/it\/wp-json\/wp\/v2\/pages\/8290"}],"collection":[{"href":"https:\/\/backlitstone.es\/it\/wp-json\/wp\/v2\/pages"}],"about":[{"href":"https:\/\/backlitstone.es\/it\/wp-json\/wp\/v2\/types\/page"}],"author":[{"embeddable":true,"href":"https:\/\/backlitstone.es\/it\/wp-json\/wp\/v2\/users\/1"}],"replies":[{"embeddable":true,"href":"https:\/\/backlitstone.es\/it\/wp-json\/wp\/v2\/comments?post=8290"}],"version-history":[{"count":2,"href":"https:\/\/backlitstone.es\/it\/wp-json\/wp\/v2\/pages\/8290\/revisions"}],"predecessor-version":[{"id":8292,"href":"https:\/\/backlitstone.es\/it\/wp-json\/wp\/v2\/pages\/8290\/revisions\/8292"}],"wp:attachment":[{"href":"https:\/\/backlitstone.es\/it\/wp-json\/wp\/v2\/media?parent=8290"}],"curies":[{"name":"wp","href":"https:\/\/api.w.org\/{rel}","templated":true}]}}