{"id":8293,"date":"2022-07-11T12:40:39","date_gmt":"2022-07-11T12:40:39","guid":{"rendered":"https:\/\/backlitstone.es\/politica-de-cookie\/"},"modified":"2022-10-04T11:39:42","modified_gmt":"2022-10-04T11:39:42","slug":"politica-de-cookie","status":"publish","type":"page","link":"https:\/\/backlitstone.es\/pt-pt\/politica-de-cookie\/","title":{"rendered":"Pol\u00edtica de Cookie"},"content":{"rendered":"<div class=\"fusion-fullwidth fullwidth-box fusion-builder-row-1 fusion-flex-container hundred-percent-fullwidth non-hundred-percent-height-scrolling\" style=\"background-color: var(--awb-color1);background-position: center top;background-repeat: no-repeat;border-width: 0px 0px 0px 0px;border-color:var(--awb-color3);border-style:solid;\" ><div class=\"fusion-builder-row fusion-row fusion-flex-align-items-flex-end\" style=\"width:104% !important;max-width:104% !important;margin-left: calc(-4% \/ 2 );margin-right: calc(-4% \/ 2 );\"><div class=\"fusion-layout-column fusion_builder_column fusion-builder-column-0 fusion_builder_column_1_1 1_1 fusion-flex-column fusion-animated\" data-animationType=\"fadeIn\" data-animationDuration=\"0.8\" data-animationOffset=\"top-into-view\"><div class=\"fusion-column-wrapper fusion-flex-justify-content-flex-start fusion-content-layout-column\" style=\"background-position:left top;background-repeat:no-repeat;-webkit-background-size:cover;-moz-background-size:cover;-o-background-size:cover;background-size:cover;padding: 0px 0px 0px 0px;\"><style type=\"text\/css\">@media only screen and (max-width:1250px) {.fusion-title.fusion-title-1{margin-top:10px!important; margin-right:0px!important;margin-bottom:15px!important;margin-left:0px!important;}}@media only screen and (max-width:800px) {.fusion-title.fusion-title-1{margin-top:10px!important; margin-right:0px!important;margin-bottom:10px!important; margin-left:0px!important;}}<\/style><div class=\"fusion-title title fusion-title-1 fusion-sep-none fusion-title-center fusion-title-text fusion-title-size-one\" style=\"font-size:20px;margin-top:10px;margin-right:0px;margin-bottom:15px;margin-left:0px;\"><h1 class=\"title-heading-center\" style=\"font-family:&quot;Raleway&quot;;font-weight:700;margin:0;font-size:1em;text-transform:uppercase;color:#000000;\"><strong>POL\u00cdTICA DE COOKIES<\/strong><\/h1><\/div><style type=\"text\/css\">@media only screen and (max-width:1250px) {.fusion-title.fusion-title-2{margin-top:10px!important; margin-right:0px!important;margin-bottom:15px!important;margin-left:0px!important;}}@media only screen and (max-width:800px) {.fusion-title.fusion-title-2{margin-top:10px!important; margin-right:0px!important;margin-bottom:10px!important; margin-left:0px!important;}}<\/style><div class=\"fusion-title title fusion-title-2 fusion-sep-none fusion-title-text fusion-title-size-one\" style=\"font-size:18px;margin-top:10px;margin-right:0px;margin-bottom:15px;margin-left:0px;\"><h1 class=\"title-heading-left\" style=\"font-family:&quot;Raleway&quot;;font-weight:600;margin:0;font-size:1em;text-transform:capitalize;color:#000000;\"><strong>INFORMA\u00c7\u00c3O DO USU\u00c1RIO<\/strong><\/h1><\/div><div class=\"fusion-text fusion-text-1 fusion-text-no-margin\" style=\"text-align:left;font-size:16px;line-height:1.7;letter-spacing:0px;text-transform:var(--awb-typography4-text-transform);color:#303030;font-family:&quot;Raleway&quot;;font-weight:300;\"><p>Na BacklitStone utilizamos cookies para fornecer um melhor servi\u00e7o e dar-lhe uma melhor experi\u00eancia de navega\u00e7\u00e3o. Queremos inform\u00e1-lo clara e precisamente sobre os cookies que utilizamos, detalhando abaixo o que \u00e9 um cookie, para que \u00e9 utilizado, que tipos de cookies utilizamos, qual \u00e9 a sua finalidade e como pode configur\u00e1-los ou desactiv\u00e1-los, se assim o desejar.<\/p>\n<\/div><style type=\"text\/css\">@media only screen and (max-width:1250px) {.fusion-title.fusion-title-3{margin-top:10px!important; margin-right:0px!important;margin-bottom:15px!important;margin-left:0px!important;}}@media only screen and (max-width:800px) {.fusion-title.fusion-title-3{margin-top:10px!important; margin-right:0px!important;margin-bottom:10px!important; margin-left:0px!important;}}<\/style><div class=\"fusion-title title fusion-title-3 fusion-sep-none fusion-title-text fusion-title-size-one\" style=\"font-size:18px;margin-top:10px;margin-right:0px;margin-bottom:15px;margin-left:0px;\"><h1 class=\"title-heading-left\" style=\"font-family:&quot;Raleway&quot;;font-weight:600;margin:0;font-size:1em;text-transform:capitalize;color:#000000;\"><strong>O QUE S\u00c3O COOKIES?<\/strong><\/h1><\/div><div class=\"fusion-text fusion-text-2 fusion-text-no-margin\" style=\"text-align:left;font-size:16px;line-height:1.7;letter-spacing:0px;text-transform:var(--awb-typography4-text-transform);color:#303030;font-family:&quot;Raleway&quot;;font-weight:300;\"><p>Um cookie \u00e9 um ficheiro que \u00e9 descarregado para o seu computador quando acede a determinados websites. Os cookies permitem, entre outras coisas, armazenar e recuperar informa\u00e7\u00f5es sobre os h\u00e1bitos de navega\u00e7\u00e3o de um utilizador ou do seu computador e, dependendo da informa\u00e7\u00e3o que cont\u00eam e da forma como utiliza o seu computador, podem ser utilizados para reconhecer o utilizador.<\/p>\n<p>QUE TIPOS DE COOKIES \u00c9 QUE ESTE WEBSITE UTILIZA?<\/p>\n<\/div><style type=\"text\/css\">@media only screen and (max-width:1250px) {.fusion-title.fusion-title-4{margin-top:10px!important; margin-right:0px!important;margin-bottom:15px!important;margin-left:0px!important;}}@media only screen and (max-width:800px) {.fusion-title.fusion-title-4{margin-top:10px!important; margin-right:0px!important;margin-bottom:10px!important; margin-left:0px!important;}}<\/style><div class=\"fusion-title title fusion-title-4 fusion-sep-none fusion-title-text fusion-title-size-one\" style=\"font-size:18px;margin-top:10px;margin-right:0px;margin-bottom:15px;margin-left:0px;\"><h1 class=\"title-heading-left\" style=\"font-family:&quot;Raleway&quot;;font-weight:600;margin:0;font-size:1em;text-transform:capitalize;color:#000000;\"><strong>1. de acordo com a identidade que a gere<\/strong><\/h1><\/div><div class=\"fusion-text fusion-text-3 fusion-text-no-margin\" style=\"text-align:left;font-size:16px;line-height:1.7;letter-spacing:0px;text-transform:var(--awb-typography4-text-transform);color:#303030;font-family:&quot;Raleway&quot;;font-weight:300;\"><ul>\n<li>Cookies pr\u00f3prios: S\u00e3o aqueles que s\u00e3o enviados para o equipamento terminal do utilizador a partir de um computador ou dom\u00ednio gerido pelo pr\u00f3prio editor e a partir do qual \u00e9 prestado o servi\u00e7o solicitado pelo utilizador.<\/li>\n<li>Cookies de terceiros: S\u00e3o aqueles que s\u00e3o enviados para o equipamento terminal do utilizador a partir de um computador ou dom\u00ednio que n\u00e3o \u00e9 gerido pelo editor, mas por outra entidade que processa os dados obtidos atrav\u00e9s dos cookies.<\/li>\n<\/ul>\n<\/div><style type=\"text\/css\">@media only screen and (max-width:1250px) {.fusion-title.fusion-title-5{margin-top:10px!important; margin-right:0px!important;margin-bottom:15px!important;margin-left:0px!important;}}@media only screen and (max-width:800px) {.fusion-title.fusion-title-5{margin-top:10px!important; margin-right:0px!important;margin-bottom:10px!important; margin-left:0px!important;}}<\/style><div class=\"fusion-title title fusion-title-5 fusion-sep-none fusion-title-text fusion-title-size-one\" style=\"font-size:18px;margin-top:10px;margin-right:0px;margin-bottom:15px;margin-left:0px;\"><h1 class=\"title-heading-left\" style=\"font-family:&quot;Raleway&quot;;font-weight:600;margin:0;font-size:1em;text-transform:capitalize;color:#000000;\"><strong>2. De acordo com o per\u00edodo de tempo em que permanecem activados<\/strong><\/h1><\/div><div class=\"fusion-text fusion-text-4 fusion-text-no-margin\" style=\"text-align:left;font-size:16px;line-height:1.7;letter-spacing:0px;text-transform:var(--awb-typography4-text-transform);color:#303030;font-family:&quot;Raleway&quot;;font-weight:300;\"><ul>\n<li>Cookies de sess\u00e3o: S\u00e3o um tipo de cookie concebido para recolher e armazenar dados enquanto o utilizador acede a uma p\u00e1gina web.<\/li>\n<li>Cookies persistentes: Estes s\u00e3o um tipo de cookie em que os dados permanecem armazenados no terminal e podem ser acedidos e processados durante um per\u00edodo definido pelo respons\u00e1vel pelo cookie, que pode variar de alguns minutos a v\u00e1rios anos.<\/li>\n<\/ul>\n<\/div><style type=\"text\/css\">@media only screen and (max-width:1250px) {.fusion-title.fusion-title-6{margin-top:10px!important; margin-right:0px!important;margin-bottom:15px!important;margin-left:0px!important;}}@media only screen and (max-width:800px) {.fusion-title.fusion-title-6{margin-top:10px!important; margin-right:0px!important;margin-bottom:10px!important; margin-left:0px!important;}}<\/style><div class=\"fusion-title title fusion-title-6 fusion-sep-none fusion-title-text fusion-title-size-one\" style=\"font-size:18px;margin-top:10px;margin-right:0px;margin-bottom:15px;margin-left:0px;\"><h1 class=\"title-heading-left\" style=\"font-family:&quot;Raleway&quot;;font-weight:600;margin:0;font-size:1em;text-transform:capitalize;color:#000000;\"><strong>3. De acordo com a sua finalidade<\/strong><\/h1><\/div><div class=\"fusion-text fusion-text-5 fusion-text-no-margin\" style=\"text-align:left;font-size:16px;line-height:1.7;letter-spacing:0px;text-transform:var(--awb-typography4-text-transform);color:#303030;font-family:&quot;Raleway&quot;;font-weight:300;\"><ul>\n<li>Cookies de an\u00e1lise: Estes cookies, processados por n\u00f3s ou por terceiros, permitem-nos quantificar o n\u00famero de utilizadores e assim realizar a medi\u00e7\u00e3o e an\u00e1lise estat\u00edstica da utiliza\u00e7\u00e3o feita pelos utilizadores do servi\u00e7o oferecido.<\/li>\n<li>Para este efeito, a sua navega\u00e7\u00e3o no nosso website \u00e9 analisada a fim de melhorar a gama de produtos ou servi\u00e7os que lhe oferecemos.<\/li>\n<li>Cookies publicit\u00e1rios: S\u00e3o aqueles que permitem a gest\u00e3o, da forma mais eficaz poss\u00edvel, dos espa\u00e7os publicit\u00e1rios que, quando apropriado, o editor tenha inclu\u00eddo num s\u00edtio web, aplica\u00e7\u00e3o ou plataforma a partir da qual o servi\u00e7o solicitado \u00e9 fornecido com base em crit\u00e9rios como o conte\u00fado editado ou a frequ\u00eancia com que os an\u00fancios s\u00e3o mostrados.<\/li>\n<li>Cookies de publicidade comportamental: Estes cookies permitem a gest\u00e3o, da forma mais eficaz poss\u00edvel, dos espa\u00e7os publicit\u00e1rios que, quando apropriado, a editora tenha inclu\u00eddo num website, aplica\u00e7\u00e3o ou plataforma a partir da qual o servi\u00e7o solicitado \u00e9 fornecido. Estes cookies armazenam informa\u00e7\u00f5es sobre o comportamento dos utilizadores obtidas atrav\u00e9s da observa\u00e7\u00e3o cont\u00ednua dos seus h\u00e1bitos de navega\u00e7\u00e3o, o que permite desenvolver um perfil espec\u00edfico a fim de exibir publicidade baseada no mesmo.<\/li>\n<li>Do mesmo modo, \u00e9 poss\u00edvel que quando visita um website ou abre um e-mail onde \u00e9 publicado um an\u00fancio ou promo\u00e7\u00e3o sobre os nossos produtos ou servi\u00e7os, um cookie possa ser instalado no seu navegador que \u00e9 utilizado por n\u00f3s para lhe mostrarmos posteriormente a publicidade relacionada com a pesquisa que fez, para monitorizar os nossos an\u00fancios em rela\u00e7\u00e3o, por exemplo, ao n\u00famero de vezes que s\u00e3o vistos, onde aparecem, a que horas s\u00e3o vistos, etc.<\/li>\n<\/ul>\n<\/div><style type=\"text\/css\">@media only screen and (max-width:1250px) {.fusion-title.fusion-title-7{margin-top:10px!important; margin-right:0px!important;margin-bottom:15px!important;margin-left:0px!important;}}@media only screen and (max-width:800px) {.fusion-title.fusion-title-7{margin-top:10px!important; margin-right:0px!important;margin-bottom:10px!important; margin-left:0px!important;}}<\/style><div class=\"fusion-title title fusion-title-7 fusion-sep-none fusion-title-text fusion-title-size-one\" style=\"font-size:18px;margin-top:10px;margin-right:0px;margin-bottom:15px;margin-left:0px;\"><h1 class=\"title-heading-left\" style=\"font-family:&quot;Raleway&quot;;font-weight:600;margin:0;font-size:1em;text-transform:capitalize;color:#000000;\"><strong>REVOGA\u00c7\u00c3O E ELIMINA\u00c7\u00c3O DE COOKIES<\/strong><\/h1><\/div><div class=\"fusion-text fusion-text-6 fusion-text-no-margin\" style=\"text-align:left;font-size:16px;line-height:1.7;letter-spacing:0px;text-transform:var(--awb-typography4-text-transform);color:#303030;font-family:&quot;Raleway&quot;;font-weight:300;\"><p>Pode permitir, bloquear ou apagar os cookies instalados no seu computador, configurando as op\u00e7\u00f5es do navegador instaladas no seu computador. Se n\u00e3o permitir a instala\u00e7\u00e3o de cookies no seu browser, poder\u00e1 n\u00e3o conseguir aceder a algumas das sec\u00e7\u00f5es do nosso website.<\/p>\n<p>Nos links seguintes tem \u00e0 sua disposi\u00e7\u00e3o todas as informa\u00e7\u00f5es para configurar ou desactivar os seus cookies em cada browser:<\/p>\n<ul>\n<li><a href=\"http:\/\/support.google.com\/chrome\/answer\/95647?hl=es\">Google Chrome<\/a><\/li>\n<li><a href=\"http:\/\/support.mozilla.org\/es\/kb\/habilitar-y-deshabilitar-cookies-que-los-sitios-we\">Mozilla Firefox<\/a><\/li>\n<li><a href=\"http:\/\/windows.microsoft.com\/es-es\/windows-vista\/block-or-allow-cookies\">Internet Explorer<\/a><\/li>\n<li><a href=\"http:\/\/support.apple.com\/kb\/ht1677?viewlocale=es_es\">Safari para IOS (iPhone y iPad)<\/a><\/li>\n<li><a href=\"http:\/\/support.google.com\/chrome\/answer\/2392971?hl=es\">Chrome para Android<\/a><\/li>\n<\/ul>\n<\/div><style type=\"text\/css\">@media only screen and (max-width:1250px) {.fusion-title.fusion-title-8{margin-top:10px!important; margin-right:0px!important;margin-bottom:15px!important;margin-left:0px!important;}}@media only screen and (max-width:800px) {.fusion-title.fusion-title-8{margin-top:10px!important; margin-right:0px!important;margin-bottom:10px!important; margin-left:0px!important;}}<\/style><div class=\"fusion-title title fusion-title-8 fusion-sep-none fusion-title-text fusion-title-size-one\" style=\"font-size:18px;margin-top:10px;margin-right:0px;margin-bottom:15px;margin-left:0px;\"><h1 class=\"title-heading-left\" style=\"font-family:&quot;Raleway&quot;;font-weight:600;margin:0;font-size:1em;text-transform:capitalize;color:#000000;\"><strong>REVOGA\u00c7\u00c3O E ELIMINA\u00c7\u00c3O DE COOKIES<\/strong><\/h1><\/div><div class=\"fusion-text fusion-text-7 fusion-text-no-margin\" style=\"text-align:left;font-size:16px;line-height:1.7;letter-spacing:0px;text-transform:var(--awb-typography4-text-transform);color:#303030;font-family:&quot;Raleway&quot;;font-weight:300;\"><p>Especificamente, os terceiros prestadores de servi\u00e7os com os quais contrat\u00e1mos um servi\u00e7o para o qual \u00e9 necess\u00e1rio o uso de cookies s\u00e3o:<\/p>\n<table>\n<tbody>\n<tr>\n<td colspan=\"4\">LISTA DE FORNECEDORES DE SERVI\u00c7OS DE COOKIES DE TERCEIROS NO DOM\u00cdNIO<\/td>\n<\/tr>\n<tr>\n<td>NOME DO FORNECEDOR<\/td>\n<td>FINALIDADE DO COOKIE<\/td>\n<td>DESCRI\u00c7\u00c3O DA FINALIDADE DO COOKIE<\/td>\n<td>SE DESEJAR MAIS INFORMA\u00c7\u00d5ES SOBRE A UTILIZA\u00c7\u00c3O DE COOKIES POR ESTE TERCEIRO<\/td>\n<\/tr>\n<tr>\n<td>Google<\/td>\n<td>Publicidade<\/td>\n<td>Doubleclick \u00e9 utilizado para gerir cookies de terceiros. Estes cookies s\u00e3o utilizados para fornecer aos utilizadores produtos relevantes que possam ser do seu interesse. Os an\u00fancios vistos pelos utilizadores do website s\u00e3o servidos por uma pequena selec\u00e7\u00e3o de fornecedores, incluindo Invitemedia, Adviva.net, MSN, Google Display e Unanimis.<\/td>\n<td><a href=\"http:\/\/www.google.com\/doubleclick\/\">Clique aqui<\/a><\/td>\n<\/tr>\n<tr>\n<td>Google<\/td>\n<td>An\u00e1lises<\/td>\n<td>Google Analytics cookies. Geram um ID de utilizador an\u00f3nimo, que \u00e9 utilizado para contar quantas vezes um utilizador visita o s\u00edtio. Tamb\u00e9m regista a primeira e \u00faltima vez que o utilizador visitou o s\u00edtio web. Tamb\u00e9m calcula quando uma sess\u00e3o terminou, a origem do utilizador, e as palavras-chave.<\/td>\n<td><a href=\"https:\/\/developers.google.com\/analytics\/devguides\/collection\/analyticsjs\/cookie-usage\">Clique aqui<\/a><\/td>\n<\/tr>\n<tr>\n<td>Google Adwords<\/td>\n<td>Publicidade<\/td>\n<td>Utilizamos os cookies do Google AdWords para fornecer aos utilizadores produtos relevantes que possam ser do seu interesse como resultado de uma visita anterior ao site.<\/td>\n<td><a href=\"https:\/\/www.google.com\/settings\/u\/0\/ads?hl=es&amp;sig=ACi0TCgsmXPjsGuTH_3QASFtb9YI2f1cjBGPyT9Jfj9r5p0GYIWwQmLZO046YIv2UsoBHdW3HJiIHmYbcLHFnCiJCW8zKYn5NLaAAZYLXtrKj7rOycDRpjsPJ6DQcFH9bHPNjUSj8fl6xgpAiCFQghdeYXdO4LTYmDVPvavau4a3Ir9DI-2TVppUcr20CzrgA3DnCX-E-PdP\">Clique aqui<\/a><\/td>\n<\/tr>\n<tr>\n<td>Facebook<\/td>\n<td>Publicidade<\/td>\n<td>Utilizamos cookies de an\u00fancios do Facebook para acompanhar a actividade publicit\u00e1ria na rede do Facebook e para poder oferecer publicidade \u00e0 medida do utilizador.<\/td>\n<td><a href=\"https:\/\/www.facebook.com\/about\/privacy\/cookies\">Clique aqui<\/a><\/td>\n<\/tr>\n<tr>\n<td>Facebook<\/td>\n<td>An\u00e1lises<\/td>\n<td>Cookies do Facebook. Geram um ID de utilizador an\u00f3nimo, que \u00e9 utilizado para contar quantas vezes um utilizador visita o s\u00edtio.<\/td>\n<td><a href=\"https:\/\/www.facebook.com\/about\/privacy\/cookies\">Clique aqui<\/a><\/td>\n<\/tr>\n<\/tbody>\n<\/table>\n<div>\n<div dir=\"ltr\">\n<table style=\"height: 40px;\" width=\"1111\">\n<tbody>\n<tr>\n<td>Google Tag Manager (Google, Inc.)<\/td>\n<td>Recolhe informa\u00e7\u00e3o relacionada com as p\u00e1ginas e sec\u00e7\u00f5es visitadas no DEPORR para fins publicit\u00e1rios.<\/td>\n<\/tr>\n<\/tbody>\n<\/table>\n<\/div>\n<\/div>\n<p>NOTA: Esta lista ser\u00e1 actualizada t\u00e3o rapidamente quanto poss\u00edvel \u00e0 medida que os servi\u00e7os oferecidos no s\u00edtio web mudarem. No entanto, ocasionalmente durante esta actualiza\u00e7\u00e3o pode acontecer que a lista j\u00e1 n\u00e3o inclua um cookie, embora se refira sempre a cookies com objectivos id\u00eanticos aos registados nesta lista.<\/p>\n<\/div><style type=\"text\/css\">@media only screen and (max-width:1250px) {.fusion-title.fusion-title-9{margin-top:10px!important; margin-right:0px!important;margin-bottom:15px!important;margin-left:0px!important;}}@media only screen and (max-width:800px) {.fusion-title.fusion-title-9{margin-top:10px!important; margin-right:0px!important;margin-bottom:10px!important; margin-left:0px!important;}}<\/style><div class=\"fusion-title title fusion-title-9 fusion-sep-none fusion-title-text fusion-title-size-one\" style=\"font-size:18px;margin-top:10px;margin-right:0px;margin-bottom:15px;margin-left:0px;\"><h1 class=\"title-heading-left\" style=\"font-family:&quot;Raleway&quot;;font-weight:600;margin:0;font-size:1em;text-transform:capitalize;color:#000000;\"><strong>CONSENTIMENTO<\/strong><\/h1><\/div><div class=\"fusion-text fusion-text-8 fusion-text-no-margin\" style=\"text-align:left;font-size:16px;line-height:1.7;letter-spacing:0px;text-transform:var(--awb-typography4-text-transform);color:#303030;font-family:&quot;Raleway&quot;;font-weight:300;\"><p>Na BacklitStone nunca armazenamos os dados pessoais dos nossos utilizadores, com excep\u00e7\u00e3o do endere\u00e7o IP acima descrito, a menos que deseje registar-se voluntariamente para efectuar compras dos produtos e servi\u00e7os que lhe disponibilizamos ou para receber informa\u00e7\u00f5es sobre promo\u00e7\u00f5es e conte\u00fados de interesse para si.<\/p>\n<p>Ao navegar e continuar no nosso website est\u00e1 a indicar que est\u00e1 a consentir a utiliza\u00e7\u00e3o dos referidos cookies, e sob as condi\u00e7\u00f5es contidas na presente Pol\u00edtica de Cookies.<\/p>\n<p>Se desejar mais informa\u00e7\u00f5es sobre a utiliza\u00e7\u00e3o de cookies, queira contactar-nos atrav\u00e9s do nosso formul\u00e1rio de contacto.<\/p>\n<\/div><\/div><style type=\"text\/css\">.fusion-body .fusion-builder-column-0{width:100% !important;margin-top : 0px;margin-bottom : 20px;}.fusion-builder-column-0 > .fusion-column-wrapper {padding-top : 0px !important;padding-right : 0px !important;margin-right : 2.88%;padding-bottom : 0px !important;padding-left : 0px !important;margin-left : 1.92%;}@media only screen and (max-width:1250px) {.fusion-body .fusion-builder-column-0{width:50% !important;order : 0;}.fusion-builder-column-0 > .fusion-column-wrapper {margin-right : 5.76%;margin-left : 3.84%;}}@media only screen and (max-width:800px) {.fusion-body .fusion-builder-column-0{width:100% !important;order : 0;margin-bottom : 30px;}.fusion-builder-column-0 > .fusion-column-wrapper {margin-right : 1.92%;margin-left : 3.84%;}}<\/style><\/div><\/div><style type=\"text\/css\">.fusion-fullwidth.fusion-builder-row-1 a:not(.awb-custom-text-color):not(.fusion-button):not(.fusion-builder-module-control):not(.fusion-social-network-icon):not(.fb-icon-element):not(.fusion-countdown-link):not(.fusion-rollover-link):not(.fusion-rollover-gallery):not(.fusion-button-bar):not(.add_to_cart_button):not(.show_details_button):not(.product_type_external):not(.fusion-view-cart):not(.fusion-quick-view):not(.fusion-rollover-title-link):not(.fusion-breadcrumb-link) , .fusion-fullwidth.fusion-builder-row-1 a:not(.awb-custom-text-color):not(.fusion-button):not(.fusion-builder-module-control):not(.fusion-social-network-icon):not(.fb-icon-element):not(.fusion-countdown-link):not(.fusion-rollover-link):not(.fusion-rollover-gallery):not(.fusion-button-bar):not(.add_to_cart_button):not(.show_details_button):not(.product_type_external):not(.fusion-view-cart):not(.fusion-quick-view):not(.fusion-rollover-title-link):not(.fusion-breadcrumb-link):before, .fusion-fullwidth.fusion-builder-row-1 a:not(.awb-custom-text-color):not(.fusion-button):not(.fusion-builder-module-control):not(.fusion-social-network-icon):not(.fb-icon-element):not(.fusion-countdown-link):not(.fusion-rollover-link):not(.fusion-rollover-gallery):not(.fusion-button-bar):not(.add_to_cart_button):not(.show_details_button):not(.product_type_external):not(.fusion-view-cart):not(.fusion-quick-view):not(.fusion-rollover-title-link):not(.fusion-breadcrumb-link):after {color: #ffffff;}.fusion-body .fusion-flex-container.fusion-builder-row-1{ padding-top : 90px;margin-top : 0px;padding-right : 6vw;padding-bottom : 90px;margin-bottom : 0px;padding-left : 6vw;}@media only screen and (max-width:1250px) {.fusion-body .fusion-flex-container.fusion-builder-row-1{ padding-top : 60px;padding-bottom : 60px;}}@media only screen and (max-width:800px) {.fusion-body .fusion-flex-container.fusion-builder-row-1{ padding-top : 30px;padding-right : 30px;padding-bottom : 30px;padding-left : 30px;}}<\/style><\/div>\n","protected":false},"excerpt":{"rendered":"","protected":false},"author":2,"featured_media":0,"parent":0,"menu_order":0,"comment_status":"closed","ping_status":"closed","template":"100-width.php","meta":[],"_links":{"self":[{"href":"https:\/\/backlitstone.es\/pt-pt\/wp-json\/wp\/v2\/pages\/8293"}],"collection":[{"href":"https:\/\/backlitstone.es\/pt-pt\/wp-json\/wp\/v2\/pages"}],"about":[{"href":"https:\/\/backlitstone.es\/pt-pt\/wp-json\/wp\/v2\/types\/page"}],"author":[{"embeddable":true,"href":"https:\/\/backlitstone.es\/pt-pt\/wp-json\/wp\/v2\/users\/2"}],"replies":[{"embeddable":true,"href":"https:\/\/backlitstone.es\/pt-pt\/wp-json\/wp\/v2\/comments?post=8293"}],"version-history":[{"count":2,"href":"https:\/\/backlitstone.es\/pt-pt\/wp-json\/wp\/v2\/pages\/8293\/revisions"}],"predecessor-version":[{"id":8295,"href":"https:\/\/backlitstone.es\/pt-pt\/wp-json\/wp\/v2\/pages\/8293\/revisions\/8295"}],"wp:attachment":[{"href":"https:\/\/backlitstone.es\/pt-pt\/wp-json\/wp\/v2\/media?parent=8293"}],"curies":[{"name":"wp","href":"https:\/\/api.w.org\/{rel}","templated":true}]}}