{"id":8296,"date":"2022-07-11T12:27:22","date_gmt":"2022-07-11T12:27:22","guid":{"rendered":"https:\/\/backlitstone.es\/condicoes-gerais-de-venda\/"},"modified":"2022-10-04T11:39:48","modified_gmt":"2022-10-04T11:39:48","slug":"condicoes-gerais-de-venda","status":"publish","type":"page","link":"https:\/\/backlitstone.es\/pt-pt\/condicoes-gerais-de-venda\/","title":{"rendered":"Condi\u00e7\u00f5es Gerais de Venda"},"content":{"rendered":"<div class=\"fusion-fullwidth fullwidth-box fusion-builder-row-1 fusion-flex-container hundred-percent-fullwidth non-hundred-percent-height-scrolling\" style=\"background-color: var(--awb-color1);background-position: center top;background-repeat: no-repeat;border-width: 0px 0px 0px 0px;border-color:var(--awb-color3);border-style:solid;\" ><div class=\"fusion-builder-row fusion-row fusion-flex-align-items-flex-end\" style=\"width:104% !important;max-width:104% !important;margin-left: calc(-4% \/ 2 );margin-right: calc(-4% \/ 2 );\"><div class=\"fusion-layout-column fusion_builder_column fusion-builder-column-0 fusion_builder_column_1_1 1_1 fusion-flex-column fusion-animated\" data-animationType=\"fadeIn\" data-animationDuration=\"0.8\" data-animationOffset=\"top-into-view\"><div class=\"fusion-column-wrapper fusion-flex-justify-content-flex-start fusion-content-layout-column\" style=\"background-position:left top;background-repeat:no-repeat;-webkit-background-size:cover;-moz-background-size:cover;-o-background-size:cover;background-size:cover;padding: 0px 0px 0px 0px;\"><style type=\"text\/css\">@media only screen and (max-width:1250px) {.fusion-title.fusion-title-1{margin-top:10px!important; margin-right:0px!important;margin-bottom:15px!important;margin-left:0px!important;}}@media only screen and (max-width:800px) {.fusion-title.fusion-title-1{margin-top:10px!important; margin-right:0px!important;margin-bottom:10px!important; margin-left:0px!important;}}<\/style><div class=\"fusion-title title fusion-title-1 fusion-sep-none fusion-title-center fusion-title-text fusion-title-size-one\" style=\"font-size:20px;margin-top:10px;margin-right:0px;margin-bottom:15px;margin-left:0px;\"><h1 class=\"title-heading-center\" style=\"font-family:&quot;Raleway&quot;;font-weight:700;margin:0;font-size:1em;text-transform:uppercase;color:#000000;\"><strong>A REALIZA\u00c7\u00c3O DE UMA ENCOMENDA IMPLICA A ACEITA\u00c7\u00c3O DESTES TERMOS E CONDI\u00c7\u00d5ES DE VENDA. <\/strong><\/h1><\/div><div class=\"fusion-text fusion-text-1 fusion-text-no-margin\" style=\"text-align:left;font-size:16px;line-height:1.7;letter-spacing:0px;text-transform:var(--awb-typography4-text-transform);color:#303030;font-family:&quot;Raleway&quot;;font-weight:300;\"><p><strong>GERAL:<\/strong> Todas as vendas est\u00e3o sujeitas \u00e0s condi\u00e7\u00f5es abaixo enumeradas. Qualquer especifica\u00e7\u00e3o que n\u00e3o esteja em conformidade com estas condi\u00e7\u00f5es deve ser primeiro aceite por escrito pelo GRUPO ALUALCO.<\/p>\n<\/div><div class=\"fusion-text fusion-text-2 fusion-text-no-margin\" style=\"text-align:left;font-size:16px;line-height:1.7;letter-spacing:0px;text-transform:var(--awb-typography4-text-transform);color:#303030;font-family:&quot;Raleway&quot;;font-weight:300;\"><p><strong>OR\u00c7AMENTOS:<\/strong> As cota\u00e7\u00f5es s\u00e3o v\u00e1lidas por um m\u00e1ximo de 30 dias de calend\u00e1rio a contar da data de emiss\u00e3o e podem ser nulas se os aumentos de mercado n\u00e3o forem os estabelecidos pelo GRUPO ALUALCO.<\/p>\n<\/div><div class=\"fusion-text fusion-text-3 fusion-text-no-margin\" style=\"text-align:left;font-size:16px;line-height:1.7;letter-spacing:0px;text-transform:var(--awb-typography4-text-transform);color:#303030;font-family:&quot;Raleway&quot;;font-weight:300;\"><p><strong>GARANTIA E QUALIDADE:<\/strong> Todos os nossos produtos s\u00e3o garantidos (ver em cada caso a ficha de dados t\u00e9cnicos em www.alualco.com) contra qualquer defeito de fabrico. Esta garantia n\u00e3o cobre danos causados por utiliza\u00e7\u00e3o ou aplica\u00e7\u00e3o incorrecta, manuseamento incorrecto, instala\u00e7\u00e3o incorrecta quando o produto tenha sido utilizado para al\u00e9m da sua capacidade, maltratado, espancado, bem como qualquer outra falha atribu\u00edvel ao cliente ou consumidor ou quando a falha seja original devido ao desgaste normal das pe\u00e7as devido ao seu funcionamento ou instala\u00e7\u00e3o. Qualquer material manipulado por pessoal n\u00e3o autorizado pela empresa est\u00e1 fora da garantia. Pequenas diferen\u00e7as entre os nossos produtos em termos de tamanho, cor, qualidade ou qualquer outra modifica\u00e7\u00e3o do produto n\u00e3o devem ser motivo de reclama\u00e7\u00e3o por parte do comprador. Qualquer reclama\u00e7\u00e3o relativa \u00e0 quantidade, qualidade ou outros defeitos deve ser comunicada ao GRUPO ALUALCO no prazo de 48 horas ap\u00f3s a recep\u00e7\u00e3o da mercadoria, ap\u00f3s o que nenhuma reclama\u00e7\u00e3o ser\u00e1 aceite. Para a execu\u00e7\u00e3o da garantia atrav\u00e9s de pagamento ou substitui\u00e7\u00e3o, \u00e9 essencial receber o material em quest\u00e3o a fim de poder analis\u00e1-lo e determinar se \u00e9 aplic\u00e1vel. Um requisito indispens\u00e1vel para qualquer garantia \u00e9 a apresenta\u00e7\u00e3o da factura e do comprovativo de pagamento. GRUPO ALUALCO em melhoria cont\u00ednua da qualidade e funcionalidade, pode alterar qualquer um destes itens sem aviso pr\u00e9vio, sem que isso constitua motivo de reclama\u00e7\u00e3o por parte do cliente.<\/p>\n<\/div><div class=\"fusion-text fusion-text-4 fusion-text-no-margin\" style=\"text-align:left;font-size:16px;line-height:1.7;letter-spacing:0px;text-transform:var(--awb-typography4-text-transform);color:#303030;font-family:&quot;Raleway&quot;;font-weight:300;\"><p><strong>TEMPO DE ENTREGA:<\/strong> Os prazos de entrega s\u00e3o apenas aproximados e n\u00e3o vinculativos, e n\u00e3o s\u00e3o admiss\u00edveis reclama\u00e7\u00f5es de danos por parte do cliente por atraso na entrega ou outras reclama\u00e7\u00f5es ou indemniza\u00e7\u00f5es por incumprimento contratual. O n\u00e3o cumprimento da data de entrega n\u00e3o d\u00e1 ao cliente o direito de rescindir o contrato de compra sem a concess\u00e3o de um prazo razo\u00e1vel para remediar o atraso (importa\u00e7\u00f5es de materiais e produtos diversos (60-90 dias). As causas de for\u00e7a maior (guerras, revolu\u00e7\u00f5es, greves, cat\u00e1strofes naturais, avarias de m\u00e1quinas, rupturas de moldes ou moldes, impossibilidade de aquisi\u00e7\u00e3o de mat\u00e9rias-primas, interrup\u00e7\u00e3o do transporte, encerramentos aduaneiros, ou quaisquer outras medidas oficiais que nos possam afectar, etc.) d\u00e3o-nos o direito de adiar o prazo de entrega sem aviso pr\u00e9vio. Cada opera\u00e7\u00e3o \u00e9 uma remessa independente, mesmo que v\u00e1rias delas fa\u00e7am parte da mesma encomenda. Ser\u00e3o os estabelecidos de acordo com os acordos expl\u00edcitos confirmados pelo GRUPO ALUALCO. No GRUPO ALUALCO n\u00e3o temos nenhuma encomenda m\u00ednima estabelecida, pois o cliente pagar\u00e1 o transporte se este for enviado por ag\u00eancia (cerca de 15 euros por pacote n\u00e3o superior a 10 quilos a n\u00edvel nacional). Se o cliente vier \u00e0s nossas instala\u00e7\u00f5es para o ir buscar, n\u00e3o cobraremos qualquer outro conceito que n\u00e3o seja o do pr\u00f3prio produto adquirido.<\/p>\n<\/div><div class=\"fusion-text fusion-text-5 fusion-text-no-margin\" style=\"text-align:left;font-size:16px;line-height:1.7;letter-spacing:0px;text-transform:var(--awb-typography4-text-transform);color:#303030;font-family:&quot;Raleway&quot;;font-weight:300;\"><p><strong>PORTES:<\/strong> Condi\u00e7\u00f5es v\u00e1lidas apenas no territ\u00f3rio peninsular espanhol.<\/p>\n<\/div><div class=\"fusion-text fusion-text-6 fusion-text-no-margin\" style=\"text-align:left;font-size:16px;line-height:1.7;letter-spacing:0px;text-transform:var(--awb-typography4-text-transform);color:#303030;font-family:&quot;Raleway&quot;;font-weight:300;\"><p><strong>EM PERFIS, ACESS\u00d3RIOS, LEDS E PRODUTOS ASSOCIADOS:<\/strong> O transporte pago (de acordo com acordos comerciais) em perfis com mais de 2 metros, 3 metros ou 6 metros seria como transporte especial com pre\u00e7o por peso e comprimento pelas nossas ag\u00eancias. Para encomendas nas Ilhas Can\u00e1rias: portes devidos. O cliente enviar\u00e1 a sua ag\u00eancia. Devido a erros de impress\u00e3o, evolu\u00e7\u00e3o do produto ou flutua\u00e7\u00f5es constantes nas mat\u00e9rias-primas, o GRUPO ALUALCO reserva-se o direito de alterar os pre\u00e7os sem aviso pr\u00e9vio.<\/p>\n<\/div><div class=\"fusion-text fusion-text-7 fusion-text-no-margin\" style=\"text-align:left;font-size:16px;line-height:1.7;letter-spacing:0px;text-transform:var(--awb-typography4-text-transform);color:#303030;font-family:&quot;Raleway&quot;;font-weight:300;\"><p><strong>ENCOMENDAS FEITAS \u00c0 MEDIDA:<\/strong> Todas as encomendas de material cortado ou manipulado devem ser confirmadas por escrito (devolvendo o formul\u00e1rio de encomenda enviado por fax ou e-mail) antes de serem colocadas em funcionamento. Todas as encomendas de produ\u00e7\u00e3o por medida devem ser pagas com 50% de anteced\u00eancia pelo cliente antes do in\u00edcio da produ\u00e7\u00e3o (como reserva). GRUPO ALUALCO n\u00e3o ser\u00e1 responsabilizado por quaisquer encomendas de materiais que n\u00e3o tenham sido colocadas por escrito (fax ou e-mail) se houver qualquer desacordo com o que foi encomendado e entregue. Nenhuma ordem cujo m\u00e9todo de pagamento seja a transfer\u00eancia ser\u00e1 processada antes de receber o recibo de pagamento.<\/p>\n<\/div><div class=\"fusion-text fusion-text-8 fusion-text-no-margin\" style=\"text-align:left;font-size:16px;line-height:1.7;letter-spacing:0px;text-transform:var(--awb-typography4-text-transform);color:#303030;font-family:&quot;Raleway&quot;;font-weight:300;\"><p><strong>CANCELAMENTOS E DEVOLU\u00c7\u00d5ES DE ENCOMENDAS:<\/strong> N\u00e3o ser\u00e3o aceites devolu\u00e7\u00f5es 7 dias ap\u00f3s a entrega do material. As encomendas firmemente feitas n\u00e3o podem ser canceladas sem o acordo do GRUPO ALUALCO. Em caso de devolu\u00e7\u00e3o por raz\u00f5es fora do controlo do GRUPO ALUALCO, o material ser\u00e1 creditado com um dem\u00e9rito de 10% (com um m\u00ednimo de 10 euros). Nenhuma devolu\u00e7\u00e3o de material ser\u00e1 aceite sem a autoriza\u00e7\u00e3o expressa do GRUPO ALUALCO e com o formul\u00e1rio de devolu\u00e7\u00e3o preenchido. Da mesma forma, n\u00e3o ser\u00e1 aceite nenhum transporte de retorno se o motivo do retorno for um erro da parte do GRUPO ALUALCO. Neste caso, ser\u00e1 o GRUPO ALUALCO a enviar os bens para a sua ag\u00eancia. Nenhuma responsabilidade ou reclama\u00e7\u00e3o ser\u00e1 aceite por mais do que a substitui\u00e7\u00e3o do material enviado ou o seu pagamento ao pre\u00e7o pelo qual foi comprado. Nenhum produto feito \u00e0 medida ou trazido especificamente para o cliente (que n\u00e3o se encontre em stock regular) ser\u00e1 reembolsado, e o cliente n\u00e3o ter\u00e1 direito a qualquer reclama\u00e7\u00e3o.<\/p>\n<\/div><div class=\"fusion-text fusion-text-9 fusion-text-no-margin\" style=\"text-align:left;font-size:16px;line-height:1.7;letter-spacing:0px;text-transform:var(--awb-typography4-text-transform);color:#303030;font-family:&quot;Raleway&quot;;font-weight:300;\"><p><strong>RESERVA DE PROPRIEDADE:<\/strong> Os bens entregues continuam a ser nossa propriedade plena at\u00e9 serem pagos. O direito de propriedade subsiste mesmo depois de o comprador ter revendido o produto, at\u00e9 que a d\u00edvida com GRUPO ALUALCO tenha sido liquidada.<\/p>\n<\/div><div class=\"fusion-text fusion-text-10 fusion-text-no-margin\" style=\"text-align:left;font-size:16px;line-height:1.7;letter-spacing:0px;text-transform:var(--awb-typography4-text-transform);color:#303030;font-family:&quot;Raleway&quot;;font-weight:300;\"><p><strong>TRANSPORTE:<\/strong> Qualquer anomalia do material recebido ou incidente de transporte deve reflectir-se na nota de entrega que \u00e9 assinada ao transportador ou perder o direito de reclamar. O cliente deve notificar-nos posteriormente do incidente no prazo de 24 horas ap\u00f3s a entrega, e n\u00e3o seremos responsabilizados em caso algum se a reclama\u00e7\u00e3o for feita ap\u00f3s esse prazo. \u00c9 da responsabilidade do cliente tomar medidas junto dos transportadores em caso de perda, dano ou atraso da mercadoria. O cliente \u00e9 obrigado a examinar a mercadoria no momento da entrega e a registar qualquer anomalia. O n\u00e3o preenchimento de uma nota de entrega da ag\u00eancia de transporte ou nota de entrega ser\u00e1 considerado como estando de acordo com as instru\u00e7\u00f5es do cliente. Se o cliente n\u00e3o tiver dado instru\u00e7\u00f5es especiais de embarque, a mercadoria ser\u00e1 enviada com o melhor dos nossos conhecimentos e pelo meio de transporte escolhido pelo GRUPO ALUALCO. As condi\u00e7\u00f5es de pagamento ser\u00e3o as acordadas com os nossos clientes. As datas de vencimento dos pagamentos por qualquer documento de pagamento legalmente aceite devem ser respeitadas pontualmente. Caso contr\u00e1rio, temos o direito de cobrar juros de mora, bem como as perdas causadas pelo atraso no pagamento. Os atrasos no pagamento resultar\u00e3o no cancelamento imediato de todas as obriga\u00e7\u00f5es do GRUPO ALUALCO. O comprador n\u00e3o tem o direito de reter todos ou parte dos pagamentos devidos por n\u00e3o terem sido reconhecidos em qualquer reclama\u00e7\u00e3o, uma vez que isso n\u00e3o isenta o comprador da sua obriga\u00e7\u00e3o de pagamento. Qualquer n\u00e3o pagamento ou atraso no pagamento anula a possibilidade do cr\u00e9dito, paralisando o fornecimento de materiais at\u00e9 que a situa\u00e7\u00e3o seja regularizada. Se esta situa\u00e7\u00e3o se repetisse, o cr\u00e9dito seria imediatamente cancelado.<\/p>\n<\/div><div class=\"fusion-text fusion-text-11 fusion-text-no-margin\" style=\"text-align:left;font-size:16px;line-height:1.7;letter-spacing:0px;text-transform:var(--awb-typography4-text-transform);color:#303030;font-family:&quot;Raleway&quot;;font-weight:300;\"><p><strong>CONDI\u00c7\u00d5ES GERAIS DE VENDA FUERO:<\/strong> ara quaisquer quest\u00f5es e discrep\u00e2ncias resultantes desta transac\u00e7\u00e3o, comprador e vendedor submetem-se expressamente \u00e0 jurisdi\u00e7\u00e3o dos ju\u00edzes e tribunais dos tribunais de Elche (Alicante &#8211; Espanha), renunciando a qualquer outra jurisdi\u00e7\u00e3o ou reserva de propriedade que possa corresponder.<\/p>\n<\/div><div class=\"fusion-text fusion-text-12 fusion-text-no-margin\" style=\"text-align:left;font-size:16px;line-height:1.7;letter-spacing:0px;text-transform:var(--awb-typography4-text-transform);color:#303030;font-family:&quot;Raleway&quot;;font-weight:300;\"><p><strong>CUSTOS E DESPESAS:<\/strong> Os custos e despesas legais, incluindo honor\u00e1rios de advogado e honor\u00e1rios de solicitador, ser\u00e3o sempre por conta da parte contratante que os originou devido a uma viola\u00e7\u00e3o das presentes condi\u00e7\u00f5es gerais de venda ou do contrato em geral.<\/p>\n<\/div><div class=\"fusion-text fusion-text-13 fusion-text-no-margin\" style=\"text-align:left;font-size:16px;line-height:1.7;letter-spacing:0px;text-transform:var(--awb-typography4-text-transform);color:#303030;font-family:&quot;Raleway&quot;;font-weight:300;\"><p><strong>LEI COMPLEMENTAR:<\/strong> O seu contrato de venda ser\u00e1 regido pelo presente acordo e, na sua falta, pelas regras do C\u00f3digo Comercial Espanhol para as vendas em Espanha.<\/p>\n<\/div><style type=\"text\/css\">@media only screen and (max-width:1250px) {.fusion-title.fusion-title-2{margin-top:10px!important; margin-right:0px!important;margin-bottom:15px!important;margin-left:0px!important;}}@media only screen and (max-width:800px) {.fusion-title.fusion-title-2{margin-top:10px!important; margin-right:0px!important;margin-bottom:10px!important; margin-left:0px!important;}}<\/style><div class=\"fusion-title title fusion-title-2 fusion-sep-none fusion-title-center fusion-title-text fusion-title-size-one\" style=\"font-size:18px;margin-top:10px;margin-right:0px;margin-bottom:15px;margin-left:0px;\"><h1 class=\"title-heading-center\" style=\"font-family:&quot;Raleway&quot;;font-weight:600;margin:0;font-size:1em;text-transform:capitalize;color:#000000;\"><strong>Pol\u00edtica de Confidencialidade<\/strong><\/h1><\/div><div class=\"fusion-text fusion-text-14 fusion-text-no-margin\" style=\"text-align:left;font-size:16px;line-height:1.7;letter-spacing:0px;text-transform:var(--awb-typography4-text-transform);color:#303030;font-family:&quot;Raleway&quot;;font-weight:300;\"><p>Protec\u00e7\u00e3o dos dados dos utilizadores<\/p>\n<p>Em conformidade com as disposi\u00e7\u00f5es da Lei Org\u00e2nica 15\/1999, de 13 de Dezembro, sobre a Protec\u00e7\u00e3o de Dados Pessoais, o backlitstone.es informa os seus clientes que quaisquer dados pessoais fornecidos ser\u00e3o inclu\u00eddos num ficheiro automatizado de dados pessoais, criado e mantido sob a responsabilidade do backlitstone.es<\/p>\n<p>O objectivo deste ficheiro \u00e9 facilitar o processamento de encomendas e, se nos tiver autorizado expressamente na caixa correspondente, enviar-lhe tamb\u00e9m comunica\u00e7\u00f5es comerciais sobre produtos e servi\u00e7os que possam ser do seu interesse.<\/p>\n<p>Backlitstone.es garante a seguran\u00e7a e confidencialidade dos dados fornecidos.<\/p>\n<p>Deste modo, compromete-se a cumprir a sua obriga\u00e7\u00e3o de manter o segredo dos dados pessoais e o seu dever de os guardar e adoptar todas as medidas necess\u00e1rias para evitar a sua altera\u00e7\u00e3o, perda, tratamento ou utiliza\u00e7\u00e3o n\u00e3o autorizada.<\/p>\n<p>Portanto, toda a informa\u00e7\u00e3o sobre os nossos clientes n\u00e3o ser\u00e1 utilizada para fins comerciais e n\u00e3o ser\u00e1 transmitida a terceiros. Os clientes do backlitstone.es podem, a qualquer momento, exercer os seus direitos de acesso, rectifica\u00e7\u00e3o, cancelamento e oposi\u00e7\u00e3o escrevendo para o nosso endere\u00e7o electr\u00f3nico<em><strong> info@backlitstone.es<\/strong><\/em><\/p>\n<p>Backlitstone.es reserva-se o direito de alterar a sua pol\u00edtica de privacidade a seu exclusivo crit\u00e9rio, ou devido a altera\u00e7\u00f5es na legisla\u00e7\u00e3o, jurisprud\u00eancia ou pr\u00e1tica comercial.<\/p>\n<p>Se o backlitstone.es fizer quaisquer altera\u00e7\u00f5es, o novo texto ser\u00e1 publicado neste website, onde o utilizador ser\u00e1 informado sobre a actual pol\u00edtica de privacidade do backlitstone.es<\/p>\n<p>Em qualquer caso, a rela\u00e7\u00e3o com os utilizadores ser\u00e1 regida pelas regras em vigor no preciso momento em que o website \u00e9 acedido.<\/p>\n<\/div><style type=\"text\/css\">@media only screen and (max-width:1250px) {.fusion-title.fusion-title-3{margin-top:10px!important; margin-right:0px!important;margin-bottom:15px!important;margin-left:0px!important;}}@media only screen and (max-width:800px) {.fusion-title.fusion-title-3{margin-top:10px!important; margin-right:0px!important;margin-bottom:10px!important; margin-left:0px!important;}}<\/style><div class=\"fusion-title title fusion-title-3 fusion-sep-none fusion-title-center fusion-title-text fusion-title-size-one\" style=\"font-size:18px;margin-top:10px;margin-right:0px;margin-bottom:15px;margin-left:0px;\"><h1 class=\"title-heading-center\" style=\"font-family:&quot;Raleway&quot;;font-weight:600;margin:0;font-size:1em;text-transform:capitalize;color:#000000;\"><strong>Lei aplic\u00e1vel e jurisdi\u00e7\u00e3o<\/strong><\/h1><\/div><div class=\"fusion-text fusion-text-15 fusion-text-no-margin\" style=\"text-align:left;font-size:16px;line-height:1.7;letter-spacing:0px;text-transform:var(--awb-typography4-text-transform);color:#303030;font-family:&quot;Raleway&quot;;font-weight:300;\"><p>Em geral, as rela\u00e7\u00f5es com os nossos clientes, decorrentes da presta\u00e7\u00e3o dos servi\u00e7os contidos no nosso website, est\u00e3o sujeitas \u00e0 legisla\u00e7\u00e3o e jurisdi\u00e7\u00e3o espanholas, as partes que se submetem aos tribunais da cidade de Elche, e os seus superiores hier\u00e1rquicos, renunciando expressamente a outras jurisdi\u00e7\u00f5es se as tiverem e se forem diferentes das acima mencionadas.<\/p>\n<p>Os utilizadores do nosso website est\u00e3o cientes do acima exposto e aceitam-no voluntariamente.<\/p>\n<p>Se tiver quaisquer coment\u00e1rios ou sugest\u00f5es, pode utilizar o nosso endere\u00e7o de correio electr\u00f3nico: info@backlitstone.es<\/p>\n<\/div><\/div><style type=\"text\/css\">.fusion-body .fusion-builder-column-0{width:100% !important;margin-top : 0px;margin-bottom : 20px;}.fusion-builder-column-0 > .fusion-column-wrapper {padding-top : 0px !important;padding-right : 0px !important;margin-right : 2.88%;padding-bottom : 0px !important;padding-left : 0px !important;margin-left : 1.92%;}@media only screen and (max-width:1250px) {.fusion-body .fusion-builder-column-0{width:50% !important;order : 0;}.fusion-builder-column-0 > .fusion-column-wrapper {margin-right : 5.76%;margin-left : 3.84%;}}@media only screen and (max-width:800px) {.fusion-body .fusion-builder-column-0{width:100% !important;order : 0;margin-bottom : 30px;}.fusion-builder-column-0 > .fusion-column-wrapper {margin-right : 1.92%;margin-left : 3.84%;}}<\/style><\/div><\/div><style type=\"text\/css\">.fusion-fullwidth.fusion-builder-row-1 a:not(.awb-custom-text-color):not(.fusion-button):not(.fusion-builder-module-control):not(.fusion-social-network-icon):not(.fb-icon-element):not(.fusion-countdown-link):not(.fusion-rollover-link):not(.fusion-rollover-gallery):not(.fusion-button-bar):not(.add_to_cart_button):not(.show_details_button):not(.product_type_external):not(.fusion-view-cart):not(.fusion-quick-view):not(.fusion-rollover-title-link):not(.fusion-breadcrumb-link) , .fusion-fullwidth.fusion-builder-row-1 a:not(.awb-custom-text-color):not(.fusion-button):not(.fusion-builder-module-control):not(.fusion-social-network-icon):not(.fb-icon-element):not(.fusion-countdown-link):not(.fusion-rollover-link):not(.fusion-rollover-gallery):not(.fusion-button-bar):not(.add_to_cart_button):not(.show_details_button):not(.product_type_external):not(.fusion-view-cart):not(.fusion-quick-view):not(.fusion-rollover-title-link):not(.fusion-breadcrumb-link):before, .fusion-fullwidth.fusion-builder-row-1 a:not(.awb-custom-text-color):not(.fusion-button):not(.fusion-builder-module-control):not(.fusion-social-network-icon):not(.fb-icon-element):not(.fusion-countdown-link):not(.fusion-rollover-link):not(.fusion-rollover-gallery):not(.fusion-button-bar):not(.add_to_cart_button):not(.show_details_button):not(.product_type_external):not(.fusion-view-cart):not(.fusion-quick-view):not(.fusion-rollover-title-link):not(.fusion-breadcrumb-link):after {color: #ffffff;}.fusion-body .fusion-flex-container.fusion-builder-row-1{ padding-top : 90px;margin-top : 0px;padding-right : 6vw;padding-bottom : 90px;margin-bottom : 0px;padding-left : 6vw;}@media only screen and (max-width:1250px) {.fusion-body .fusion-flex-container.fusion-builder-row-1{ padding-top : 60px;padding-bottom : 60px;}}@media only screen and (max-width:800px) {.fusion-body .fusion-flex-container.fusion-builder-row-1{ padding-top : 30px;padding-right : 30px;padding-bottom : 30px;padding-left : 30px;}}<\/style><\/div>\n","protected":false},"excerpt":{"rendered":"","protected":false},"author":2,"featured_media":0,"parent":0,"menu_order":0,"comment_status":"closed","ping_status":"closed","template":"100-width.php","meta":[],"_links":{"self":[{"href":"https:\/\/backlitstone.es\/pt-pt\/wp-json\/wp\/v2\/pages\/8296"}],"collection":[{"href":"https:\/\/backlitstone.es\/pt-pt\/wp-json\/wp\/v2\/pages"}],"about":[{"href":"https:\/\/backlitstone.es\/pt-pt\/wp-json\/wp\/v2\/types\/page"}],"author":[{"embeddable":true,"href":"https:\/\/backlitstone.es\/pt-pt\/wp-json\/wp\/v2\/users\/2"}],"replies":[{"embeddable":true,"href":"https:\/\/backlitstone.es\/pt-pt\/wp-json\/wp\/v2\/comments?post=8296"}],"version-history":[{"count":2,"href":"https:\/\/backlitstone.es\/pt-pt\/wp-json\/wp\/v2\/pages\/8296\/revisions"}],"predecessor-version":[{"id":8298,"href":"https:\/\/backlitstone.es\/pt-pt\/wp-json\/wp\/v2\/pages\/8296\/revisions\/8298"}],"wp:attachment":[{"href":"https:\/\/backlitstone.es\/pt-pt\/wp-json\/wp\/v2\/media?parent=8296"}],"curies":[{"name":"wp","href":"https:\/\/api.w.org\/{rel}","templated":true}]}}