{"id":8299,"date":"2022-07-05T10:45:56","date_gmt":"2022-07-05T10:45:56","guid":{"rendered":"https:\/\/backlitstone.es\/termos-e-condicoes-gerais\/"},"modified":"2022-10-04T11:39:53","modified_gmt":"2022-10-04T11:39:53","slug":"termos-e-condicoes-gerais","status":"publish","type":"page","link":"https:\/\/backlitstone.es\/pt-pt\/termos-e-condicoes-gerais\/","title":{"rendered":"Termos e condi\u00e7\u00f5es gerais"},"content":{"rendered":"<div class=\"fusion-fullwidth fullwidth-box fusion-builder-row-1 fusion-flex-container hundred-percent-fullwidth non-hundred-percent-height-scrolling\" style=\"background-color: var(--awb-color1);background-position: center top;background-repeat: no-repeat;border-width: 0px 0px 0px 0px;border-color:var(--awb-color3);border-style:solid;\" ><div class=\"fusion-builder-row fusion-row fusion-flex-align-items-flex-end\" style=\"width:104% !important;max-width:104% !important;margin-left: calc(-4% \/ 2 );margin-right: calc(-4% \/ 2 );\"><div class=\"fusion-layout-column fusion_builder_column fusion-builder-column-0 fusion_builder_column_1_1 1_1 fusion-flex-column fusion-animated\" data-animationType=\"fadeIn\" data-animationDuration=\"0.8\" data-animationOffset=\"top-into-view\"><div class=\"fusion-column-wrapper fusion-flex-justify-content-flex-start fusion-content-layout-column\" style=\"background-position:left top;background-repeat:no-repeat;-webkit-background-size:cover;-moz-background-size:cover;-o-background-size:cover;background-size:cover;padding: 0px 0px 0px 0px;\"><style type=\"text\/css\">@media only screen and (max-width:1250px) {.fusion-title.fusion-title-1{margin-top:10px!important; margin-right:0px!important;margin-bottom:15px!important;margin-left:0px!important;}}@media only screen and (max-width:800px) {.fusion-title.fusion-title-1{margin-top:10px!important; margin-right:0px!important;margin-bottom:10px!important; margin-left:0px!important;}}<\/style><div class=\"fusion-title title fusion-title-1 fusion-sep-none fusion-title-text fusion-title-size-one\" style=\"font-size:20px;margin-top:10px;margin-right:0px;margin-bottom:15px;margin-left:0px;\"><h1 class=\"title-heading-left\" style=\"font-family:&quot;Raleway&quot;;font-weight:700;margin:0;font-size:1em;text-transform:uppercase;color:#000000;\"><strong>Termos e condi\u00e7\u00f5es gerais de utiliza\u00e7\u00e3o<\/strong><\/h1><\/div><div class=\"fusion-text fusion-text-1 fusion-text-no-margin\" style=\"text-align:left;font-size:16px;line-height:1.7;letter-spacing:0px;text-transform:var(--awb-typography4-text-transform);color:#303030;font-family:&quot;Raleway&quot;;font-weight:300;\"><p>O acesso a este website, a sua utiliza\u00e7\u00e3o e a compra de qualquer dos artigos em backlitstone.es pressup\u00f5e a leitura, conhecimento e aceita\u00e7\u00e3o destas CONDI\u00c7\u00d5ES GERAIS, na vers\u00e3o publicada nesta p\u00e1gina, no momento em que o utilizador aceda ao mesmo.<\/p>\n<p>Estas CONDI\u00c7\u00d5ES GERAIS DE UTILIZA\u00c7\u00c3O podem ser alteradas a fim de as adaptar \u00e0 legisla\u00e7\u00e3o aplic\u00e1vel em vigor em qualquer momento, pelo que os utilizadores devem ler atentamente este aviso legal cada vez que utilizarem o s\u00edtio web backlitstone.es<\/p>\n<p>Se n\u00e3o concordar com eles, por favor n\u00e3o utilize backlitstone.es<\/p>\n<\/div><style type=\"text\/css\">@media only screen and (max-width:1250px) {.fusion-title.fusion-title-2{margin-top:10px!important; margin-right:0px!important;margin-bottom:15px!important;margin-left:0px!important;}}@media only screen and (max-width:800px) {.fusion-title.fusion-title-2{margin-top:10px!important; margin-right:0px!important;margin-bottom:10px!important; margin-left:0px!important;}}<\/style><div class=\"fusion-title title fusion-title-2 fusion-sep-none fusion-title-text fusion-title-size-one\" style=\"font-size:18px;margin-top:10px;margin-right:0px;margin-bottom:15px;margin-left:0px;\"><h1 class=\"title-heading-left\" style=\"font-family:&quot;Raleway&quot;;font-weight:600;margin:0;font-size:1em;text-transform:capitalize;color:#000000;\"><strong>1.\u00a0<\/strong><b>Detalhes da empresa<\/b><b><\/b><\/h1><\/div><div class=\"fusion-text fusion-text-2 fusion-text-no-margin\" style=\"text-align:left;font-size:16px;line-height:1.7;letter-spacing:0px;text-transform:var(--awb-typography4-text-transform);color:#303030;font-family:&quot;Raleway&quot;;font-weight:300;\"><p>O propriet\u00e1rio de www.backlitstone.es \u00e9 ALUALCO ALUMINUM SYSTEMS, S.L.U. com n\u00famero de IVA B-42574582 e sede social na Calle Rio Segura 27 Nave 03320 Torrellano Alicante.<\/p>\n<p><strong>Backlitstone.es<\/strong> para al\u00e9m deste site tem um ponto de venda a retalho:<\/p>\n<ul>\n<li>ALUALCO ALUMINUM SYSTEMS, S.L.U. na Calle Rio Segura, 27 Nave 03320 Torrellano (Alicante) Tel. 966447753<\/li>\n<\/ul>\n<p>Se desejar saber mais sobre a nossa loja, contacte-nos atrav\u00e9s do seguinte endere\u00e7o electr\u00f3nico:<strong> info@backlitstone.es<\/strong> e teremos todo o prazer em fornecer-lhe toda a informa\u00e7\u00e3o de que necessita.<\/p>\n<p><strong>Se necessitar de informa\u00e7\u00f5es ou ajuda relativamente a produtos, encomendas, envios, devolu\u00e7\u00f5es, etc., pode contactar-nos por escrito para o endere\u00e7o de correio electr\u00f3nico info@backlitstone.es<\/strong><\/p>\n<\/div><style type=\"text\/css\">@media only screen and (max-width:1250px) {.fusion-title.fusion-title-3{margin-top:10px!important; margin-right:0px!important;margin-bottom:15px!important;margin-left:0px!important;}}@media only screen and (max-width:800px) {.fusion-title.fusion-title-3{margin-top:10px!important; margin-right:0px!important;margin-bottom:10px!important; margin-left:0px!important;}}<\/style><div class=\"fusion-title title fusion-title-3 fusion-sep-none fusion-title-text fusion-title-size-one\" style=\"font-size:18px;margin-top:10px;margin-right:0px;margin-bottom:15px;margin-left:0px;\"><h1 class=\"title-heading-left\" style=\"font-family:&quot;Raleway&quot;;font-weight:600;margin:0;font-size:1em;text-transform:capitalize;color:#000000;\"><strong>2. Pre\u00e7os do website<\/strong><\/h1><\/div><div class=\"fusion-text fusion-text-3 fusion-text-no-margin\" style=\"text-align:left;font-size:16px;line-height:1.7;letter-spacing:0px;text-transform:var(--awb-typography4-text-transform);color:#303030;font-family:&quot;Raleway&quot;;font-weight:300;\"><p>Os pre\u00e7os indicados no backlitstone.co.uk para os pa\u00edses da Uni\u00e3o Europeia j\u00e1 incluem o IVA que poder\u00e1 ser aplic\u00e1vel, pelo que n\u00e3o ter\u00e1 qualquer sobretaxa adicional.<\/p>\n<\/div><style type=\"text\/css\">@media only screen and (max-width:1250px) {.fusion-title.fusion-title-4{margin-top:10px!important; margin-right:0px!important;margin-bottom:15px!important;margin-left:0px!important;}}@media only screen and (max-width:800px) {.fusion-title.fusion-title-4{margin-top:10px!important; margin-right:0px!important;margin-bottom:10px!important; margin-left:0px!important;}}<\/style><div class=\"fusion-title title fusion-title-4 fusion-sep-none fusion-title-text fusion-title-size-one\" style=\"font-size:18px;margin-top:10px;margin-right:0px;margin-bottom:15px;margin-left:0px;\"><h1 class=\"title-heading-left\" style=\"font-family:&quot;Raleway&quot;;font-weight:600;margin:0;font-size:1em;text-transform:capitalize;color:#000000;\"><strong>3.\u00a0<\/strong><strong>Direitos de propriedade intelectual do s\u00edtio web<\/strong><\/h1><\/div><div class=\"fusion-text fusion-text-4 fusion-text-no-margin\" style=\"text-align:left;font-size:16px;line-height:1.7;letter-spacing:0px;text-transform:var(--awb-typography4-text-transform);color:#303030;font-family:&quot;Raleway&quot;;font-weight:300;\"><p>O utilizador reconhece e aceita que todos os direitos de propriedade intelectual do conte\u00fado deste website, o seu design gr\u00e1fico, textos, imagens e c\u00f3digos fonte s\u00e3o propriedade exclusiva do backlitstone.es, e n\u00f3s temos direitos exclusivos para os explorar. A sua reprodu\u00e7\u00e3o, distribui\u00e7\u00e3o, comunica\u00e7\u00e3o p\u00fablica e transforma\u00e7\u00e3o, no todo ou em parte, \u00e9 proibida sem a autoriza\u00e7\u00e3o expressa de info@backlitstone.es. Da mesma forma, todos os nomes comerciais, marcas registadas ou sinais distintivos de qualquer tipo contidos neste s\u00edtio web est\u00e3o protegidos por lei.<\/p>\n<\/div><style type=\"text\/css\">@media only screen and (max-width:1250px) {.fusion-title.fusion-title-5{margin-top:10px!important; margin-right:0px!important;margin-bottom:15px!important;margin-left:0px!important;}}@media only screen and (max-width:800px) {.fusion-title.fusion-title-5{margin-top:10px!important; margin-right:0px!important;margin-bottom:10px!important; margin-left:0px!important;}}<\/style><div class=\"fusion-title title fusion-title-5 fusion-sep-none fusion-title-text fusion-title-size-one\" style=\"font-size:18px;margin-top:10px;margin-right:0px;margin-bottom:15px;margin-left:0px;\"><h1 class=\"title-heading-left\" style=\"font-family:&quot;Raleway&quot;;font-weight:600;margin:0;font-size:1em;text-transform:capitalize;color:#000000;\"><p><strong>4.\u00a0<\/strong><b>Limita\u00e7\u00e3o da responsabilidade<\/b><\/p>\n<ul>\n<li>4.1\u00a0<strong>Conte\u00fado da Web<\/strong><\/li>\n<\/ul><\/h1><\/div><div class=\"fusion-text fusion-text-5 fusion-text-no-margin\" style=\"text-align:left;font-size:16px;line-height:1.7;letter-spacing:0px;text-transform:var(--awb-typography4-text-transform);color:#303030;font-family:&quot;Raleway&quot;;font-weight:300;\"><p>No backlitstone.es n\u00e3o somos respons\u00e1veis pelo uso indevido do conte\u00fado do nosso s\u00edtio web, sendo da exclusiva responsabilidade da pessoa que acede ou utiliza o mesmo.<\/p>\n<p>Tamb\u00e9m nos isentamos de qualquer responsabilidade por qualquer perda ou dano que possa sofrer como resultado de erros, defeitos ou omiss\u00f5es nas informa\u00e7\u00f5es por n\u00f3s fornecidas quando estas prov\u00eam de fontes externas.<\/p>\n<\/div><style type=\"text\/css\">@media only screen and (max-width:1250px) {.fusion-title.fusion-title-6{margin-top:10px!important; margin-right:0px!important;margin-bottom:15px!important;margin-left:0px!important;}}@media only screen and (max-width:800px) {.fusion-title.fusion-title-6{margin-top:10px!important; margin-right:0px!important;margin-bottom:10px!important; margin-left:0px!important;}}<\/style><div class=\"fusion-title title fusion-title-6 fusion-sep-none fusion-title-text fusion-title-size-one\" style=\"font-size:18px;margin-top:10px;margin-right:0px;margin-bottom:15px;margin-left:0px;\"><h1 class=\"title-heading-left\" style=\"font-family:&quot;Raleway&quot;;font-weight:600;margin:0;font-size:1em;text-transform:capitalize;color:#000000;\"><ul>\n<li>4.2\u00a0<strong>Liga\u00e7\u00f5es a outros s\u00edtios Web<\/strong><\/li>\n<\/ul><\/h1><\/div><div class=\"fusion-text fusion-text-6 fusion-text-no-margin\" style=\"text-align:left;font-size:16px;line-height:1.7;letter-spacing:0px;text-transform:var(--awb-typography4-text-transform);color:#303030;font-family:&quot;Raleway&quot;;font-weight:300;\"><p>Backlitstone.es inclui links no website para websites de terceiros, geralmente para as diferentes marcas dos nossos produtos. Estas s\u00e3o liga\u00e7\u00f5es oficiais e, portanto, seguras. No entanto, o backlitstone.pt n\u00e3o pode de forma alguma ser responsabilizado pelo conte\u00fado destes websites ou pelas medidas que tomarem relativamente \u00e0 sua privacidade ou ao processamento dos seus dados pessoais.<\/p>\n<\/div><style type=\"text\/css\">@media only screen and (max-width:1250px) {.fusion-title.fusion-title-7{margin-top:10px!important; margin-right:0px!important;margin-bottom:15px!important;margin-left:0px!important;}}@media only screen and (max-width:800px) {.fusion-title.fusion-title-7{margin-top:10px!important; margin-right:0px!important;margin-bottom:10px!important; margin-left:0px!important;}}<\/style><div class=\"fusion-title title fusion-title-7 fusion-sep-none fusion-title-text fusion-title-size-one\" style=\"font-size:18px;margin-top:10px;margin-right:0px;margin-bottom:15px;margin-left:0px;\"><h1 class=\"title-heading-left\" style=\"font-family:&quot;Raleway&quot;;font-weight:600;margin:0;font-size:1em;text-transform:capitalize;color:#000000;\"><ul>\n<li>4.3\u00a0<strong>Liga\u00e7\u00f5es de outros s\u00edtios Web<\/strong><\/li>\n<\/ul><\/h1><\/div><div class=\"fusion-text fusion-text-7 fusion-text-no-margin\" style=\"text-align:left;font-size:16px;line-height:1.7;letter-spacing:0px;text-transform:var(--awb-typography4-text-transform);color:#303030;font-family:&quot;Raleway&quot;;font-weight:300;\"><p>O estabelecimento de uma liga\u00e7\u00e3o n\u00e3o implica necessariamente a exist\u00eancia de uma rela\u00e7\u00e3o entre o backlitstone.es e o propriet\u00e1rio do website onde a liga\u00e7\u00e3o \u00e9 estabelecida, nem a aceita\u00e7\u00e3o e aprova\u00e7\u00e3o pelo backlitstone.es do seu conte\u00fado ou servi\u00e7os.<\/p>\n<p>Backlitstone.es n\u00e3o pode de forma alguma ser responsabilizado pelo conte\u00fado destes websites ou pelas medidas que tomam relativamente \u00e0 sua privacidade ou ao processamento dos seus dados pessoais.<\/p>\n<\/div><style type=\"text\/css\">@media only screen and (max-width:1250px) {.fusion-title.fusion-title-8{margin-top:10px!important; margin-right:0px!important;margin-bottom:15px!important;margin-left:0px!important;}}@media only screen and (max-width:800px) {.fusion-title.fusion-title-8{margin-top:10px!important; margin-right:0px!important;margin-bottom:10px!important; margin-left:0px!important;}}<\/style><div class=\"fusion-title title fusion-title-8 fusion-sep-none fusion-title-text fusion-title-size-one\" style=\"font-size:18px;margin-top:10px;margin-right:0px;margin-bottom:15px;margin-left:0px;\"><h1 class=\"title-heading-left\" style=\"font-family:&quot;Raleway&quot;;font-weight:600;margin:0;font-size:1em;text-transform:capitalize;color:#000000;\"><ul>\n<li>4.4\u00a0<strong>Utiliza\u00e7\u00e3o dos nossos produtos<\/strong><\/li>\n<\/ul><\/h1><\/div><div class=\"fusion-text fusion-text-8 fusion-text-no-margin\" style=\"text-align:left;font-size:16px;line-height:1.7;letter-spacing:0px;text-transform:var(--awb-typography4-text-transform);color:#303030;font-family:&quot;Raleway&quot;;font-weight:300;\"><p>Em backlitstone.es n\u00e3o somos respons\u00e1veis pela m\u00e1 utiliza\u00e7\u00e3o dos produtos adquiridos atrav\u00e9s do nosso website, sendo a responsabilidade exclusiva da pessoa que os adquire.<\/p>\n<\/div><style type=\"text\/css\">@media only screen and (max-width:1250px) {.fusion-title.fusion-title-9{margin-top:10px!important; margin-right:0px!important;margin-bottom:15px!important;margin-left:0px!important;}}@media only screen and (max-width:800px) {.fusion-title.fusion-title-9{margin-top:10px!important; margin-right:0px!important;margin-bottom:10px!important; margin-left:0px!important;}}<\/style><div class=\"fusion-title title fusion-title-9 fusion-sep-none fusion-title-text fusion-title-size-one\" style=\"font-size:18px;margin-top:10px;margin-right:0px;margin-bottom:15px;margin-left:0px;\"><h1 class=\"title-heading-left\" style=\"font-family:&quot;Raleway&quot;;font-weight:600;margin:0;font-size:1em;text-transform:capitalize;color:#000000;\"><ul>\n<li>4.5\u00a0<strong>Actualiza\u00e7\u00e3o e modifica\u00e7\u00e3o do website<\/strong><\/li>\n<\/ul><\/h1><\/div><div class=\"fusion-text fusion-text-9 fusion-text-no-margin\" style=\"text-align:left;font-size:16px;line-height:1.7;letter-spacing:0px;text-transform:var(--awb-typography4-text-transform);color:#303030;font-family:&quot;Raleway&quot;;font-weight:300;\"><p>O Backlitstone.es reserva-se o direito de actualizar, modificar ou apagar a informa\u00e7\u00e3o contida no seu website e a configura\u00e7\u00e3o ou apresenta\u00e7\u00e3o da mesma, em qualquer altura, sem aviso pr\u00e9vio, e sem assumir qualquer responsabilidade pela mesma.<\/p>\n<\/div><style type=\"text\/css\">@media only screen and (max-width:1250px) {.fusion-title.fusion-title-10{margin-top:10px!important; margin-right:0px!important;margin-bottom:15px!important;margin-left:0px!important;}}@media only screen and (max-width:800px) {.fusion-title.fusion-title-10{margin-top:10px!important; margin-right:0px!important;margin-bottom:10px!important; margin-left:0px!important;}}<\/style><div class=\"fusion-title title fusion-title-10 fusion-sep-none fusion-title-text fusion-title-size-one\" style=\"font-size:18px;margin-top:10px;margin-right:0px;margin-bottom:15px;margin-left:0px;\"><h1 class=\"title-heading-left\" style=\"font-family:&quot;Raleway&quot;;font-weight:600;margin:0;font-size:1em;text-transform:capitalize;color:#000000;\"><ul>\n<li>4.6\u00a0<strong>Notas sobre aspectos t\u00e9cnicos<\/strong><\/li>\n<\/ul><\/h1><\/div><div class=\"fusion-text fusion-text-10 fusion-text-no-margin\" style=\"text-align:left;font-size:16px;line-height:1.7;letter-spacing:0px;text-transform:var(--awb-typography4-text-transform);color:#303030;font-family:&quot;Raleway&quot;;font-weight:300;\"><p>No backlitstone.es n\u00e3o assumimos qualquer responsabilidade que possa surgir de problemas t\u00e9cnicos ou falhas no equipamento inform\u00e1tico, n\u00e3o imput\u00e1veis \u00e0 nossa Empresa, que ocorram durante a liga\u00e7\u00e3o \u00e0 Internet, bem como danos que possam ser causados por terceiros atrav\u00e9s de interfer\u00eancia ilegal para al\u00e9m do controlo do backlitstone.es.<\/p>\n<\/div><style type=\"text\/css\">@media only screen and (max-width:1250px) {.fusion-title.fusion-title-11{margin-top:10px!important; margin-right:0px!important;margin-bottom:15px!important;margin-left:0px!important;}}@media only screen and (max-width:800px) {.fusion-title.fusion-title-11{margin-top:10px!important; margin-right:0px!important;margin-bottom:10px!important; margin-left:0px!important;}}<\/style><div class=\"fusion-title title fusion-title-11 fusion-sep-none fusion-title-text fusion-title-size-one\" style=\"font-size:18px;margin-top:10px;margin-right:0px;margin-bottom:15px;margin-left:0px;\"><h1 class=\"title-heading-left\" style=\"font-family:&quot;Raleway&quot;;font-weight:600;margin:0;font-size:1em;text-transform:capitalize;color:#000000;\"><strong>5.\u00a0<\/strong><strong>Usu\u00e1rios<\/strong><\/h1><\/div><div class=\"fusion-text fusion-text-11 fusion-text-no-margin\" style=\"text-align:left;font-size:16px;line-height:1.7;letter-spacing:0px;text-transform:var(--awb-typography4-text-transform);color:#303030;font-family:&quot;Raleway&quot;;font-weight:300;\"><p>O utilizador compromete-se a utilizar o site em conformidade com a lei e a moral, e a n\u00e3o o utilizar para actividades il\u00edcitas ou criminosas, nem a infringir os direitos de terceiros. Por sua vez, o utilizador compromete-se a introduzir dados verdadeiros.<\/p>\n<p>N\u00e3o obstante o precedente, o backlitstone.es reserva-se o direito, a seu exclusivo crit\u00e9rio e em quaisquer circunst\u00e2ncias, de cancelar, remover ou proibir a utiliza\u00e7\u00e3o de qualquer ou todos os servi\u00e7os do site a qualquer um dos seus utilizadores, devido \u00e0 utiliza\u00e7\u00e3o incorrecta ou impr\u00f3pria dos mesmos, conforme detalhado nestas condi\u00e7\u00f5es gerais ou nas condi\u00e7\u00f5es particulares de cada servi\u00e7o.<\/p>\n<p>O utilizador garante que os dados pessoais fornecidos ao backlitstone.es s\u00e3o verdadeiros e \u00e9 respons\u00e1vel pela comunica\u00e7\u00e3o de quaisquer altera\u00e7\u00f5es neles introduzidas.<\/p>\n<p>O utilizador ser\u00e1 o \u00fanico respons\u00e1vel por qualquer perda ou dano, directo ou indirecto, que possa ser causado ao backlitstone.es ou a terceiros devido ao preenchimento dos formul\u00e1rios com dados falsos, imprecisos, incompletos ou desactualizados. O utilizador n\u00e3o incluir\u00e1 dados pessoais de terceiros sem o seu pr\u00e9vio consentimento informado das disposi\u00e7\u00f5es da presente pol\u00edtica de privacidade, sendo o \u00fanico respons\u00e1vel pela sua inclus\u00e3o.<\/p>\n<\/div><\/div><style type=\"text\/css\">.fusion-body .fusion-builder-column-0{width:100% !important;margin-top : 0px;margin-bottom : 20px;}.fusion-builder-column-0 > .fusion-column-wrapper {padding-top : 0px !important;padding-right : 0px !important;margin-right : 2.88%;padding-bottom : 0px !important;padding-left : 0px !important;margin-left : 1.92%;}@media only screen and (max-width:1250px) {.fusion-body .fusion-builder-column-0{width:50% !important;order : 0;}.fusion-builder-column-0 > .fusion-column-wrapper {margin-right : 5.76%;margin-left : 3.84%;}}@media only screen and (max-width:800px) {.fusion-body .fusion-builder-column-0{width:100% !important;order : 0;margin-bottom : 30px;}.fusion-builder-column-0 > .fusion-column-wrapper {margin-right : 1.92%;margin-left : 3.84%;}}<\/style><\/div><\/div><style type=\"text\/css\">.fusion-fullwidth.fusion-builder-row-1 a:not(.awb-custom-text-color):not(.fusion-button):not(.fusion-builder-module-control):not(.fusion-social-network-icon):not(.fb-icon-element):not(.fusion-countdown-link):not(.fusion-rollover-link):not(.fusion-rollover-gallery):not(.fusion-button-bar):not(.add_to_cart_button):not(.show_details_button):not(.product_type_external):not(.fusion-view-cart):not(.fusion-quick-view):not(.fusion-rollover-title-link):not(.fusion-breadcrumb-link) , .fusion-fullwidth.fusion-builder-row-1 a:not(.awb-custom-text-color):not(.fusion-button):not(.fusion-builder-module-control):not(.fusion-social-network-icon):not(.fb-icon-element):not(.fusion-countdown-link):not(.fusion-rollover-link):not(.fusion-rollover-gallery):not(.fusion-button-bar):not(.add_to_cart_button):not(.show_details_button):not(.product_type_external):not(.fusion-view-cart):not(.fusion-quick-view):not(.fusion-rollover-title-link):not(.fusion-breadcrumb-link):before, .fusion-fullwidth.fusion-builder-row-1 a:not(.awb-custom-text-color):not(.fusion-button):not(.fusion-builder-module-control):not(.fusion-social-network-icon):not(.fb-icon-element):not(.fusion-countdown-link):not(.fusion-rollover-link):not(.fusion-rollover-gallery):not(.fusion-button-bar):not(.add_to_cart_button):not(.show_details_button):not(.product_type_external):not(.fusion-view-cart):not(.fusion-quick-view):not(.fusion-rollover-title-link):not(.fusion-breadcrumb-link):after {color: #ffffff;}.fusion-body .fusion-flex-container.fusion-builder-row-1{ padding-top : 90px;margin-top : 0px;padding-right : 6vw;padding-bottom : 90px;margin-bottom : 0px;padding-left : 6vw;}@media only screen and (max-width:1250px) {.fusion-body .fusion-flex-container.fusion-builder-row-1{ padding-top : 60px;padding-bottom : 60px;}}@media only screen and (max-width:800px) {.fusion-body .fusion-flex-container.fusion-builder-row-1{ padding-top : 30px;padding-right : 30px;padding-bottom : 30px;padding-left : 30px;}}<\/style><\/div>\n","protected":false},"excerpt":{"rendered":"","protected":false},"author":1,"featured_media":0,"parent":0,"menu_order":0,"comment_status":"closed","ping_status":"closed","template":"100-width.php","meta":[],"_links":{"self":[{"href":"https:\/\/backlitstone.es\/pt-pt\/wp-json\/wp\/v2\/pages\/8299"}],"collection":[{"href":"https:\/\/backlitstone.es\/pt-pt\/wp-json\/wp\/v2\/pages"}],"about":[{"href":"https:\/\/backlitstone.es\/pt-pt\/wp-json\/wp\/v2\/types\/page"}],"author":[{"embeddable":true,"href":"https:\/\/backlitstone.es\/pt-pt\/wp-json\/wp\/v2\/users\/1"}],"replies":[{"embeddable":true,"href":"https:\/\/backlitstone.es\/pt-pt\/wp-json\/wp\/v2\/comments?post=8299"}],"version-history":[{"count":2,"href":"https:\/\/backlitstone.es\/pt-pt\/wp-json\/wp\/v2\/pages\/8299\/revisions"}],"predecessor-version":[{"id":8301,"href":"https:\/\/backlitstone.es\/pt-pt\/wp-json\/wp\/v2\/pages\/8299\/revisions\/8301"}],"wp:attachment":[{"href":"https:\/\/backlitstone.es\/pt-pt\/wp-json\/wp\/v2\/media?parent=8299"}],"curies":[{"name":"wp","href":"https:\/\/api.w.org\/{rel}","templated":true}]}}